{"id":3696,"date":"2021-11-17T12:25:35","date_gmt":"2021-11-17T11:25:35","guid":{"rendered":"http:\/\/w5.mesec.si\/usluge\/montaza-servis-in-vzdrzevanje\/"},"modified":"2022-01-03T14:12:49","modified_gmt":"2022-01-03T13:12:49","slug":"montaza-i-servisno-odrzavanje","status":"publish","type":"page","link":"https:\/\/mesec.si\/hr\/usluge\/montaza-i-servisno-odrzavanje\/","title":{"rendered":"Monta\u017ea i servisno odr\u017eavanje"},"content":{"rendered":"<div class=\"wpb-content-wrapper\"><p>[vc_section][vc_row][vc_column][vc_column_text]<\/p>\n<h1 style=\"text-align: center;\">Monta\u017ea i servisno odr\u017eavanje<\/h1>\n<p>[\/vc_column_text][vc_separator el_width=&#8221;30&#8243;]<div class=\"cz_gap clr  hide_on_mobile\" style=\"height: 50px\"><\/div><div class=\"cz_gap show_on_mobile clr\" style=\"height: 15px\"><\/div>[\/vc_column][\/vc_row][\/vc_section][vc_section][vc_row][vc_column][vc_column_text]<\/p>\n<h3 style=\"text-align: center;\">Kvalitetna monta\u017ea i servisno odr\u017eavanje ure\u0111aja te sustava, jedna je od na\u0161ih prioritetnih zada\u0107a.<\/h3>\n<p>[\/vc_column_text][\/vc_column][\/vc_row][vc_row][vc_column]<div class=\"cz_gap clr \" style=\"height: 50px\"><\/div>[vc_separator]<div class=\"cz_gap clr \" style=\"height: 50px\"><\/div>[\/vc_column][\/vc_row][vc_row][vc_column width=&#8221;2\/3&#8243;][vc_column_text]Pri kupnji bilokojeg proizvoda odnosno sustava u na\u0161em poduze\u0107u, nudimo vam mogu\u0107nost monta\u017ee koju izvodi na\u0161a stru\u010dno osposobljena ekipa montera.<\/p>\n<p>U slu\u010daju kada se radi o manje zahtjevnom sustavu ili se odlu\u010dite za vlastitu monta\u017eu, nudimo vam stru\u010dnu pomo\u0107 i mogu\u0107nost osposobljavanja za monta\u017eu odre\u0111enog sustava. Osposobljavanja obuhva\u0107aju tako teorijski kako i prakti\u010dni dio. Za postizanjem najvi\u0161eg zadovoljstva svojih stranaka i partnera nudimo vrhunsku tehni\u010dku potporu i savjetovanje te servis i odr\u017eavanje sustava za filtriranje, dezinfekciju i omek\u0161avanje vode.[\/vc_column_text][\/vc_column][vc_column width=&#8221;1\/3&#8243;]<div class=\"cz_gap clr \" style=\"height: 10px\"><\/div><div id=\"cz_57270\" data-position=\"top-right\" class=\"cz_57270 cz_image clr cz_image_no_fx center_on_mobile\"><div class=\"\" ><div class=\"cz_image_in\"><div class=\"cz_main_image\"><img decoding=\"async\" width=\"398\" height=\"238\" data-src=\"https:\/\/mesec.si\/wp-content\/smush-avif\/2021\/11\/mesec_strokovne_montaze.jpg.avif\" class=\"attachment-full lazyload\" alt=\"Servis in vzdr\u017eevanje vodnih sistemov\" title=\"mesec_strokovne_montaze\" data-srcset=\"https:\/\/mesec.si\/wp-content\/smush-avif\/2021\/11\/mesec_strokovne_montaze.jpg.avif 398w, https:\/\/mesec.si\/wp-content\/smush-avif\/2021\/11\/mesec_strokovne_montaze-300x179.jpg.avif 300w\" data-sizes=\"(max-width: 398px) 100vw, 398px\" src=\"data:image\/svg+xml;base64,PHN2ZyB3aWR0aD0iMSIgaGVpZ2h0PSIxIiB4bWxucz0iaHR0cDovL3d3dy53My5vcmcvMjAwMC9zdmciPjwvc3ZnPg==\" style=\"--smush-placeholder-width: 398px; --smush-placeholder-aspect-ratio: 398\/238;\" data-smush-avif-fallback=\"{&quot;data-src&quot;:&quot;https:\\\/\\\/mesec.si\\\/wp-content\\\/uploads\\\/2021\\\/11\\\/mesec_strokovne_montaze.jpg&quot;,&quot;data-srcset&quot;:&quot;https:\\\/\\\/mesec.si\\\/wp-content\\\/uploads\\\/2021\\\/11\\\/mesec_strokovne_montaze.jpg 398w, https:\\\/\\\/mesec.si\\\/wp-content\\\/uploads\\\/2021\\\/11\\\/mesec_strokovne_montaze-300x179.jpg 300w&quot;}\" \/><\/div><\/div><\/div><\/div><div class=\"cz_gap clr  hide_on_mobile\" style=\"height: 0px\"><\/div><div class=\"cz_gap show_on_mobile clr\" style=\"height: 25px\"><\/div>[\/vc_column][\/vc_row][vc_row][vc_column][vc_column_text]Servisnu djelatnost izvodimo s kvalitetnim servisnim centrom na sjedi\u0161tu poduze\u0107a te brzim i pouzdanim terenskim servisnim uslugama. Nudimo stru\u010dnu pomo\u010d pri monta\u017ei opreme kao koordinator izme\u0111u stranke i razli\u010ditim vanjskim izvodiocima, nudimo transparentnost i korektnost u uvo\u0111enju, odr\u017eavanju i nadogradnji sustava.<\/p>\n<p>Ako sa sada\u0161njim ponu\u0111a\u0107em servisnih usluga niste zadovoljni, ako trebate pouzdanog partnera koji \u0107e se brinuti za neometan rad va\u0161e opreme za obradu vode, nazovite nas. Na va\u0161u \u017eelju \u0107emo vas posjetiti, besplatno pregledati postoje\u0107e stanje va\u0161e opreme te izraditi preporuku za servisno odr\u017eavanje.<\/p>\n<p>Predstavit \u0107emo vam uslugu ugovornog odr\u017eavanja, koje vam jam\u010di brz odaziv, godi\u0161nji preventivni pregled, savjetovanje za nadogradnju, popust na rezervne dijelove te racijonalizaciju tro\u0161kova povezanih s opremom za obradu vode.<\/p>\n<p>Serviseri MESEC d.o.o. su visoko stru\u010dno osposobljeni, stalno se osposobljavaju i tako zadr\u017eavaju nivo znanja i vje\u0161tine sukladno s razvojem tehnologija.[\/vc_column_text][\/vc_column][\/vc_row][vc_row][vc_column]<div id=\"cz_28477\" data-position=\"top-right\" class=\"cz_28477 cz_image clr cz_image_no_fx center_on_mobile\"><div class=\"\" ><div class=\"cz_image_in\"><div class=\"cz_main_image\"><img decoding=\"async\" width=\"1148\" height=\"425\" data-src=\"https:\/\/mesec.si\/wp-content\/smush-avif\/2021\/11\/mesec_strokovne_montaze1-1.jpg.avif\" class=\"attachment-full lazyload\" alt=\"Strokovne monta\u017ee - Mesec d.o.o.\" title=\"mesec_strokovne_montaze1-1\" data-srcset=\"https:\/\/mesec.si\/wp-content\/smush-avif\/2021\/11\/mesec_strokovne_montaze1-1.jpg.avif 1148w, https:\/\/mesec.si\/wp-content\/smush-avif\/2021\/11\/mesec_strokovne_montaze1-1-300x111.jpg.avif 300w, https:\/\/mesec.si\/wp-content\/smush-avif\/2021\/11\/mesec_strokovne_montaze1-1-1024x379.jpg.avif 1024w, https:\/\/mesec.si\/wp-content\/smush-avif\/2021\/11\/mesec_strokovne_montaze1-1-768x284.jpg.avif 768w, https:\/\/mesec.si\/wp-content\/smush-avif\/2021\/11\/mesec_strokovne_montaze1-1-600x222.jpg.avif 600w\" data-sizes=\"(max-width: 1148px) 100vw, 1148px\" src=\"data:image\/svg+xml;base64,PHN2ZyB3aWR0aD0iMSIgaGVpZ2h0PSIxIiB4bWxucz0iaHR0cDovL3d3dy53My5vcmcvMjAwMC9zdmciPjwvc3ZnPg==\" style=\"--smush-placeholder-width: 1148px; --smush-placeholder-aspect-ratio: 1148\/425;\" data-smush-avif-fallback=\"{&quot;data-src&quot;:&quot;https:\\\/\\\/mesec.si\\\/wp-content\\\/uploads\\\/2021\\\/11\\\/mesec_strokovne_montaze1-1.jpg&quot;,&quot;data-srcset&quot;:&quot;https:\\\/\\\/mesec.si\\\/wp-content\\\/uploads\\\/2021\\\/11\\\/mesec_strokovne_montaze1-1.jpg 1148w, https:\\\/\\\/mesec.si\\\/wp-content\\\/uploads\\\/2021\\\/11\\\/mesec_strokovne_montaze1-1-300x111.jpg 300w, https:\\\/\\\/mesec.si\\\/wp-content\\\/uploads\\\/2021\\\/11\\\/mesec_strokovne_montaze1-1-1024x379.jpg 1024w, https:\\\/\\\/mesec.si\\\/wp-content\\\/uploads\\\/2021\\\/11\\\/mesec_strokovne_montaze1-1-768x284.jpg 768w, https:\\\/\\\/mesec.si\\\/wp-content\\\/uploads\\\/2021\\\/11\\\/mesec_strokovne_montaze1-1-600x222.jpg 600w&quot;}\" \/><\/div><\/div><\/div><\/div>[\/vc_column][\/vc_row][\/vc_section]<\/p>\n<\/div>","protected":false},"excerpt":{"rendered":"<p>[vc_section][vc_row][vc_column][vc_column_text] Monta\u017ea i servisno odr\u017eavanje [\/vc_column_text][vc_separator el_width=&#8221;30&#8243;][\/vc_column][\/vc_row][\/vc_section][vc_section][vc_row][vc_column][vc_column_text] Kvalitetna monta\u017ea i servisno &#8230; <\/p>\n","protected":false},"author":2,"featured_media":3097,"parent":3688,"menu_order":0,"comment_status":"closed","ping_status":"closed","template":"","meta":{"footnotes":""},"class_list":["post-3696","page","type-page","status-publish","has-post-thumbnail","hentry"],"_links":{"self":[{"href":"https:\/\/mesec.si\/hr\/wp-json\/wp\/v2\/pages\/3696","targetHints":{"allow":["GET"]}}],"collection":[{"href":"https:\/\/mesec.si\/hr\/wp-json\/wp\/v2\/pages"}],"about":[{"href":"https:\/\/mesec.si\/hr\/wp-json\/wp\/v2\/types\/page"}],"author":[{"embeddable":true,"href":"https:\/\/mesec.si\/hr\/wp-json\/wp\/v2\/users\/2"}],"replies":[{"embeddable":true,"href":"https:\/\/mesec.si\/hr\/wp-json\/wp\/v2\/comments?post=3696"}],"version-history":[{"count":0,"href":"https:\/\/mesec.si\/hr\/wp-json\/wp\/v2\/pages\/3696\/revisions"}],"up":[{"embeddable":true,"href":"https:\/\/mesec.si\/hr\/wp-json\/wp\/v2\/pages\/3688"}],"wp:featuredmedia":[{"embeddable":true,"href":"https:\/\/mesec.si\/hr\/wp-json\/wp\/v2\/media\/3097"}],"wp:attachment":[{"href":"https:\/\/mesec.si\/hr\/wp-json\/wp\/v2\/media?parent=3696"}],"curies":[{"name":"wp","href":"https:\/\/api.w.org\/{rel}","templated":true}]}}