{"id":3683,"date":"2021-11-17T12:11:24","date_gmt":"2021-11-17T11:11:24","guid":{"rendered":"http:\/\/w5.mesec.si\/industrijski-sustavi\/dozirni-sistemi\/"},"modified":"2022-01-03T13:34:06","modified_gmt":"2022-01-03T12:34:06","slug":"sustavi-doziranja","status":"publish","type":"page","link":"https:\/\/mesec.si\/hr\/industrijski-sustavi\/sustavi-doziranja\/","title":{"rendered":"Sustavi doziranja"},"content":{"rendered":"<div class=\"wpb-content-wrapper\"><p>[vc_section][vc_row][vc_column][vc_column_text]<\/p>\n<h1 style=\"text-align: center;\">Sustavi doziranja<\/h1>\n<p>[\/vc_column_text][vc_separator el_width=&#8221;30&#8243;]<div class=\"cz_gap clr  hide_on_mobile\" style=\"height: 50px\"><\/div><div class=\"cz_gap show_on_mobile clr\" style=\"height: 15px\"><\/div>[\/vc_column][\/vc_row][\/vc_section][vc_section][vc_row][vc_column][vc_column_text]<\/p>\n<h2>Sustavi su namijenjeni za doziranje koagulanata, flokulanata, dezinfekcijskih sredstava, sredstava za korekciju pH, sredstava za neutralizaciju vodenog kamenca i korozije, oksidacije i redukcije.<\/h2>\n<p>[\/vc_column_text][\/vc_column][\/vc_row][vc_row][vc_column]<div class=\"cz_gap clr \" style=\"height: 50px\"><\/div>[vc_separator]<div class=\"cz_gap clr \" style=\"height: 50px\"><\/div>[\/vc_column][\/vc_row][vc_row][vc_column][vc_column_text]MESEC Aqua Dos sustave upotrebljavamo za to\u010dno doziranje razli\u010ditih kemijskih sredstava. S sredstvom ACQUASIL 510 dobijemo primjerenu za\u0161titu grija\u0107ih tijela, izmjenjiva\u0107a, bojlera. Sustav omogu\u0107uje proporcionalno doziranje s pomo\u0107u kontaktnog vodomjera i specifi\u010dne kalibracije. Svi materijali, koji su u dodiru s kemijskim sredstvima, su izra\u0111eni od PVDF. Mogu\u0107a je i izvedba s samo odzra\u010duju\u0107im gornjim dijelom\/glavom za doziranje oksidativnih i dezinfekcijskih sredstava.[\/vc_column_text][\/vc_column][\/vc_row][vc_row][vc_column width=&#8221;1\/3&#8243;]<div id=\"cz_66033\" data-position=\"top-right\" class=\"cz_66033 cz_image clr cz_image_no_fx center_on_mobile\"><div class=\"\" ><div class=\"cz_image_in\"><div class=\"cz_main_image\"><img decoding=\"async\" width=\"185\" height=\"264\" data-src=\"https:\/\/mesec.si\/wp-content\/smush-avif\/2021\/11\/aqua_dos_1.jpg.avif\" class=\"attachment-full lazyload\" alt=\"AquaDos dozirna \u010drpalka\" title=\"aqua_dos_1\" src=\"data:image\/svg+xml;base64,PHN2ZyB3aWR0aD0iMSIgaGVpZ2h0PSIxIiB4bWxucz0iaHR0cDovL3d3dy53My5vcmcvMjAwMC9zdmciPjwvc3ZnPg==\" style=\"--smush-placeholder-width: 185px; --smush-placeholder-aspect-ratio: 185\/264;\" data-smush-avif-fallback=\"{&quot;data-src&quot;:&quot;https:\\\/\\\/mesec.si\\\/wp-content\\\/uploads\\\/2021\\\/11\\\/aqua_dos_1.jpg&quot;}\" \/><\/div><\/div><\/div><\/div>[\/vc_column][vc_column width=&#8221;1\/3&#8243;]<div id=\"cz_100066\" data-position=\"top-right\" class=\"cz_100066 cz_image clr cz_image_no_fx center_on_mobile\"><div class=\"\" ><div class=\"cz_image_in\"><div class=\"cz_main_image\"><img decoding=\"async\" width=\"240\" height=\"275\" data-src=\"https:\/\/mesec.si\/wp-content\/smush-avif\/2021\/11\/aqua_dos_2.jpg.avif\" class=\"attachment-full lazyload\" alt=\"AquaDos dozirni sistem\" title=\"aqua_dos_2\" src=\"data:image\/svg+xml;base64,PHN2ZyB3aWR0aD0iMSIgaGVpZ2h0PSIxIiB4bWxucz0iaHR0cDovL3d3dy53My5vcmcvMjAwMC9zdmciPjwvc3ZnPg==\" style=\"--smush-placeholder-width: 240px; --smush-placeholder-aspect-ratio: 240\/275;\" data-smush-avif-fallback=\"{&quot;data-src&quot;:&quot;https:\\\/\\\/mesec.si\\\/wp-content\\\/uploads\\\/2021\\\/11\\\/aqua_dos_2.jpg&quot;}\" \/><\/div><\/div><\/div><\/div>[\/vc_column][vc_column width=&#8221;1\/3&#8243;]<div id=\"cz_40979\" data-position=\"top-right\" class=\"cz_40979 cz_image clr cz_image_no_fx center_on_mobile\"><div class=\"\" ><div class=\"cz_image_in\"><div class=\"cz_main_image\"><img decoding=\"async\" width=\"165\" height=\"254\" data-src=\"https:\/\/mesec.si\/wp-content\/smush-avif\/2021\/11\/aqua_dos_3.jpg.avif\" class=\"attachment-full lazyload\" alt=\"Aqua dos - dozirni sistemi\" title=\"aqua_dos_3\" src=\"data:image\/svg+xml;base64,PHN2ZyB3aWR0aD0iMSIgaGVpZ2h0PSIxIiB4bWxucz0iaHR0cDovL3d3dy53My5vcmcvMjAwMC9zdmciPjwvc3ZnPg==\" style=\"--smush-placeholder-width: 165px; --smush-placeholder-aspect-ratio: 165\/254;\" data-smush-avif-fallback=\"{&quot;data-src&quot;:&quot;https:\\\/\\\/mesec.si\\\/wp-content\\\/uploads\\\/2021\\\/11\\\/aqua_dos_3.jpg&quot;}\" \/><\/div><\/div><\/div><\/div>[\/vc_column][\/vc_row][vc_row][vc_column]<div class=\"cz_gap clr \" style=\"height: 100px\"><\/div>[\/vc_column][\/vc_row][vc_row][vc_column width=&#8221;1\/3&#8243;]<div id=\"cz_25605\" data-position=\"top-right\" class=\"cz_25605 cz_image clr cz_image_no_fx center_on_mobile\"><div class=\"\" ><div class=\"cz_image_in\"><div class=\"cz_main_image\"><img decoding=\"async\" width=\"250\" height=\"250\" data-src=\"https:\/\/mesec.si\/wp-content\/smush-avif\/2021\/11\/CleaningSystem2-250x250-1.jpg.avif\" class=\"attachment-full lazyload\" alt=\"Dozirna \u010drpalka\" title=\"CleaningSystem2-250x250\" data-srcset=\"https:\/\/mesec.si\/wp-content\/smush-avif\/2021\/11\/CleaningSystem2-250x250-1.jpg.avif 250w, https:\/\/mesec.si\/wp-content\/smush-avif\/2021\/11\/CleaningSystem2-250x250-1-150x150.jpg.avif 150w, https:\/\/mesec.si\/wp-content\/smush-avif\/2021\/11\/CleaningSystem2-250x250-1-100x100.jpg.avif 100w\" data-sizes=\"(max-width: 250px) 100vw, 250px\" src=\"data:image\/svg+xml;base64,PHN2ZyB3aWR0aD0iMSIgaGVpZ2h0PSIxIiB4bWxucz0iaHR0cDovL3d3dy53My5vcmcvMjAwMC9zdmciPjwvc3ZnPg==\" style=\"--smush-placeholder-width: 250px; --smush-placeholder-aspect-ratio: 250\/250;\" data-smush-avif-fallback=\"{&quot;data-src&quot;:&quot;https:\\\/\\\/mesec.si\\\/wp-content\\\/uploads\\\/2021\\\/11\\\/CleaningSystem2-250x250-1.jpg&quot;,&quot;data-srcset&quot;:&quot;https:\\\/\\\/mesec.si\\\/wp-content\\\/uploads\\\/2021\\\/11\\\/CleaningSystem2-250x250-1.jpg 250w, https:\\\/\\\/mesec.si\\\/wp-content\\\/uploads\\\/2021\\\/11\\\/CleaningSystem2-250x250-1-150x150.jpg 150w, https:\\\/\\\/mesec.si\\\/wp-content\\\/uploads\\\/2021\\\/11\\\/CleaningSystem2-250x250-1-100x100.jpg 100w&quot;}\" \/><\/div><\/div><\/div><\/div><div class=\"cz_gap show_on_mobile clr\" style=\"height: 20px\"><\/div>[\/vc_column][vc_column width=&#8221;1\/3&#8243;]<div id=\"cz_102454\" data-position=\"top-right\" class=\"cz_102454 cz_image clr cz_image_no_fx center_on_mobile\"><div class=\"\" ><div class=\"cz_image_in\"><div class=\"cz_main_image\"><img decoding=\"async\" width=\"250\" height=\"250\" data-src=\"https:\/\/mesec.si\/wp-content\/smush-avif\/2021\/11\/WaterTreatment-250x250-1.jpg.avif\" class=\"attachment-full lazyload\" alt=\"Dozirni sistemi\" title=\"WaterTreatment-250x250\" data-srcset=\"https:\/\/mesec.si\/wp-content\/smush-avif\/2021\/11\/WaterTreatment-250x250-1.jpg.avif 250w, https:\/\/mesec.si\/wp-content\/smush-avif\/2021\/11\/WaterTreatment-250x250-1-150x150.jpg.avif 150w, https:\/\/mesec.si\/wp-content\/smush-avif\/2021\/11\/WaterTreatment-250x250-1-100x100.jpg.avif 100w\" data-sizes=\"(max-width: 250px) 100vw, 250px\" src=\"data:image\/svg+xml;base64,PHN2ZyB3aWR0aD0iMSIgaGVpZ2h0PSIxIiB4bWxucz0iaHR0cDovL3d3dy53My5vcmcvMjAwMC9zdmciPjwvc3ZnPg==\" style=\"--smush-placeholder-width: 250px; --smush-placeholder-aspect-ratio: 250\/250;\" data-smush-avif-fallback=\"{&quot;data-src&quot;:&quot;https:\\\/\\\/mesec.si\\\/wp-content\\\/uploads\\\/2021\\\/11\\\/WaterTreatment-250x250-1.jpg&quot;,&quot;data-srcset&quot;:&quot;https:\\\/\\\/mesec.si\\\/wp-content\\\/uploads\\\/2021\\\/11\\\/WaterTreatment-250x250-1.jpg 250w, https:\\\/\\\/mesec.si\\\/wp-content\\\/uploads\\\/2021\\\/11\\\/WaterTreatment-250x250-1-150x150.jpg 150w, https:\\\/\\\/mesec.si\\\/wp-content\\\/uploads\\\/2021\\\/11\\\/WaterTreatment-250x250-1-100x100.jpg 100w&quot;}\" \/><\/div><\/div><\/div><\/div><div class=\"cz_gap show_on_mobile clr\" style=\"height: 20px\"><\/div>[\/vc_column][vc_column width=&#8221;1\/3&#8243;]<div id=\"cz_38847\" data-position=\"top-right\" class=\"cz_38847 cz_image clr cz_image_no_fx center_on_mobile\"><div class=\"\" ><div class=\"cz_image_in\"><div class=\"cz_main_image\"><img decoding=\"async\" width=\"250\" height=\"250\" data-src=\"https:\/\/mesec.si\/wp-content\/smush-avif\/2021\/11\/WaterTreatment3-250x250-1.jpg.avif\" class=\"attachment-full lazyload\" alt=\"Industrijski dozirni sistemi\" title=\"WaterTreatment3-250x250\" data-srcset=\"https:\/\/mesec.si\/wp-content\/smush-avif\/2021\/11\/WaterTreatment3-250x250-1.jpg.avif 250w, https:\/\/mesec.si\/wp-content\/smush-avif\/2021\/11\/WaterTreatment3-250x250-1-150x150.jpg.avif 150w, https:\/\/mesec.si\/wp-content\/smush-avif\/2021\/11\/WaterTreatment3-250x250-1-100x100.jpg.avif 100w\" data-sizes=\"(max-width: 250px) 100vw, 250px\" src=\"data:image\/svg+xml;base64,PHN2ZyB3aWR0aD0iMSIgaGVpZ2h0PSIxIiB4bWxucz0iaHR0cDovL3d3dy53My5vcmcvMjAwMC9zdmciPjwvc3ZnPg==\" style=\"--smush-placeholder-width: 250px; --smush-placeholder-aspect-ratio: 250\/250;\" data-smush-avif-fallback=\"{&quot;data-src&quot;:&quot;https:\\\/\\\/mesec.si\\\/wp-content\\\/uploads\\\/2021\\\/11\\\/WaterTreatment3-250x250-1.jpg&quot;,&quot;data-srcset&quot;:&quot;https:\\\/\\\/mesec.si\\\/wp-content\\\/uploads\\\/2021\\\/11\\\/WaterTreatment3-250x250-1.jpg 250w, https:\\\/\\\/mesec.si\\\/wp-content\\\/uploads\\\/2021\\\/11\\\/WaterTreatment3-250x250-1-150x150.jpg 150w, https:\\\/\\\/mesec.si\\\/wp-content\\\/uploads\\\/2021\\\/11\\\/WaterTreatment3-250x250-1-100x100.jpg 100w&quot;}\" \/><\/div><\/div><\/div><\/div>[\/vc_column][\/vc_row][\/vc_section][vc_row][vc_column]<div class=\"cz_gap clr \" style=\"height: 50px\"><\/div>[vc_separator]<div class=\"cz_gap clr \" style=\"height: 50px\"><\/div>[\/vc_column][\/vc_row][vc_row][vc_column width=&#8221;2\/3&#8243;]<div class=\"cz_gap clr \" style=\"height: 150px\"><\/div>[vc_column_text]<\/p>\n<h4>Primjer monta\u017ee naprednog sustava za doziranje<\/h4>\n<p>Na slici je prikazan napredni sustav za doziranje razli\u010ditih kemijskih sredstava u industrijskoj aplikaciji. Sustav se koristi za za\u0161titu komponenata u sustavu i omogu\u0107uje to\u010dno proporcionalno doziranje.[\/vc_column_text][vc_btn title=&#8221;Vi\u0161e o proizvodima Inject&#8221; style=&#8221;flat&#8221; color=&#8221;primary&#8221; i_icon_fontawesome=&#8221;far fa-file-pdf&#8221; add_icon=&#8221;true&#8221; link=&#8221;url:%2Fwp-content%2Fuploads%2F2021%2F11%2Fkatalog-injecta.pdf|title:Katalog%20Injecta|target:_blank&#8221;][\/vc_column][vc_column width=&#8221;1\/3&#8243;]<div id=\"cz_48662\" data-position=\"top-right\" class=\"cz_48662 cz_image clr cz_image_no_fx center_on_mobile\"><div class=\"\" ><div class=\"cz_image_in\"><div class=\"cz_main_image\"><img decoding=\"async\" width=\"328\" height=\"442\" data-src=\"https:\/\/mesec.si\/wp-content\/smush-avif\/2021\/11\/dozirni_sistem_mesec.jpg.avif\" class=\"attachment-full lazyload\" alt=\"Dozirni sistem\" title=\"dozirni_sistem_mesec\" data-srcset=\"https:\/\/mesec.si\/wp-content\/smush-avif\/2021\/11\/dozirni_sistem_mesec.jpg.avif 328w, https:\/\/mesec.si\/wp-content\/smush-avif\/2021\/11\/dozirni_sistem_mesec-223x300.jpg.avif 223w\" data-sizes=\"(max-width: 328px) 100vw, 328px\" src=\"data:image\/svg+xml;base64,PHN2ZyB3aWR0aD0iMSIgaGVpZ2h0PSIxIiB4bWxucz0iaHR0cDovL3d3dy53My5vcmcvMjAwMC9zdmciPjwvc3ZnPg==\" style=\"--smush-placeholder-width: 328px; --smush-placeholder-aspect-ratio: 328\/442;\" data-smush-avif-fallback=\"{&quot;data-src&quot;:&quot;https:\\\/\\\/mesec.si\\\/wp-content\\\/uploads\\\/2021\\\/11\\\/dozirni_sistem_mesec.jpg&quot;,&quot;data-srcset&quot;:&quot;https:\\\/\\\/mesec.si\\\/wp-content\\\/uploads\\\/2021\\\/11\\\/dozirni_sistem_mesec.jpg 328w, https:\\\/\\\/mesec.si\\\/wp-content\\\/uploads\\\/2021\\\/11\\\/dozirni_sistem_mesec-223x300.jpg 223w&quot;}\" \/><\/div><\/div><\/div><\/div>[\/vc_column][\/vc_row]<\/p>\n<\/div>","protected":false},"excerpt":{"rendered":"<p>[vc_section][vc_row][vc_column][vc_column_text] Sustavi doziranja [\/vc_column_text][vc_separator el_width=&#8221;30&#8243;][\/vc_column][\/vc_row][\/vc_section][vc_section][vc_row][vc_column][vc_column_text] Sustavi su namijenjeni za doziranje koagulanata, &#8230; <\/p>\n","protected":false},"author":2,"featured_media":2979,"parent":3650,"menu_order":0,"comment_status":"closed","ping_status":"closed","template":"","meta":{"footnotes":""},"class_list":["post-3683","page","type-page","status-publish","has-post-thumbnail","hentry"],"_links":{"self":[{"href":"https:\/\/mesec.si\/hr\/wp-json\/wp\/v2\/pages\/3683","targetHints":{"allow":["GET"]}}],"collection":[{"href":"https:\/\/mesec.si\/hr\/wp-json\/wp\/v2\/pages"}],"about":[{"href":"https:\/\/mesec.si\/hr\/wp-json\/wp\/v2\/types\/page"}],"author":[{"embeddable":true,"href":"https:\/\/mesec.si\/hr\/wp-json\/wp\/v2\/users\/2"}],"replies":[{"embeddable":true,"href":"https:\/\/mesec.si\/hr\/wp-json\/wp\/v2\/comments?post=3683"}],"version-history":[{"count":0,"href":"https:\/\/mesec.si\/hr\/wp-json\/wp\/v2\/pages\/3683\/revisions"}],"up":[{"embeddable":true,"href":"https:\/\/mesec.si\/hr\/wp-json\/wp\/v2\/pages\/3650"}],"wp:featuredmedia":[{"embeddable":true,"href":"https:\/\/mesec.si\/hr\/wp-json\/wp\/v2\/media\/2979"}],"wp:attachment":[{"href":"https:\/\/mesec.si\/hr\/wp-json\/wp\/v2\/media?parent=3683"}],"curies":[{"name":"wp","href":"https:\/\/api.w.org\/{rel}","templated":true}]}}