{"id":3677,"date":"2021-11-17T12:10:51","date_gmt":"2021-11-17T11:10:51","guid":{"rendered":"http:\/\/w5.mesec.si\/industrijski-sustavi\/uv-dezinfekcija\/"},"modified":"2022-01-03T13:32:35","modified_gmt":"2022-01-03T12:32:35","slug":"uv-dezinfekcija","status":"publish","type":"page","link":"https:\/\/mesec.si\/hr\/industrijski-sustavi\/uv-dezinfekcija\/","title":{"rendered":"UV dezinfekcija vode"},"content":{"rendered":"<div class=\"wpb-content-wrapper\"><p>[vc_section][vc_row][vc_column][vc_column_text]<\/p>\n<h1 style=\"text-align: center;\">UV dezinfekcija<\/h1>\n<p>[\/vc_column_text][vc_separator el_width=&#8221;30&#8243;]<div class=\"cz_gap clr  hide_on_mobile\" style=\"height: 50px\"><\/div><div class=\"cz_gap show_on_mobile clr\" style=\"height: 15px\"><\/div>[\/vc_column][\/vc_row][\/vc_section][vc_section][vc_row][vc_column][vc_column_text]<\/p>\n<h2>Industrijski UV sustavi<\/h2>\n<p>[\/vc_column_text][\/vc_column][\/vc_row][vc_row][vc_column width=&#8221;1\/6&#8243;]<div class=\"cz_gap clr  hide_on_mobile\" style=\"height: 80px\"><\/div><div class=\"cz_gap show_on_mobile clr\" style=\"height: 5px\"><\/div><div id=\"cz_46683\" data-position=\"top-right\" class=\"cz_46683 cz_image clr cz_image_no_fx center_on_mobile\"><div class=\"\" ><div class=\"cz_image_in\"><div class=\"cz_main_image\"><img decoding=\"async\" width=\"167\" height=\"231\" data-src=\"https:\/\/mesec.si\/wp-content\/smush-avif\/2021\/11\/uv_dezinfekcija_industrija_mesec-1.jpg.avif\" class=\"attachment-full lazyload\" alt=\"UV dezinfekcija vodovodne vode\" title=\"uv_dezinfekcija_industrija_mesec\" src=\"data:image\/svg+xml;base64,PHN2ZyB3aWR0aD0iMSIgaGVpZ2h0PSIxIiB4bWxucz0iaHR0cDovL3d3dy53My5vcmcvMjAwMC9zdmciPjwvc3ZnPg==\" style=\"--smush-placeholder-width: 167px; --smush-placeholder-aspect-ratio: 167\/231;\" data-smush-avif-fallback=\"{&quot;data-src&quot;:&quot;https:\\\/\\\/mesec.si\\\/wp-content\\\/uploads\\\/2021\\\/11\\\/uv_dezinfekcija_industrija_mesec-1.jpg&quot;}\" \/><\/div><\/div><\/div><\/div><div class=\"cz_gap clr  hide_on_mobile\" style=\"height: 0px\"><\/div><div class=\"cz_gap show_on_mobile clr\" style=\"height: 25px\"><\/div>[\/vc_column][vc_column width=&#8221;5\/6&#8243;][vc_column_text]VIQUA UV sustavi pru\u017eaju veliki izbor industrijskih sustava s izuzetno \u0161irokim spektrom mogu\u0107ih protoka, za monta\u017eu na ulazu u objekat\/obrat (POE- point of entry). Prikladan sustav s svim dodatnim komponentama za tretma vode mogu vam pomo\u0107i izabrati na\u0161i stru\u010dnjaci s obzirom na va\u0161e \u017eelje i situaciju na objektu.<\/p>\n<p>U industriji je voda prisutna u mnogim proizvodnim procesima gdje je bitna primjerena dezinfekcija i zbog korisnika i zaposlenih, u prehrambenoj industriji\u2026 Pri pripremi hrane u ugostiteljskim objektima je kvalitetna voda va\u017ena i za okus hrane i pi\u0107a<\/p>\n<p>\u010cista i mikrobiolo\u0161ko besprijekorna voda im va\u017enu ulogu pri \u0161iroj potro\u0161nji, gdje su kona\u010dni korisnici kupci odnosno korisnici odre\u0111ene usluge. Da bi sprje\u010dili masovne infekcije s nekim od patogena koji su u\u010destalo prisutni u vodi, potrebna je sigurna i u\u010dinkovita dezinfekcija.<\/p>\n<p>Da bi se uvjerili o \u0161irokom spektru mogu\u0107ih aplikacija VIQUA UV sustava za komercijalne i industrijske potrebe, pogledajte si primjere upotrebe i izvedbe sustava na\u0161ih stru\u010dnjaka za pripremu i dezinfekciju vode.[\/vc_column_text][\/vc_column][\/vc_row][\/vc_section][vc_row][vc_column]<div class=\"cz_gap clr \" style=\"height: 50px\"><\/div>[vc_separator]<div class=\"cz_gap clr \" style=\"height: 50px\"><\/div>[\/vc_column][\/vc_row][vc_row][vc_column][vc_column_text]<strong>Aplikacije UV sustava za komercijalne namjene i industrijske potrebe mogu se koristiti u sljede\u010dim primjerima:<\/strong>[\/vc_column_text][\/vc_column][\/vc_row][vc_row][vc_column width=&#8221;2\/3&#8243;][vc_column_text]<\/p>\n<ul>\n<li>Prehrambena industrija (obrada i priprema prehrambenih proizvoda)<\/li>\n<li>Svi industrijski pogoni u kojima je od velike va\u017enosti mikrobiolo\u0161ko besprijekornost vode (farmacija,\u2026)<\/li>\n<li>\u017divotinjske farme<\/li>\n<li>Seoski vodovodi s neispravnom ili nepostoje\u0107om dezinfekcijom vode<\/li>\n<li>Javni zavodi kao na primer bolnice i \u0161kole<\/li>\n<li>Seoski turizam (farme) i gostionice<\/li>\n<li>Ventilacijskii sustavi<\/li>\n<li>Prodajni automati<\/li>\n<\/ul>\n<p>[\/vc_column_text][\/vc_column][vc_column width=&#8221;1\/3&#8243;]<div class=\"cz_gap clr \" style=\"height: 60px\"><\/div><div id=\"cz_54001\" data-position=\"top-right\" class=\"cz_54001 cz_image clr cz_image_no_fx center_on_mobile\"><div class=\"\" ><div class=\"cz_image_in\"><div class=\"cz_main_image\"><img decoding=\"async\" width=\"300\" height=\"126\" data-src=\"https:\/\/mesec.si\/wp-content\/uploads\/2021\/11\/VIQUA.png\" class=\"attachment-full lazyload\" alt=\"\" title=\"VIQUA\" src=\"data:image\/svg+xml;base64,PHN2ZyB3aWR0aD0iMSIgaGVpZ2h0PSIxIiB4bWxucz0iaHR0cDovL3d3dy53My5vcmcvMjAwMC9zdmciPjwvc3ZnPg==\" style=\"--smush-placeholder-width: 300px; --smush-placeholder-aspect-ratio: 300\/126;\" \/><\/div><\/div><\/div><\/div>[\/vc_column][\/vc_row][vc_row][vc_column]<div class=\"cz_gap clr \" style=\"height: 50px\"><\/div>[vc_separator]<div class=\"cz_gap clr \" style=\"height: 50px\"><\/div>[\/vc_column][\/vc_row][vc_row][vc_column width=&#8221;1\/3&#8243;]<div id=\"cz_74662\" class=\"cz_74662 cz_banner clr\">\n\t\t\t<figure class=\"effect-style1\">\n\t\t\t\t<img decoding=\"async\" width=\"476\" height=\"476\" data-src=\"https:\/\/mesec.si\/wp-content\/smush-avif\/2021\/11\/zunar_filtracija_mesec.jpg.avif\" class=\"attachment-full lazyload\" alt=\"Kmatija \u017dunar\" title=\"zunar_filtracija_mesec\" data-srcset=\"https:\/\/mesec.si\/wp-content\/smush-avif\/2021\/11\/zunar_filtracija_mesec.jpg.avif 476w, https:\/\/mesec.si\/wp-content\/smush-avif\/2021\/11\/zunar_filtracija_mesec-300x300.jpg.avif 300w, https:\/\/mesec.si\/wp-content\/smush-avif\/2021\/11\/zunar_filtracija_mesec-150x150.jpg.avif 150w, https:\/\/mesec.si\/wp-content\/smush-avif\/2021\/11\/zunar_filtracija_mesec-100x100.jpg.avif 100w\" data-sizes=\"(max-width: 476px) 100vw, 476px\" src=\"data:image\/svg+xml;base64,PHN2ZyB3aWR0aD0iMSIgaGVpZ2h0PSIxIiB4bWxucz0iaHR0cDovL3d3dy53My5vcmcvMjAwMC9zdmciPjwvc3ZnPg==\" style=\"--smush-placeholder-width: 476px; --smush-placeholder-aspect-ratio: 476\/476;\" data-smush-avif-fallback=\"{&quot;data-src&quot;:&quot;https:\\\/\\\/mesec.si\\\/wp-content\\\/uploads\\\/2021\\\/11\\\/zunar_filtracija_mesec.jpg&quot;,&quot;data-srcset&quot;:&quot;https:\\\/\\\/mesec.si\\\/wp-content\\\/uploads\\\/2021\\\/11\\\/zunar_filtracija_mesec.jpg 476w, https:\\\/\\\/mesec.si\\\/wp-content\\\/uploads\\\/2021\\\/11\\\/zunar_filtracija_mesec-300x300.jpg 300w, https:\\\/\\\/mesec.si\\\/wp-content\\\/uploads\\\/2021\\\/11\\\/zunar_filtracija_mesec-150x150.jpg 150w, https:\\\/\\\/mesec.si\\\/wp-content\\\/uploads\\\/2021\\\/11\\\/zunar_filtracija_mesec-100x100.jpg 100w&quot;}\" \/>\n\t\t\t\t<figcaption><div><h4>Pansioni i soeski turizam<\/h4><p class=\"cz_wpe_content\"><span style=\"color: black;\">Danes se vedno bolj zavedamo pomena kakovostne doma\u010de hrane in posegamo po \u017eivilskih produktih slovenskega porekla. Kmetije in doma\u010dije, ki se ukvarjajo s predelavo mesa in mleka uporabljajo v proizvodnih procesih vodo, ki mora biti ustrezne kakovosti.<\/span><\/p><\/div><a> <\/a><\/figcaption>\t\t\t\n\t\t\t<\/figure>\n\t\t<\/div><div class=\"cz_gap clr  hide_on_mobile\" style=\"height: 0px\"><\/div><div class=\"cz_gap show_on_mobile clr\" style=\"height: 20px\"><\/div>[\/vc_column][vc_column width=&#8221;1\/3&#8243;]<div id=\"cz_15720\" class=\"cz_15720 cz_banner clr\">\n\t\t\t<figure class=\"effect-style1\">\n\t\t\t\t<img decoding=\"async\" width=\"476\" height=\"476\" data-src=\"https:\/\/mesec.si\/wp-content\/smush-avif\/2021\/11\/zivilska_industrija_mesec.jpg.avif\" class=\"attachment-full lazyload\" alt=\"\u017divilska industrija\" title=\"zivilska_industrija_mesec\" data-srcset=\"https:\/\/mesec.si\/wp-content\/smush-avif\/2021\/11\/zivilska_industrija_mesec.jpg.avif 476w, https:\/\/mesec.si\/wp-content\/smush-avif\/2021\/11\/zivilska_industrija_mesec-300x300.jpg.avif 300w, https:\/\/mesec.si\/wp-content\/smush-avif\/2021\/11\/zivilska_industrija_mesec-150x150.jpg.avif 150w, https:\/\/mesec.si\/wp-content\/smush-avif\/2021\/11\/zivilska_industrija_mesec-100x100.jpg.avif 100w\" data-sizes=\"(max-width: 476px) 100vw, 476px\" src=\"data:image\/svg+xml;base64,PHN2ZyB3aWR0aD0iMSIgaGVpZ2h0PSIxIiB4bWxucz0iaHR0cDovL3d3dy53My5vcmcvMjAwMC9zdmciPjwvc3ZnPg==\" style=\"--smush-placeholder-width: 476px; --smush-placeholder-aspect-ratio: 476\/476;\" data-smush-avif-fallback=\"{&quot;data-src&quot;:&quot;https:\\\/\\\/mesec.si\\\/wp-content\\\/uploads\\\/2021\\\/11\\\/zivilska_industrija_mesec.jpg&quot;,&quot;data-srcset&quot;:&quot;https:\\\/\\\/mesec.si\\\/wp-content\\\/uploads\\\/2021\\\/11\\\/zivilska_industrija_mesec.jpg 476w, https:\\\/\\\/mesec.si\\\/wp-content\\\/uploads\\\/2021\\\/11\\\/zivilska_industrija_mesec-300x300.jpg 300w, https:\\\/\\\/mesec.si\\\/wp-content\\\/uploads\\\/2021\\\/11\\\/zivilska_industrija_mesec-150x150.jpg 150w, https:\\\/\\\/mesec.si\\\/wp-content\\\/uploads\\\/2021\\\/11\\\/zivilska_industrija_mesec-100x100.jpg 100w&quot;}\" \/>\n\t\t\t\t<figcaption><div><h4>Prehrambena industrija<\/h4><p class=\"cz_wpe_content\"><span style=\"color: black;\">V industriji, ki se ukvarja s pripravo in predelavo hrane, je kakovost vode izjemno velikega pomena. Okus hrani in pija\u010dam da v veliki meri voda, ki se uporablja, zato danes v \u017eivilski industriji posve\u010dajo veliko pozornost ustrezni pripravi vode.<\/span><\/p><\/div><a> <\/a><\/figcaption>\t\t\t\n\t\t\t<\/figure>\n\t\t<\/div><div class=\"cz_gap clr  hide_on_mobile\" style=\"height: 0px\"><\/div><div class=\"cz_gap show_on_mobile clr\" style=\"height: 20px\"><\/div>[\/vc_column][vc_column width=&#8221;1\/3&#8243;]<div id=\"cz_69200\" class=\"cz_69200 cz_banner clr\">\n\t\t\t<figure class=\"effect-style1\">\n\t\t\t\t<img decoding=\"async\" width=\"476\" height=\"476\" data-src=\"https:\/\/mesec.si\/wp-content\/smush-avif\/2021\/11\/filtracija_na_kmetiji.jpg.avif\" class=\"attachment-full lazyload\" alt=\"Filtriranje vode na kmetiji\" title=\"filtracija_na_kmetiji\" data-srcset=\"https:\/\/mesec.si\/wp-content\/smush-avif\/2021\/11\/filtracija_na_kmetiji.jpg.avif 476w, https:\/\/mesec.si\/wp-content\/smush-avif\/2021\/11\/filtracija_na_kmetiji-300x300.jpg.avif 300w, https:\/\/mesec.si\/wp-content\/smush-avif\/2021\/11\/filtracija_na_kmetiji-150x150.jpg.avif 150w, https:\/\/mesec.si\/wp-content\/smush-avif\/2021\/11\/filtracija_na_kmetiji-100x100.jpg.avif 100w\" data-sizes=\"(max-width: 476px) 100vw, 476px\" src=\"data:image\/svg+xml;base64,PHN2ZyB3aWR0aD0iMSIgaGVpZ2h0PSIxIiB4bWxucz0iaHR0cDovL3d3dy53My5vcmcvMjAwMC9zdmciPjwvc3ZnPg==\" style=\"--smush-placeholder-width: 476px; --smush-placeholder-aspect-ratio: 476\/476;\" data-smush-avif-fallback=\"{&quot;data-src&quot;:&quot;https:\\\/\\\/mesec.si\\\/wp-content\\\/uploads\\\/2021\\\/11\\\/filtracija_na_kmetiji.jpg&quot;,&quot;data-srcset&quot;:&quot;https:\\\/\\\/mesec.si\\\/wp-content\\\/uploads\\\/2021\\\/11\\\/filtracija_na_kmetiji.jpg 476w, https:\\\/\\\/mesec.si\\\/wp-content\\\/uploads\\\/2021\\\/11\\\/filtracija_na_kmetiji-300x300.jpg 300w, https:\\\/\\\/mesec.si\\\/wp-content\\\/uploads\\\/2021\\\/11\\\/filtracija_na_kmetiji-150x150.jpg 150w, https:\\\/\\\/mesec.si\\\/wp-content\\\/uploads\\\/2021\\\/11\\\/filtracija_na_kmetiji-100x100.jpg 100w&quot;}\" \/>\n\t\t\t\t<figcaption><div><h4>\u017divotinjska farma<\/h4><p class=\"cz_wpe_content\"><span style=\"color: black;\">Lastniki in oskrbniki \u017eivali za vzrejo morajo poskrbeti za zadostno koli\u010dino krme in pitne vode za \u017eivali. Voda, ki se zagotavlja \u017eivalim za pitje mora biti mikrobiolo\u0161ko neopore\u010dna in primerna za zau\u017eitje.<\/span><\/p><\/div><a> <\/a><\/figcaption>\t\t\t\n\t\t\t<\/figure>\n\t\t<\/div><div class=\"cz_gap clr  hide_on_mobile\" style=\"height: 0px\"><\/div><div class=\"cz_gap show_on_mobile clr\" style=\"height: 20px\"><\/div>[\/vc_column][\/vc_row][vc_row][vc_column]<div class=\"cz_gap clr  hide_on_mobile\" style=\"height: 50px\"><\/div><div class=\"cz_gap show_on_mobile clr\" style=\"height: 0px\"><\/div>[\/vc_column][\/vc_row][vc_row][vc_column width=&#8221;1\/3&#8243;]<div id=\"cz_97881\" class=\"cz_97881 cz_banner clr\">\n\t\t\t<figure class=\"effect-style1\">\n\t\t\t\t<img decoding=\"async\" width=\"476\" height=\"476\" data-src=\"https:\/\/mesec.si\/wp-content\/smush-avif\/2021\/11\/photo-1495774539583-885e02cca8c2-1024x683-1.jpg.avif\" class=\"attachment-full lazyload\" alt=\"Uv dezinfekcija - de\u017eevnica\" title=\"photo-1495774539583-885e02cca8c2-1024x683\" data-srcset=\"https:\/\/mesec.si\/wp-content\/smush-avif\/2021\/11\/photo-1495774539583-885e02cca8c2-1024x683-1.jpg.avif 476w, https:\/\/mesec.si\/wp-content\/smush-avif\/2021\/11\/photo-1495774539583-885e02cca8c2-1024x683-1-300x300.jpg.avif 300w, https:\/\/mesec.si\/wp-content\/smush-avif\/2021\/11\/photo-1495774539583-885e02cca8c2-1024x683-1-150x150.jpg.avif 150w, https:\/\/mesec.si\/wp-content\/smush-avif\/2021\/11\/photo-1495774539583-885e02cca8c2-1024x683-1-100x100.jpg.avif 100w\" data-sizes=\"(max-width: 476px) 100vw, 476px\" src=\"data:image\/svg+xml;base64,PHN2ZyB3aWR0aD0iMSIgaGVpZ2h0PSIxIiB4bWxucz0iaHR0cDovL3d3dy53My5vcmcvMjAwMC9zdmciPjwvc3ZnPg==\" style=\"--smush-placeholder-width: 476px; --smush-placeholder-aspect-ratio: 476\/476;\" data-smush-avif-fallback=\"{&quot;data-src&quot;:&quot;https:\\\/\\\/mesec.si\\\/wp-content\\\/uploads\\\/2021\\\/11\\\/photo-1495774539583-885e02cca8c2-1024x683-1.jpg&quot;,&quot;data-srcset&quot;:&quot;https:\\\/\\\/mesec.si\\\/wp-content\\\/uploads\\\/2021\\\/11\\\/photo-1495774539583-885e02cca8c2-1024x683-1.jpg 476w, https:\\\/\\\/mesec.si\\\/wp-content\\\/uploads\\\/2021\\\/11\\\/photo-1495774539583-885e02cca8c2-1024x683-1-300x300.jpg 300w, https:\\\/\\\/mesec.si\\\/wp-content\\\/uploads\\\/2021\\\/11\\\/photo-1495774539583-885e02cca8c2-1024x683-1-150x150.jpg 150w, https:\\\/\\\/mesec.si\\\/wp-content\\\/uploads\\\/2021\\\/11\\\/photo-1495774539583-885e02cca8c2-1024x683-1-100x100.jpg 100w&quot;}\" \/>\n\t\t\t\t<figcaption><div><h4>Bunara<\/h4><p class=\"cz_wpe_content\"><span style=\"color: black;\">V Sloveniji imamo v splo\u0161nem dobro in kvalitetno vodovodno pitno vodo. Te\u017eave nastopijo pri manj\u0161ih vodovodnih sistemih, kjer se dezinfekcija ne izvaja redno, imajo slab\u0161i nadzor in po\u010dasnej\u0161e ukrepanje ob morebitnem onesna\u017eenju vode.<\/span><\/p><\/div><a> <\/a><\/figcaption>\t\t\t\n\t\t\t<\/figure>\n\t\t<\/div><div class=\"cz_gap clr  hide_on_mobile\" style=\"height: 0px\"><\/div><div class=\"cz_gap show_on_mobile clr\" style=\"height: 20px\"><\/div>[\/vc_column][vc_column width=&#8221;1\/3&#8243;]<div id=\"cz_46622\" class=\"cz_46622 cz_banner clr\">\n\t\t\t<figure class=\"effect-style1\">\n\t\t\t\t<img decoding=\"async\" width=\"476\" height=\"476\" data-src=\"https:\/\/mesec.si\/wp-content\/smush-avif\/2021\/11\/klimatske_naprave.jpg.avif\" class=\"attachment-full lazyload\" alt=\"\u010ci\u0161\u010denje klimatske naprave\" title=\"klimatske_naprave\" data-srcset=\"https:\/\/mesec.si\/wp-content\/smush-avif\/2021\/11\/klimatske_naprave.jpg.avif 476w, https:\/\/mesec.si\/wp-content\/smush-avif\/2021\/11\/klimatske_naprave-300x300.jpg.avif 300w, https:\/\/mesec.si\/wp-content\/smush-avif\/2021\/11\/klimatske_naprave-150x150.jpg.avif 150w, https:\/\/mesec.si\/wp-content\/smush-avif\/2021\/11\/klimatske_naprave-100x100.jpg.avif 100w\" data-sizes=\"(max-width: 476px) 100vw, 476px\" src=\"data:image\/svg+xml;base64,PHN2ZyB3aWR0aD0iMSIgaGVpZ2h0PSIxIiB4bWxucz0iaHR0cDovL3d3dy53My5vcmcvMjAwMC9zdmciPjwvc3ZnPg==\" style=\"--smush-placeholder-width: 476px; --smush-placeholder-aspect-ratio: 476\/476;\" data-smush-avif-fallback=\"{&quot;data-src&quot;:&quot;https:\\\/\\\/mesec.si\\\/wp-content\\\/uploads\\\/2021\\\/11\\\/klimatske_naprave.jpg&quot;,&quot;data-srcset&quot;:&quot;https:\\\/\\\/mesec.si\\\/wp-content\\\/uploads\\\/2021\\\/11\\\/klimatske_naprave.jpg 476w, https:\\\/\\\/mesec.si\\\/wp-content\\\/uploads\\\/2021\\\/11\\\/klimatske_naprave-300x300.jpg 300w, https:\\\/\\\/mesec.si\\\/wp-content\\\/uploads\\\/2021\\\/11\\\/klimatske_naprave-150x150.jpg 150w, https:\\\/\\\/mesec.si\\\/wp-content\\\/uploads\\\/2021\\\/11\\\/klimatske_naprave-100x100.jpg 100w&quot;}\" \/>\n\t\t\t\t<figcaption><div><h4>Ure\u0111aji za klimatizaciju i ventilaciju<\/h4><p class=\"cz_wpe_content\"><span style=\"color: black;\">Da bi bili brezskrbni pri uporabi klimatskih in prezra\u010devalnih naprav, vam ponujamo \u0161irok izbor VIQUA UV dezinfekcijskih sistemov, ki poskrbijo za popolno mikrobiolo\u0161ko neopore\u010dnost vode.<\/span><\/p><\/div><a> <\/a><\/figcaption>\t\t\t\n\t\t\t<\/figure>\n\t\t<\/div><div class=\"cz_gap clr  hide_on_mobile\" style=\"height: 0px\"><\/div><div class=\"cz_gap show_on_mobile clr\" style=\"height: 20px\"><\/div>[\/vc_column][vc_column width=&#8221;1\/3&#8243;]<div id=\"cz_56030\" class=\"cz_56030 cz_banner clr\">\n\t\t\t<figure class=\"effect-style1\">\n\t\t\t\t<img decoding=\"async\" width=\"476\" height=\"476\" data-src=\"https:\/\/mesec.si\/wp-content\/smush-avif\/2021\/11\/sistemi_javni_zavodi_sole_mesec.jpg.avif\" class=\"attachment-full lazyload\" alt=\"Javni zavodi, \u0161ole\" title=\"sistemi_javni_zavodi_sole_mesec\" data-srcset=\"https:\/\/mesec.si\/wp-content\/smush-avif\/2021\/11\/sistemi_javni_zavodi_sole_mesec.jpg.avif 476w, https:\/\/mesec.si\/wp-content\/smush-avif\/2021\/11\/sistemi_javni_zavodi_sole_mesec-300x300.jpg.avif 300w, https:\/\/mesec.si\/wp-content\/smush-avif\/2021\/11\/sistemi_javni_zavodi_sole_mesec-150x150.jpg.avif 150w, https:\/\/mesec.si\/wp-content\/smush-avif\/2021\/11\/sistemi_javni_zavodi_sole_mesec-100x100.jpg.avif 100w\" data-sizes=\"(max-width: 476px) 100vw, 476px\" src=\"data:image\/svg+xml;base64,PHN2ZyB3aWR0aD0iMSIgaGVpZ2h0PSIxIiB4bWxucz0iaHR0cDovL3d3dy53My5vcmcvMjAwMC9zdmciPjwvc3ZnPg==\" style=\"--smush-placeholder-width: 476px; --smush-placeholder-aspect-ratio: 476\/476;\" data-smush-avif-fallback=\"{&quot;data-src&quot;:&quot;https:\\\/\\\/mesec.si\\\/wp-content\\\/uploads\\\/2021\\\/11\\\/sistemi_javni_zavodi_sole_mesec.jpg&quot;,&quot;data-srcset&quot;:&quot;https:\\\/\\\/mesec.si\\\/wp-content\\\/uploads\\\/2021\\\/11\\\/sistemi_javni_zavodi_sole_mesec.jpg 476w, https:\\\/\\\/mesec.si\\\/wp-content\\\/uploads\\\/2021\\\/11\\\/sistemi_javni_zavodi_sole_mesec-300x300.jpg 300w, https:\\\/\\\/mesec.si\\\/wp-content\\\/uploads\\\/2021\\\/11\\\/sistemi_javni_zavodi_sole_mesec-150x150.jpg 150w, https:\\\/\\\/mesec.si\\\/wp-content\\\/uploads\\\/2021\\\/11\\\/sistemi_javni_zavodi_sole_mesec-100x100.jpg 100w&quot;}\" \/>\n\t\t\t\t<figcaption><div><h4>Javne ustanove - \u0161kole, bolnice<\/h4><p class=\"cz_wpe_content\"><span style=\"color: black;\">V javni zavodih kot so bolni\u0161nice in \u0161ole se obi\u010dajno nahajajo najbolj ranljive skupine ljudi- otroci, bolni in starej\u0161i. Kljub obi\u010dajnim te\u017eavam z vodo kot je trdota, \u017eelezo ali motnost pa so v vodi lahko prisotni tudi zdravju \u0161kodljivi mikroorganizmi, ki jih ne vidimo, okusimo ali vonjamo.<\/span><\/p><\/div><a> <\/a><\/figcaption>\t\t\t\n\t\t\t<\/figure>\n\t\t<\/div>[\/vc_column][\/vc_row][vc_row][vc_column]<div class=\"cz_gap clr \" style=\"height: 50px\"><\/div>[vc_separator]<div class=\"cz_gap clr \" style=\"height: 50px\"><\/div>[\/vc_column][\/vc_row][vc_row][vc_column][vc_column_text]<\/p>\n<h2>\u0160TO JE UV DEZINFEKCIJA VODE ?<\/h2>\n<p>[\/vc_column_text][vc_row_inner][vc_column_inner width=&#8221;3\/4&#8243;][vc_column_text]UV (ultravijoletna) dezinfekcija vode je fizikalni proces obrade vode u kojem se cijeli proces temelji na UV svijetilnosti koju emitira \u017earulja u sustavu. UV svijetilnost je elektromagnetsko talasanje valovne du\u017eine izme\u0111u 200 i 400 nm. Voda u UV dezinfekcijskim sustavima prolazi kroz reakcijsku komoru u kojoj je ugra\u0111ena UV \u017earulja, koja emitira svijetlost UV-C spektra pri valovnoj du\u017eini izme\u0111u 200 i 280 nm. Na patogene mikroorganizme naju\u010dinkovitije djeluje valovanje UV svijetilnosti pri du\u017eini 240 nm, koja prodire u \u010delije mikroorganizama i o\u0161teti njihov genski zapis te jim tako onemogu\u0107i djelovanje. UV dezinfekcija tako garantira 99,99% smanjenje mikroorganizama te nam osigurava mikrobiolo\u0161ko besprijekornu pitku vodu. Pri UV dezinfekciji ne dodajemo knikakvih kemikalija kao npr. klor, ne dolazi do promijena u okusu i mirisu vode te se ne stavraju nikakve po zdravlje potencijalno opasne nuspojave. Isto tako je UV tehnologija u\u010dinkovitija od dodavanja kemikalija za dezinfekciju vode jer djeluje i na vodene parazite kao na primer Giardija i Cryptosporidium.[\/vc_column_text][\/vc_column_inner][vc_column_inner width=&#8221;1\/4&#8243;]<div class=\"cz_gap clr \" style=\"height: 50px\"><\/div><div id=\"cz_53243\" data-position=\"top-right\" class=\"cz_53243 cz_image clr cz_image_no_fx center_on_mobile\"><div class=\"\" ><div class=\"cz_image_in\"><div class=\"cz_main_image\"><img decoding=\"async\" width=\"300\" height=\"174\" data-src=\"https:\/\/mesec.si\/wp-content\/smush-avif\/2021\/11\/uv_spekter-300x174-2.png.avif\" class=\"attachment-full lazyload\" alt=\"UV spekter svetlobe\" title=\"uv_spekter-300x174\" src=\"data:image\/svg+xml;base64,PHN2ZyB3aWR0aD0iMSIgaGVpZ2h0PSIxIiB4bWxucz0iaHR0cDovL3d3dy53My5vcmcvMjAwMC9zdmciPjwvc3ZnPg==\" style=\"--smush-placeholder-width: 300px; --smush-placeholder-aspect-ratio: 300\/174;\" data-smush-avif-fallback=\"{&quot;data-src&quot;:&quot;https:\\\/\\\/mesec.si\\\/wp-content\\\/uploads\\\/2021\\\/11\\\/uv_spekter-300x174-2.png&quot;}\" \/><\/div><\/div><\/div><\/div>[\/vc_column_inner][\/vc_row_inner][\/vc_column][\/vc_row][vc_row][vc_column]<div class=\"cz_gap clr \" style=\"height: 50px\"><\/div>[vc_separator]<div class=\"cz_gap clr \" style=\"height: 50px\"><\/div>[\/vc_column][\/vc_row][vc_row][vc_column][vc_column_text]<\/p>\n<h2>Viqua UV sustavi<\/h2>\n<p>[\/vc_column_text][vc_row_inner][vc_column_inner width=&#8221;3\/4&#8243;][vc_column_text]<strong> U poduze\u0107u MESEC d.o.o. smo ponosni da je VIQUA na\u0161 partner i dobavlja\u010d UV dezinfekcijskih sustava. VIQUA nudi izuzetnu paletu certificiranih i testiranih UV dezinfekcijskih sustava koji nam garantiraju u\u010dinkovito djelovanje na patogene mikroorganizme u vodi kao su to E.coli, Cryptosporidium, Giardia i Legionella.<\/strong><\/p>\n<p>VIQUA UV sustavi su certificirani proizvodi. U cijeloti su proizvedeni u Kanadi, gdje svakodnevno testiraju i pobolj\u0161avaju tehnologiju djelovanja i proizvodnje UV sustava za dezinfekciju vode. Vi\u0161e o VIQUA UV sustavima mo\u017eete vidjeti na njihovoj internetskoj stranici\u00a0<strong><a class=\"scale\" href=\"https:\/\/viqua.com\/\">https:\/\/viqua.com\/<\/a><\/strong>\u00a0.<\/p>\n<p>VIQUA je kanadsko poduze\u0107e pod okriljem Trojan Technologies Company, koje je vi\u0161e od trideset godina vode\u0107e poduze\u0107e na podru\u0107ju UV dezinfekcije vode. Trojan UV sustavi osiguravaju kvalitetnu pitku vodu u vi\u0161e od 100 dr\u017eava diljem svijeta, a jedna od referenca je vodovodni susta u New Yorku.[\/vc_column_text][\/vc_column_inner][vc_column_inner width=&#8221;1\/4&#8243;]<div id=\"cz_33067\" data-position=\"top-right\" class=\"cz_33067 cz_image clr cz_image_no_fx center_on_mobile\"><div class=\"\" ><div class=\"cz_image_in\"><div class=\"cz_main_image\"><img decoding=\"async\" width=\"300\" height=\"300\" data-src=\"https:\/\/mesec.si\/wp-content\/smush-avif\/2021\/11\/hvp-157q-1.jpg.avif\" class=\"attachment-full lazyload\" alt=\"Hi\u0161na vodna postaja 107Q\" title=\"hvp-157q\" data-srcset=\"https:\/\/mesec.si\/wp-content\/smush-avif\/2021\/11\/hvp-157q-1.jpg.avif 300w, https:\/\/mesec.si\/wp-content\/smush-avif\/2021\/11\/hvp-157q-1-150x150.jpg.avif 150w, https:\/\/mesec.si\/wp-content\/smush-avif\/2021\/11\/hvp-157q-1-100x100.jpg.avif 100w\" data-sizes=\"(max-width: 300px) 100vw, 300px\" src=\"data:image\/svg+xml;base64,PHN2ZyB3aWR0aD0iMSIgaGVpZ2h0PSIxIiB4bWxucz0iaHR0cDovL3d3dy53My5vcmcvMjAwMC9zdmciPjwvc3ZnPg==\" style=\"--smush-placeholder-width: 300px; --smush-placeholder-aspect-ratio: 300\/300;\" data-smush-avif-fallback=\"{&quot;data-src&quot;:&quot;https:\\\/\\\/mesec.si\\\/wp-content\\\/uploads\\\/2021\\\/11\\\/hvp-157q-1.jpg&quot;,&quot;data-srcset&quot;:&quot;https:\\\/\\\/mesec.si\\\/wp-content\\\/uploads\\\/2021\\\/11\\\/hvp-157q-1.jpg 300w, https:\\\/\\\/mesec.si\\\/wp-content\\\/uploads\\\/2021\\\/11\\\/hvp-157q-1-150x150.jpg 150w, https:\\\/\\\/mesec.si\\\/wp-content\\\/uploads\\\/2021\\\/11\\\/hvp-157q-1-100x100.jpg 100w&quot;}\" \/><\/div><\/div><\/div><\/div>[\/vc_column_inner][\/vc_row_inner][\/vc_column][\/vc_row][vc_row][vc_column][vc_column_text]Poduze\u0107e MESEC vam nudi cijelovita rje\u0161enja obrade i pripreme pitke vode, zato vam preporu\u010damo da nam se obratite, na\u0161i stru\u010dnjaci za vodu \u0107e vam detaljnjije savjetovati o izboru pravog UV sustava za va\u0161u situaciju.[\/vc_column_text][\/vc_column][\/vc_row]<\/p>\n<\/div>","protected":false},"excerpt":{"rendered":"<p>[vc_section][vc_row][vc_column][vc_column_text] UV dezinfekcija [\/vc_column_text][vc_separator el_width=&#8221;30&#8243;][\/vc_column][\/vc_row][\/vc_section][vc_section][vc_row][vc_column][vc_column_text] Industrijski UV sustavi [\/vc_column_text][\/vc_column][\/vc_row][vc_row][vc_column width=&#8221;1\/6&#8243;][\/vc_column][vc_column width=&#8221;5\/6&#8243;][vc_column_text]VIQUA &#8230; <\/p>\n","protected":false},"author":2,"featured_media":2899,"parent":3650,"menu_order":0,"comment_status":"closed","ping_status":"closed","template":"","meta":{"footnotes":""},"class_list":["post-3677","page","type-page","status-publish","has-post-thumbnail","hentry"],"_links":{"self":[{"href":"https:\/\/mesec.si\/hr\/wp-json\/wp\/v2\/pages\/3677","targetHints":{"allow":["GET"]}}],"collection":[{"href":"https:\/\/mesec.si\/hr\/wp-json\/wp\/v2\/pages"}],"about":[{"href":"https:\/\/mesec.si\/hr\/wp-json\/wp\/v2\/types\/page"}],"author":[{"embeddable":true,"href":"https:\/\/mesec.si\/hr\/wp-json\/wp\/v2\/users\/2"}],"replies":[{"embeddable":true,"href":"https:\/\/mesec.si\/hr\/wp-json\/wp\/v2\/comments?post=3677"}],"version-history":[{"count":0,"href":"https:\/\/mesec.si\/hr\/wp-json\/wp\/v2\/pages\/3677\/revisions"}],"up":[{"embeddable":true,"href":"https:\/\/mesec.si\/hr\/wp-json\/wp\/v2\/pages\/3650"}],"wp:featuredmedia":[{"embeddable":true,"href":"https:\/\/mesec.si\/hr\/wp-json\/wp\/v2\/media\/2899"}],"wp:attachment":[{"href":"https:\/\/mesec.si\/hr\/wp-json\/wp\/v2\/media?parent=3677"}],"curies":[{"name":"wp","href":"https:\/\/api.w.org\/{rel}","templated":true}]}}