{"id":3667,"date":"2021-11-17T12:14:29","date_gmt":"2021-11-17T11:14:29","guid":{"rendered":"http:\/\/w5.mesec.si\/industrijski-sustavi\/industrijska-filtracija\/odstranjevanje-tezkih-kovin\/"},"modified":"2022-01-03T13:30:04","modified_gmt":"2022-01-03T12:30:04","slug":"deferizacija-i-demanganizacija","status":"publish","type":"page","link":"https:\/\/mesec.si\/hr\/industrijski-sustavi\/industrijska-filtracija\/deferizacija-i-demanganizacija\/","title":{"rendered":"Deferizacija i demanganizacija"},"content":{"rendered":"<div class=\"wpb-content-wrapper\"><p>[vc_section][vc_row][vc_column][vc_column_text]<\/p>\n<h1 style=\"text-align: center;\">Deferizacija i demanganizacija<\/h1>\n<p>[\/vc_column_text][vc_separator el_width=&#8221;30&#8243;]<div class=\"cz_gap clr  hide_on_mobile\" style=\"height: 50px\"><\/div><div class=\"cz_gap show_on_mobile clr\" style=\"height: 15px\"><\/div>[\/vc_column][\/vc_row][\/vc_section][vc_row][vc_column][vc_column_text]<\/p>\n<h2>MESEC FE-KX sustavi \u2013 Sustavi za odstranjivanje \u017eeljeza i mangana iz vode<\/h2>\n<p>[\/vc_column_text][vc_separator][vc_column_text]Mesec FE-KX sustavi, su ure\u0111aji dizajnirani za odstranjivanja \u017eeljeza, mangana, sumporovog sulfida, krutih \u010destica (3 \u2013 5 mikrometara), COD, BOD, kao i za odstranjivanje Arzena, Radija, Urana i Selena iz vode, s pomo\u0107u patentirane i inovativne tehnologije. Sustavi dolaze u razli\u010ditim modelima za profesijonalnu i ku\u0107nu upotrebu.<br \/>\nU sustavima Mesec FE-KX se kao netopljivi katalizator upotrebljava\u00a0<strong>KATALOX-LIGHT\u00ae<\/strong>, koji pospje\u0161uje i okrijepi reakciju izme\u0111u rastopljenog kisika i kontaminanti (npr. \u017eeljezom) u vodi. Te \u010destice tako mijenjaju svoju strukturu koja i, kao takva, lako se mo\u017ee ukloniti iz vode. Za djelovanje ure\u0111aja je potrebno samo povratno ispiranje bez upotrebe soli za regeneraciju te su tako i sni\u017eeni tro\u0161kovi djelovanja..[\/vc_column_text]<div id=\"cz_98587\" data-position=\"top-right\" class=\"cz_98587 cz_image clr cz_image_no_fx center_on_mobile\"><div class=\"\" ><div class=\"cz_image_in\"><div class=\"cz_main_image\"><img decoding=\"async\" width=\"1102\" height=\"468\" data-src=\"https:\/\/mesec.si\/wp-content\/smush-avif\/2021\/11\/iron_removal.jpg.avif\" class=\"attachment-full lazyload\" alt=\"Katalox Light\" title=\"iron_removal\" data-srcset=\"https:\/\/mesec.si\/wp-content\/smush-avif\/2021\/11\/iron_removal.jpg.avif 1102w, https:\/\/mesec.si\/wp-content\/smush-avif\/2021\/11\/iron_removal-300x127.jpg.avif 300w, https:\/\/mesec.si\/wp-content\/smush-avif\/2021\/11\/iron_removal-1024x435.jpg.avif 1024w, https:\/\/mesec.si\/wp-content\/smush-avif\/2021\/11\/iron_removal-768x326.jpg.avif 768w, https:\/\/mesec.si\/wp-content\/smush-avif\/2021\/11\/iron_removal-600x255.jpg.avif 600w\" data-sizes=\"(max-width: 1102px) 100vw, 1102px\" src=\"data:image\/svg+xml;base64,PHN2ZyB3aWR0aD0iMSIgaGVpZ2h0PSIxIiB4bWxucz0iaHR0cDovL3d3dy53My5vcmcvMjAwMC9zdmciPjwvc3ZnPg==\" style=\"--smush-placeholder-width: 1102px; --smush-placeholder-aspect-ratio: 1102\/468;\" data-smush-avif-fallback=\"{&quot;data-src&quot;:&quot;https:\\\/\\\/mesec.si\\\/wp-content\\\/uploads\\\/2021\\\/11\\\/iron_removal.jpg&quot;,&quot;data-srcset&quot;:&quot;https:\\\/\\\/mesec.si\\\/wp-content\\\/uploads\\\/2021\\\/11\\\/iron_removal.jpg 1102w, https:\\\/\\\/mesec.si\\\/wp-content\\\/uploads\\\/2021\\\/11\\\/iron_removal-300x127.jpg 300w, https:\\\/\\\/mesec.si\\\/wp-content\\\/uploads\\\/2021\\\/11\\\/iron_removal-1024x435.jpg 1024w, https:\\\/\\\/mesec.si\\\/wp-content\\\/uploads\\\/2021\\\/11\\\/iron_removal-768x326.jpg 768w, https:\\\/\\\/mesec.si\\\/wp-content\\\/uploads\\\/2021\\\/11\\\/iron_removal-600x255.jpg 600w&quot;}\" \/><\/div><\/div><\/div><\/div>[\/vc_column][\/vc_row][vc_row][vc_column]<div class=\"cz_gap clr \" style=\"height: 50px\"><\/div>[vc_separator]<div class=\"cz_gap clr \" style=\"height: 50px\"><\/div>[\/vc_column][\/vc_row][vc_row][vc_column][vc_column_text]<\/p>\n<h2>Kaj je Katalox-Light\u00ae?<\/h2>\n<p>[\/vc_column_text][\/vc_column][\/vc_row][vc_row][vc_column width=&#8221;3\/4&#8243;][vc_column_text]<strong>KATALOX LIGHT\u00ae<\/strong>\u00a0je nov revolucionaren medij za filtracijo razvit v Nem\u010diji. Njegova sestava ga naredi preprosto nadpovpre\u010dnega v primerjavi z sodobnimi filtrnimi mediji, ki se uporabljajo v industriji za predelavo vode, kot so pesek, BIRM, Greensand Plus, Manganese Greensand in podobni.<br \/>\nV osnovi je to ZEOSORB\u00ae, ki ga s posebno tehniko prevle\u010demo z 10% gama manganovim dioksidom (MnO<sub>2<\/sub>). Je lahek, ima ve\u010djo filtracijsko povr\u0161ino in dalj\u0161o \u017eivljenjsko dobo ter bolj zanesljivo filtracijo (filtracija do 3 \u00b5m) od drugih obstoje\u010dih granulacijskih filtrirnih medijev.[\/vc_column_text][\/vc_column][vc_column width=&#8221;1\/4&#8243;]<div id=\"cz_50717\" data-position=\"top-right\" class=\"cz_50717 cz_image clr cz_image_no_fx center_on_mobile\"><div class=\"\" ><div class=\"cz_image_in\"><div class=\"cz_main_image\"><img decoding=\"async\" width=\"300\" height=\"170\" data-src=\"https:\/\/mesec.si\/wp-content\/smush-avif\/2021\/11\/mesec_industrijska_filtracija_katalox-300x170-1.jpg.avif\" class=\"attachment-full lazyload\" alt=\"Katalox - odstranjevanje te\u017ekih kovin\" title=\"mesec_industrijska_filtracija_katalox-300x170\" src=\"data:image\/svg+xml;base64,PHN2ZyB3aWR0aD0iMSIgaGVpZ2h0PSIxIiB4bWxucz0iaHR0cDovL3d3dy53My5vcmcvMjAwMC9zdmciPjwvc3ZnPg==\" style=\"--smush-placeholder-width: 300px; --smush-placeholder-aspect-ratio: 300\/170;\" data-smush-avif-fallback=\"{&quot;data-src&quot;:&quot;https:\\\/\\\/mesec.si\\\/wp-content\\\/uploads\\\/2021\\\/11\\\/mesec_industrijska_filtracija_katalox-300x170-1.jpg&quot;}\" \/><\/div><\/div><\/div><\/div>[\/vc_column][\/vc_row][vc_row][vc_column width=&#8221;1\/4&#8243;]<div id=\"cz_26424\" data-position=\"top-right\" class=\"cz_26424 cz_image clr cz_image_no_fx center_on_mobile\"><div class=\"\" ><div class=\"cz_image_in\"><div class=\"cz_main_image\"><img decoding=\"async\" width=\"300\" height=\"245\" data-src=\"https:\/\/mesec.si\/wp-content\/smush-avif\/2021\/11\/mesec_mikrofiltracija-300x245-1.png.avif\" class=\"attachment-full lazyload\" alt=\"Mikrofiltracija\" title=\"mesec_mikrofiltracija-300x245\" src=\"data:image\/svg+xml;base64,PHN2ZyB3aWR0aD0iMSIgaGVpZ2h0PSIxIiB4bWxucz0iaHR0cDovL3d3dy53My5vcmcvMjAwMC9zdmciPjwvc3ZnPg==\" style=\"--smush-placeholder-width: 300px; --smush-placeholder-aspect-ratio: 300\/245;\" data-smush-avif-fallback=\"{&quot;data-src&quot;:&quot;https:\\\/\\\/mesec.si\\\/wp-content\\\/uploads\\\/2021\\\/11\\\/mesec_mikrofiltracija-300x245-1.png&quot;}\" \/><\/div><\/div><\/div><\/div>[\/vc_column][vc_column width=&#8221;3\/4&#8243;]<div class=\"cz_gap clr \" style=\"height: 50px\"><\/div>[vc_column_text]<\/p>\n<p class=\"odmik-00\">Uporablja se v \u0161tevilnih sistemih v industriji kot tudi za komercialno, ob\u010dinsko in privatno\/doma\u010do uporabo po vsem svetu. Omogo\u010da visoko stopnjo filtracije, odstranjevanje neprijetnih vonjav in barve, odstranjevanje \u017eeleza, mangana, vodikovega sulfida ter redukcijo arzena, cinka, bakra, svinca, radija, urana in drugih te\u017ekih kovin ter radioaktivnih izotopov.<\/p>\n<p>KATALOX LIGHT\u00ae ima certifikat ANSI\/NSF 61 za aplikacijo v predelavi pitne vode in je skladen z ANSI\/NSF 372 certifikatom.[\/vc_column_text][\/vc_column][\/vc_row][vc_row][vc_column]<div class=\"cz_gap clr \" style=\"height: 50px\"><\/div>[vc_separator]<div class=\"cz_gap clr \" style=\"height: 50px\"><\/div>[\/vc_column][\/vc_row][vc_row][vc_column][vc_column_text]<strong>Napredna uporaba<\/strong><\/p>\n<p>Visoko koncentrirana prevleka iz MnO<sub>2<\/sub>\u00a0je najve\u010dja prednost v primerjavi z podobnimi produkti. Omogo\u010da namre\u010d veliko bolj u\u010dinkovito oksidacijo in so-percipitacijo kontaminantov. \u00a0Za odstranjevanje visokih koncentracij kontaminantov je priporo\u010dena uporaba oksidanta H<sub>2<\/sub>O<sub>2<\/sub>.Za odstranjevanje arzena, radija in urana je potrebna prisotnost \u017eeleza v vodi, zato je v sistem vklju\u010dena posebna tehnologija za doziranje \u017eeleza.<\/p>\n<p><strong>Prihodnost<\/strong><\/p>\n<p>V prihodnosti lahko pri\u010dakujemo nove te\u017eje preizkuse pri \u010di\u0161\u010denju vode, zato potrebujemo bolj napredne in robustne produkte. KATALOX LIGHT\u00ae sistemi omogo\u010dajo novo tehnologijo z napredno kataliti\u010dno filtracijo. Sistemi so na voljo v razli\u010dnih modelih z mislijo tako na profesionalno kot privatno uporabo. Standardni sistemi so zasnovani z filtracijsko hitrostjo 20m\/h za zagotovitev primerne filtracije. Ta vrednost se lahko razlikuje za bolj napredne filtracije arzena, radija, urana in drugih te\u017ekih kovin kjer je potreben dalj\u0161i kontaktni \u010das.[\/vc_column_text][\/vc_column][\/vc_row][vc_row][vc_column]<div class=\"cz_gap clr \" style=\"height: 50px\"><\/div>[vc_separator]<div class=\"cz_gap clr \" style=\"height: 50px\"><\/div>[\/vc_column][\/vc_row][vc_row][vc_column][vc_column_text]<\/p>\n<h2>Kaj je Titansorb<sup>\u2122<\/sup>?<\/h2>\n<p>[\/vc_column_text][\/vc_column][\/vc_row][vc_row][vc_column width=&#8221;3\/4&#8243;]<div class=\"cz_gap clr \" style=\"height: 20px\"><\/div>[vc_column_text]Titanov dioksid je precej dostopna spojina, ki jo pridobivamo z izkopavanjem mineralov uporablja pa se predvsem kot belilno sredstvo v prehrani in v son\u010dnih kremah.\u00a0<strong>TITANSORB\u2122<\/strong>\u00a0je nov napreden adsorbent, ki odstranjuje arzen, baker, krom (VI), svinec, selen ter \u0161tevilne druge te\u017eke kovine. Prav tako lahko odstranjuje bakterije iz vode. Vse te lastnosti obi\u010dajno pomenijo visoke obratovalne stro\u0161ke, pri produktu TITANSORB\u2122 pa so ti stro\u0161ki v primerjavi z obstoje\u010dimi tehnologijami zelo nizki.[\/vc_column_text][\/vc_column][vc_column width=&#8221;1\/4&#8243;]<div id=\"cz_104871\" data-position=\"top-right\" class=\"cz_104871 cz_image clr cz_image_no_fx center_on_mobile\"><div class=\"\" ><div class=\"cz_image_in\"><div class=\"cz_main_image\"><img decoding=\"async\" width=\"299\" height=\"169\" data-src=\"https:\/\/mesec.si\/wp-content\/smush-avif\/2021\/11\/images.jpg.avif\" class=\"attachment-full lazyload\" alt=\"Odstranjevanje te\u017ekih kovin\" title=\"images\" src=\"data:image\/svg+xml;base64,PHN2ZyB3aWR0aD0iMSIgaGVpZ2h0PSIxIiB4bWxucz0iaHR0cDovL3d3dy53My5vcmcvMjAwMC9zdmciPjwvc3ZnPg==\" style=\"--smush-placeholder-width: 299px; --smush-placeholder-aspect-ratio: 299\/169;\" data-smush-avif-fallback=\"{&quot;data-src&quot;:&quot;https:\\\/\\\/mesec.si\\\/wp-content\\\/uploads\\\/2021\\\/11\\\/images.jpg&quot;}\" \/><\/div><\/div><\/div><\/div><div class=\"cz_gap clr  hide_on_mobile\" style=\"height: 0px\"><\/div><div class=\"cz_gap show_on_mobile clr\" style=\"height: 25px\"><\/div>[\/vc_column][\/vc_row][vc_row][vc_column][vc_column_text]<\/p>\n<div class=\"m-bg-kovine1\">\n<div class=\"m--kovine\">Nem\u0161ko podjetje WatchWater\u00ae je pet let razvijalo ta produkt. Adsorbent s tako nizkimi stro\u0161ki ima izjemen potencial pri zagotavljanju \u010diste vode brez te\u017ekih kovin na globalni ravni.<br \/>\nPatentiran medij TITANSORB\u2122 se uporablja tako za komercialno uporabo kot tudi v javnih vodnih sistemih za \u010di\u0161\u010denje vode ter pripravo pitne in mineralne vode. Medij ima najhitrej\u0161o kinetiko prenosa snovi kar se odra\u017ea v izredno kratkem kontaktnem \u010dasu (EBCT).<\/div>\n<\/div>\n<p>Ni\u017eji \u010das pomeni ni\u017eje obratovalne stro\u0161ke. Granule TITANSORB\u2122 so tako mo\u010dne, da v sistemu skoraj ni padca tlak. Velike pore medija omogo\u010dajo zelo hiter transport snovi znotraj granule le to pa zni\u017ea EBCT na nekaj sekund namesto nekaj minut kot pri ostalih medijih. Velikosti sistemov v primerjavi z drugimi mediji so prav tako zelo zni\u017eane.[\/vc_column_text][\/vc_column][\/vc_row][vc_row][vc_column]<div class=\"cz_gap clr \" style=\"height: 50px\"><\/div>[vc_separator]<div class=\"cz_gap clr \" style=\"height: 50px\"><\/div>[\/vc_column][\/vc_row][vc_row][vc_column][vc_column_text]<\/p>\n<h3>Primeri<\/h3>\n<p>[\/vc_column_text]<div id=\"cz6194\" class=\"cz6194 slick arrows_mlr no_dots\" data-slick='{\"selector\":\"\",\"slidesToShow\":4,\"slidesToScroll\":1,\"rows\":1,\"fade\":false,\"vertical\":false,\"verticalSwiping\":false,\"infinite\":false,\"speed\":1000,\"swipeToSlide\":true,\"centerMode\":false,\"centerPadding\":\"\",\"variableWidth\":false,\"autoplay\":false,\"autoplaySpeed\":4000,\"dots\":true,\"counts\":false,\"responsive\":[{\"breakpoint\":769,\"settings\":{\"slidesToShow\":2,\"slidesToScroll\":1,\"infinite\":true,\"touchMove\":true}},{\"breakpoint\":481,\"settings\":{\"slidesToShow\":1,\"slidesToScroll\":1,\"infinite\":true,\"touchMove\":true}}]}' data-slick-prev=\"fa fa-chevron-left\" data-slick-next=\"fa fa-chevron-right\"><div id=\"cz_31923\" class=\"cz_grid_p cz_31923\"><div class=\"cz_grid cz_grid_1 clr cz_grid_carousel cz_grid_1_no_title cz_grid_1_mid tac cz_tooltip cz_grid_1_no_title\"><div class=\"cz_grid_item cz_grid_first\"><\/div><div class=\"cz_grid_item \"><div data-title=\"FE-KX-70-1024x768\"><a class=\"cz_grid_link \" href=\"https:\/\/mesec.si\/wp-content\/smush-avif\/2021\/12\/FE-KX-70-1024x768-1.jpg.avif\" data-xtra-lightbox data-smush-avif-fallback=\"{&quot;href&quot;:&quot;https:\\\/\\\/mesec.si\\\/wp-content\\\/uploads\\\/2021\\\/12\\\/FE-KX-70-1024x768-1.jpg&quot;}\"><img decoding=\"async\" width=\"600\" height=\"600\" data-src=\"https:\/\/mesec.si\/wp-content\/smush-avif\/2021\/12\/FE-KX-70-1024x768-1-600x600.jpg.avif\" class=\"attachment-codevz_600_600 lazyload\" alt=\"FE-KX odstranjevanje kovin\" title=\"FE-KX-70-1024x768\" data-srcset=\"https:\/\/mesec.si\/wp-content\/smush-avif\/2021\/12\/FE-KX-70-1024x768-1-600x600.jpg.avif 600w, https:\/\/mesec.si\/wp-content\/smush-avif\/2021\/12\/FE-KX-70-1024x768-1-150x150.jpg.avif 150w, https:\/\/mesec.si\/wp-content\/smush-avif\/2021\/12\/FE-KX-70-1024x768-1-100x100.jpg.avif 100w\" data-sizes=\"(max-width: 600px) 100vw, 600px\" src=\"data:image\/svg+xml;base64,PHN2ZyB3aWR0aD0iMSIgaGVpZ2h0PSIxIiB4bWxucz0iaHR0cDovL3d3dy53My5vcmcvMjAwMC9zdmciPjwvc3ZnPg==\" style=\"--smush-placeholder-width: 600px; --smush-placeholder-aspect-ratio: 600\/600;\" data-smush-avif-fallback=\"{&quot;data-src&quot;:&quot;https:\\\/\\\/mesec.si\\\/wp-content\\\/uploads\\\/2021\\\/12\\\/FE-KX-70-1024x768-1-600x600.jpg&quot;,&quot;data-srcset&quot;:&quot;https:\\\/\\\/mesec.si\\\/wp-content\\\/uploads\\\/2021\\\/12\\\/FE-KX-70-1024x768-1-600x600.jpg 600w, https:\\\/\\\/mesec.si\\\/wp-content\\\/uploads\\\/2021\\\/12\\\/FE-KX-70-1024x768-1-150x150.jpg 150w, https:\\\/\\\/mesec.si\\\/wp-content\\\/uploads\\\/2021\\\/12\\\/FE-KX-70-1024x768-1-100x100.jpg 100w&quot;}\" \/><div class=\"cz_grid_details\"><i class=\"fa fa-search cz_grid_icon\"><\/i><\/div><\/a><\/div><\/div><div class=\"cz_grid_item \"><div data-title=\"FE-KX-70-1-1024x768\"><a class=\"cz_grid_link \" href=\"https:\/\/mesec.si\/wp-content\/smush-avif\/2021\/12\/FE-KX-70-1-1024x768-1.jpg.avif\" data-xtra-lightbox data-smush-avif-fallback=\"{&quot;href&quot;:&quot;https:\\\/\\\/mesec.si\\\/wp-content\\\/uploads\\\/2021\\\/12\\\/FE-KX-70-1-1024x768-1.jpg&quot;}\"><img decoding=\"async\" width=\"600\" height=\"600\" data-src=\"https:\/\/mesec.si\/wp-content\/smush-avif\/2021\/12\/FE-KX-70-1-1024x768-1-600x600.jpg.avif\" class=\"attachment-codevz_600_600 lazyload\" alt=\"Odstranjevanje te\u017ekih kovin\" title=\"FE-KX-70-1-1024x768\" data-srcset=\"https:\/\/mesec.si\/wp-content\/smush-avif\/2021\/12\/FE-KX-70-1-1024x768-1-600x600.jpg.avif 600w, https:\/\/mesec.si\/wp-content\/smush-avif\/2021\/12\/FE-KX-70-1-1024x768-1-150x150.jpg.avif 150w, https:\/\/mesec.si\/wp-content\/smush-avif\/2021\/12\/FE-KX-70-1-1024x768-1-100x100.jpg.avif 100w\" data-sizes=\"(max-width: 600px) 100vw, 600px\" src=\"data:image\/svg+xml;base64,PHN2ZyB3aWR0aD0iMSIgaGVpZ2h0PSIxIiB4bWxucz0iaHR0cDovL3d3dy53My5vcmcvMjAwMC9zdmciPjwvc3ZnPg==\" style=\"--smush-placeholder-width: 600px; --smush-placeholder-aspect-ratio: 600\/600;\" data-smush-avif-fallback=\"{&quot;data-src&quot;:&quot;https:\\\/\\\/mesec.si\\\/wp-content\\\/uploads\\\/2021\\\/12\\\/FE-KX-70-1-1024x768-1-600x600.jpg&quot;,&quot;data-srcset&quot;:&quot;https:\\\/\\\/mesec.si\\\/wp-content\\\/uploads\\\/2021\\\/12\\\/FE-KX-70-1-1024x768-1-600x600.jpg 600w, https:\\\/\\\/mesec.si\\\/wp-content\\\/uploads\\\/2021\\\/12\\\/FE-KX-70-1-1024x768-1-150x150.jpg 150w, https:\\\/\\\/mesec.si\\\/wp-content\\\/uploads\\\/2021\\\/12\\\/FE-KX-70-1-1024x768-1-100x100.jpg 100w&quot;}\" \/><div class=\"cz_grid_details\"><i class=\"fa fa-search cz_grid_icon\"><\/i><\/div><\/a><\/div><\/div><div class=\"cz_grid_item \"><div data-title=\"FE-KX-70-2-1024x768\"><a class=\"cz_grid_link \" href=\"https:\/\/mesec.si\/wp-content\/smush-avif\/2021\/12\/FE-KX-70-2-1024x768-1.jpg.avif\" data-xtra-lightbox data-smush-avif-fallback=\"{&quot;href&quot;:&quot;https:\\\/\\\/mesec.si\\\/wp-content\\\/uploads\\\/2021\\\/12\\\/FE-KX-70-2-1024x768-1.jpg&quot;}\"><img decoding=\"async\" width=\"600\" height=\"600\" data-src=\"https:\/\/mesec.si\/wp-content\/smush-avif\/2021\/12\/FE-KX-70-2-1024x768-1-600x600.jpg.avif\" class=\"attachment-codevz_600_600 lazyload\" alt=\"FE-KX 70 Multifiltracijski sistem za odstranjevanje \u017eeleza, mangana in \u017eveplovega sulfida iz vode\" title=\"FE-KX-70-2-1024x768\" data-srcset=\"https:\/\/mesec.si\/wp-content\/smush-avif\/2021\/12\/FE-KX-70-2-1024x768-1-600x600.jpg.avif 600w, https:\/\/mesec.si\/wp-content\/smush-avif\/2021\/12\/FE-KX-70-2-1024x768-1-150x150.jpg.avif 150w, https:\/\/mesec.si\/wp-content\/smush-avif\/2021\/12\/FE-KX-70-2-1024x768-1-100x100.jpg.avif 100w\" data-sizes=\"(max-width: 600px) 100vw, 600px\" src=\"data:image\/svg+xml;base64,PHN2ZyB3aWR0aD0iMSIgaGVpZ2h0PSIxIiB4bWxucz0iaHR0cDovL3d3dy53My5vcmcvMjAwMC9zdmciPjwvc3ZnPg==\" style=\"--smush-placeholder-width: 600px; --smush-placeholder-aspect-ratio: 600\/600;\" data-smush-avif-fallback=\"{&quot;data-src&quot;:&quot;https:\\\/\\\/mesec.si\\\/wp-content\\\/uploads\\\/2021\\\/12\\\/FE-KX-70-2-1024x768-1-600x600.jpg&quot;,&quot;data-srcset&quot;:&quot;https:\\\/\\\/mesec.si\\\/wp-content\\\/uploads\\\/2021\\\/12\\\/FE-KX-70-2-1024x768-1-600x600.jpg 600w, https:\\\/\\\/mesec.si\\\/wp-content\\\/uploads\\\/2021\\\/12\\\/FE-KX-70-2-1024x768-1-150x150.jpg 150w, https:\\\/\\\/mesec.si\\\/wp-content\\\/uploads\\\/2021\\\/12\\\/FE-KX-70-2-1024x768-1-100x100.jpg 100w&quot;}\" \/><div class=\"cz_grid_details\"><i class=\"fa fa-search cz_grid_icon\"><\/i><\/div><\/a><\/div><\/div><\/div><\/div><\/div><div data-cz-style='#cz6194 .slick-list{margin: 0 -5px;clip-path:inset(0 5px 0 5px)}#cz6194 .slick-slide{margin: 0 5px}'><\/div>[\/vc_column][\/vc_row]<\/p>\n<\/div>","protected":false},"excerpt":{"rendered":"<p>[vc_section][vc_row][vc_column][vc_column_text] Deferizacija i demanganizacija [\/vc_column_text][vc_separator el_width=&#8221;30&#8243;][\/vc_column][\/vc_row][\/vc_section][vc_row][vc_column][vc_column_text] MESEC FE-KX sustavi \u2013 Sustavi &#8230; <\/p>\n","protected":false},"author":2,"featured_media":6871,"parent":3655,"menu_order":0,"comment_status":"closed","ping_status":"closed","template":"","meta":{"footnotes":""},"class_list":["post-3667","page","type-page","status-publish","has-post-thumbnail","hentry"],"_links":{"self":[{"href":"https:\/\/mesec.si\/hr\/wp-json\/wp\/v2\/pages\/3667","targetHints":{"allow":["GET"]}}],"collection":[{"href":"https:\/\/mesec.si\/hr\/wp-json\/wp\/v2\/pages"}],"about":[{"href":"https:\/\/mesec.si\/hr\/wp-json\/wp\/v2\/types\/page"}],"author":[{"embeddable":true,"href":"https:\/\/mesec.si\/hr\/wp-json\/wp\/v2\/users\/2"}],"replies":[{"embeddable":true,"href":"https:\/\/mesec.si\/hr\/wp-json\/wp\/v2\/comments?post=3667"}],"version-history":[{"count":0,"href":"https:\/\/mesec.si\/hr\/wp-json\/wp\/v2\/pages\/3667\/revisions"}],"up":[{"embeddable":true,"href":"https:\/\/mesec.si\/hr\/wp-json\/wp\/v2\/pages\/3655"}],"wp:featuredmedia":[{"embeddable":true,"href":"https:\/\/mesec.si\/hr\/wp-json\/wp\/v2\/media\/6871"}],"wp:attachment":[{"href":"https:\/\/mesec.si\/hr\/wp-json\/wp\/v2\/media?parent=3667"}],"curies":[{"name":"wp","href":"https:\/\/api.w.org\/{rel}","templated":true}]}}