{"id":3663,"date":"2021-11-17T12:14:12","date_gmt":"2021-11-17T11:14:12","guid":{"rendered":"http:\/\/w5.mesec.si\/industrijski-sustavi\/industrijska-filtracija\/mikrofiltracija\/"},"modified":"2022-01-03T13:29:15","modified_gmt":"2022-01-03T12:29:15","slug":"mikrofiltriranjc","status":"publish","type":"page","link":"https:\/\/mesec.si\/hr\/industrijski-sustavi\/industrijska-filtracija\/mikrofiltriranjc\/","title":{"rendered":"Mikrofiltriranjc"},"content":{"rendered":"<div class=\"wpb-content-wrapper\"><p>[vc_section][vc_row][vc_column][vc_column_text]<\/p>\n<h1 style=\"text-align: center;\">Mikrofiltriranjc<\/h1>\n<p>[\/vc_column_text][vc_separator el_width=&#8221;30&#8243;]<div class=\"cz_gap clr  hide_on_mobile\" style=\"height: 50px\"><\/div><div class=\"cz_gap show_on_mobile clr\" style=\"height: 15px\"><\/div>[\/vc_column][\/vc_row][\/vc_section][vc_row][vc_column][vc_column_text]<\/p>\n<h2>MESEC MPF-HF hyper-filtracijski sustavi<\/h2>\n<p>[\/vc_column_text][vc_separator][\/vc_column][\/vc_row][vc_row][vc_column width=&#8221;3\/4&#8243;]<div class=\"cz_gap clr \" style=\"height: 20px\"><\/div>[vc_column_text]MESEC MPF-HF, hyper-filtracijski sustav je namijenjen filtriranju vode iz vlastitih obuhvata, bu\u0161otina, koja su optere\u0107ena s velikom koli\u0107inom suspendiranih \u010destica. Glavna prednost sustava filtriranja je upotreba medija\u00a0<strong>ZEOSORB\u00ae<\/strong>, koji je stabilniji od drugih proizvoda kao npr. pijesak, antracit i drugi multimedijski filteri, a omogu\u0107uje filtriranje \u0161irokog spektra veli\u0107ine \u010destica (5 \u2013 100 \u00b5m) pri zadovoljavaju\u0107im protocima i niskih protocima pri povratnom ispiranju.<\/p>\n<h5>Podru\u0107ja uporabe<\/h5>\n<ul>\n<li>Mutno\u0107a rije\u010dnih voda<\/li>\n<li>Industrija fla\u0161irane vode<\/li>\n<li>Voda za razhladne tornjeve<\/li>\n<li>\u010ci\u0161\u0107enje procesnih voda<\/li>\n<li>Pred-filtracija pri reverzni osmozi<\/li>\n<li>Pred-filtracija za sustav s granuliranim aktivnim ugljenom.<\/li>\n<\/ul>\n<p>[\/vc_column_text][\/vc_column][vc_column width=&#8221;1\/4&#8243;]<div id=\"cz_70678\" data-position=\"top-right\" class=\"cz_70678 cz_image clr cz_image_no_fx center_on_mobile\"><div class=\"\" ><div class=\"cz_image_in\"><div class=\"cz_main_image\"><img decoding=\"async\" width=\"480\" height=\"636\" data-src=\"https:\/\/mesec.si\/wp-content\/smush-avif\/2021\/11\/industrijska_filtracija_inziniring_mesec_mpf-480x636-1.jpg.avif\" class=\"attachment-full lazyload\" alt=\"industrijska filtracija inziniring\" title=\"industrijska_filtracija_inziniring_mesec_mpf-480x636\" data-srcset=\"https:\/\/mesec.si\/wp-content\/smush-avif\/2021\/11\/industrijska_filtracija_inziniring_mesec_mpf-480x636-1.jpg.avif 480w, https:\/\/mesec.si\/wp-content\/smush-avif\/2021\/11\/industrijska_filtracija_inziniring_mesec_mpf-480x636-1-226x300.jpg.avif 226w\" data-sizes=\"(max-width: 480px) 100vw, 480px\" src=\"data:image\/svg+xml;base64,PHN2ZyB3aWR0aD0iMSIgaGVpZ2h0PSIxIiB4bWxucz0iaHR0cDovL3d3dy53My5vcmcvMjAwMC9zdmciPjwvc3ZnPg==\" style=\"--smush-placeholder-width: 480px; --smush-placeholder-aspect-ratio: 480\/636;\" data-smush-avif-fallback=\"{&quot;data-src&quot;:&quot;https:\\\/\\\/mesec.si\\\/wp-content\\\/uploads\\\/2021\\\/11\\\/industrijska_filtracija_inziniring_mesec_mpf-480x636-1.jpg&quot;,&quot;data-srcset&quot;:&quot;https:\\\/\\\/mesec.si\\\/wp-content\\\/uploads\\\/2021\\\/11\\\/industrijska_filtracija_inziniring_mesec_mpf-480x636-1.jpg 480w, https:\\\/\\\/mesec.si\\\/wp-content\\\/uploads\\\/2021\\\/11\\\/industrijska_filtracija_inziniring_mesec_mpf-480x636-1-226x300.jpg 226w&quot;}\" \/><\/div><\/div><\/div><\/div>[\/vc_column][\/vc_row][vc_row][vc_column]<div class=\"cz_gap clr \" style=\"height: 50px\"><\/div>[\/vc_column][\/vc_row][vc_row][vc_column width=&#8221;1\/3&#8243;][vc_column_text]<\/p>\n<h3>\u010ci\u0161\u0107enje<\/h3>\n<hr \/>\n<ul>\n<li>Pitke vode<\/li>\n<li>Talne vode<\/li>\n<li>Povr\u0161inske vode<\/li>\n<li>Otpadne vode<\/li>\n<li>Vode u bazenima<\/li>\n<li>Pred-filtracija pri reverzni osmozi<\/li>\n<\/ul>\n<p>[\/vc_column_text][\/vc_column][vc_column width=&#8221;1\/3&#8243;][vc_column_text]<\/p>\n<h3>Adsorpcija amonijaka<\/h3>\n<hr \/>\n<ul>\n<li>Smanjenje mutno\u0107e vode<\/li>\n<li>Kontroliranje nastanka kloroamina<\/li>\n<li>Visoka specifi\u010dna povr\u0161ina<\/li>\n<li>Dug \u017eivotni\/radni vijek medija (ne tro\u0161i se u procesu djelovanja)<\/li>\n<\/ul>\n<p>[\/vc_column_text][\/vc_column][vc_column width=&#8221;1\/3&#8243;][vc_column_text]<\/p>\n<h3>U\u0161teta na potro\u0161nji vode<\/h3>\n<hr \/>\n<ul>\n<li>Podvojeno vrijeme u procesu povratnog \u010di\u0161\u0107enja<\/li>\n<li>Smanjenje trajanja povratnog \u010di\u0161\u0107enja do 50%<\/li>\n<li>Visoki kapacitet filtriranja<\/li>\n<\/ul>\n<p>[\/vc_column_text][\/vc_column][\/vc_row]<\/p>\n<\/div>","protected":false},"excerpt":{"rendered":"<p>[vc_section][vc_row][vc_column][vc_column_text] Mikrofiltriranjc [\/vc_column_text][vc_separator el_width=&#8221;30&#8243;][\/vc_column][\/vc_row][\/vc_section][vc_row][vc_column][vc_column_text] MESEC MPF-HF hyper-filtracijski sustavi [\/vc_column_text][vc_separator][\/vc_column][\/vc_row][vc_row][vc_column width=&#8221;3\/4&#8243;][vc_column_text]MESEC MPF-HF, &#8230; <\/p>\n","protected":false},"author":2,"featured_media":2880,"parent":3655,"menu_order":0,"comment_status":"closed","ping_status":"closed","template":"","meta":{"footnotes":""},"class_list":["post-3663","page","type-page","status-publish","has-post-thumbnail","hentry"],"_links":{"self":[{"href":"https:\/\/mesec.si\/hr\/wp-json\/wp\/v2\/pages\/3663","targetHints":{"allow":["GET"]}}],"collection":[{"href":"https:\/\/mesec.si\/hr\/wp-json\/wp\/v2\/pages"}],"about":[{"href":"https:\/\/mesec.si\/hr\/wp-json\/wp\/v2\/types\/page"}],"author":[{"embeddable":true,"href":"https:\/\/mesec.si\/hr\/wp-json\/wp\/v2\/users\/2"}],"replies":[{"embeddable":true,"href":"https:\/\/mesec.si\/hr\/wp-json\/wp\/v2\/comments?post=3663"}],"version-history":[{"count":0,"href":"https:\/\/mesec.si\/hr\/wp-json\/wp\/v2\/pages\/3663\/revisions"}],"up":[{"embeddable":true,"href":"https:\/\/mesec.si\/hr\/wp-json\/wp\/v2\/pages\/3655"}],"wp:featuredmedia":[{"embeddable":true,"href":"https:\/\/mesec.si\/hr\/wp-json\/wp\/v2\/media\/2880"}],"wp:attachment":[{"href":"https:\/\/mesec.si\/hr\/wp-json\/wp\/v2\/media?parent=3663"}],"curies":[{"name":"wp","href":"https:\/\/api.w.org\/{rel}","templated":true}]}}