{"id":3655,"date":"2021-11-17T12:09:57","date_gmt":"2021-11-17T11:09:57","guid":{"rendered":"http:\/\/w5.mesec.si\/industrijski-sustavi\/industrijska-filtracija\/"},"modified":"2022-01-03T13:27:20","modified_gmt":"2022-01-03T12:27:20","slug":"industrijska-filtracija","status":"publish","type":"page","link":"https:\/\/mesec.si\/hr\/industrijski-sustavi\/industrijska-filtracija\/","title":{"rendered":"Industrijska filtracija"},"content":{"rendered":"<div class=\"wpb-content-wrapper\"><p>[vc_section][vc_row][vc_column][vc_column_text]<\/p>\n<h1 style=\"text-align: center;\">Industrijska filtracija<\/h1>\n<p>[\/vc_column_text][vc_separator el_width=&#8221;30&#8243;]<div class=\"cz_gap clr \" style=\"height: 50px\"><\/div>[\/vc_column][\/vc_row][\/vc_section][vc_section][vc_row][vc_column width=&#8221;1\/3&#8243;]<div id=\"cz_42382\" class=\"cz_42382 cz_banner clr\">\n\t\t\t<figure class=\"effect-style1\">\n\t\t\t\t<img decoding=\"async\" width=\"396\" height=\"381\" data-src=\"https:\/\/mesec.si\/wp-content\/uploads\/2021\/11\/filtrofilterone-fon-01-800x1024-1.jpg\" class=\"attachment-full lazyload\" alt=\"filtrofilterone fon\" title=\"filtrofilterone-fon-01-800x1024\" data-srcset=\"https:\/\/mesec.si\/wp-content\/uploads\/2021\/11\/filtrofilterone-fon-01-800x1024-1.jpg 396w, https:\/\/mesec.si\/wp-content\/uploads\/2021\/11\/filtrofilterone-fon-01-800x1024-1-300x289.jpg 300w\" data-sizes=\"(max-width: 396px) 100vw, 396px\" src=\"data:image\/svg+xml;base64,PHN2ZyB3aWR0aD0iMSIgaGVpZ2h0PSIxIiB4bWxucz0iaHR0cDovL3d3dy53My5vcmcvMjAwMC9zdmciPjwvc3ZnPg==\" style=\"--smush-placeholder-width: 396px; --smush-placeholder-aspect-ratio: 396\/381;\" \/>\n\t\t\t\t<figcaption><div><h4>Filtracija mehani\u010dkih \u010destica<\/h4><p class=\"cz_wpe_content\"><span style=\"color: black;\">Korisnikom nudimo usluge visoko osposobljene i specializirane tehni\u010dke slu\u017ebe, koja je s znanjem i iskustvom sposobna preoblikovati probleme na terenu u inovativna rje\u0161enja.<\/span><\/p><\/div><a href=\"\/hr\/industrijski-sustavi\/industrijska-filtracija\/filtracija-mehanickih-cestica\/\" title=\"Filtracija mehani\u010dkih \u010destica\" aria-label=\"Filtracija mehani\u010dkih \u010destica\"> <\/a><\/figcaption>\t\t\t\n\t\t\t<\/figure>\n\t\t<\/div><div class=\"cz_gap clr  hide_on_mobile\" style=\"height: 0px\"><\/div><div class=\"cz_gap show_on_mobile clr\" style=\"height: 20px\"><\/div>[\/vc_column][vc_column width=&#8221;1\/3&#8243;]<div id=\"cz_43980\" class=\"cz_43980 cz_banner clr\">\n\t\t\t<figure class=\"effect-style1\">\n\t\t\t\t<img decoding=\"async\" width=\"396\" height=\"381\" data-src=\"https:\/\/mesec.si\/wp-content\/uploads\/2021\/11\/mesec_mikrofiltracija.jpg\" class=\"attachment-full lazyload\" alt=\"mesec mikrofiltracija\" title=\"mesec_mikrofiltracija\" data-srcset=\"https:\/\/mesec.si\/wp-content\/uploads\/2021\/11\/mesec_mikrofiltracija.jpg 396w, https:\/\/mesec.si\/wp-content\/uploads\/2021\/11\/mesec_mikrofiltracija-300x289.jpg 300w\" data-sizes=\"(max-width: 396px) 100vw, 396px\" src=\"data:image\/svg+xml;base64,PHN2ZyB3aWR0aD0iMSIgaGVpZ2h0PSIxIiB4bWxucz0iaHR0cDovL3d3dy53My5vcmcvMjAwMC9zdmciPjwvc3ZnPg==\" style=\"--smush-placeholder-width: 396px; --smush-placeholder-aspect-ratio: 396\/381;\" \/>\n\t\t\t\t<figcaption><div><h4>Mikrofiltranjc<\/h4><p class=\"cz_wpe_content\"><span style=\"color: black;\">MESEC MPF-HF, hyper-filtracijski sistem je namenjen filtraciji vode iz lastnih zajetij in ostalih virov, ki so obremenjeni z veliko koli\u010dino suspendiranih delcev.<\/span><\/p><\/div><a href=\"\/hr\/industrijski-sustavi\/industrijska-filtracija\/mikrofiltriranjc\/\" title=\"Mikrofiltriranjc\" aria-label=\"Mikrofiltriranjc\"> <\/a><\/figcaption>\t\t\t\n\t\t\t<\/figure>\n\t\t<\/div><div class=\"cz_gap clr  hide_on_mobile\" style=\"height: 0px\"><\/div><div class=\"cz_gap show_on_mobile clr\" style=\"height: 20px\"><\/div>[\/vc_column][vc_column width=&#8221;1\/3&#8243;]<div id=\"cz_45125\" class=\"cz_45125 cz_banner clr\">\n\t\t\t<figure class=\"effect-style1\">\n\t\t\t\t<img decoding=\"async\" width=\"396\" height=\"381\" data-src=\"https:\/\/mesec.si\/wp-content\/uploads\/2021\/11\/sredstva-za-zascito-in-vzdrzevanje-ogrevalnih-sistemov.jpg\" class=\"attachment-full lazyload\" alt=\"AZ 1000\" title=\"sredstva-za-zascito-in-vzdrzevanje-ogrevalnih-sistemov\" data-srcset=\"https:\/\/mesec.si\/wp-content\/uploads\/2021\/11\/sredstva-za-zascito-in-vzdrzevanje-ogrevalnih-sistemov.jpg 396w, https:\/\/mesec.si\/wp-content\/uploads\/2021\/11\/sredstva-za-zascito-in-vzdrzevanje-ogrevalnih-sistemov-300x289.jpg 300w\" data-sizes=\"(max-width: 396px) 100vw, 396px\" src=\"data:image\/svg+xml;base64,PHN2ZyB3aWR0aD0iMSIgaGVpZ2h0PSIxIiB4bWxucz0iaHR0cDovL3d3dy53My5vcmcvMjAwMC9zdmciPjwvc3ZnPg==\" style=\"--smush-placeholder-width: 396px; --smush-placeholder-aspect-ratio: 396\/381;\" \/>\n\t\t\t\t<figcaption><div><h4>Uklanjanje te\u0161kih metala<\/h4><p class=\"cz_wpe_content\"><span style=\"color: black;\">Mesec FE-KX sistemi, so naprave oblikovane za odstranjevanja \u017eeleza, mangana, \u017eveplovega sulfida, trdih delcev , COD, BOD, kot tudi za odstranjevanje Arzena, Radija, Urana in Selena iz vode.<\/span><\/p><\/div><a href=\"\/hr\/industrijski-sustavi\/industrijska-filtracija\/deferizacija-i-demanganizacija\/\" title=\"Deferizacija i demanganizacija\" aria-label=\"Deferizacija i demanganizacija\"> <\/a><\/figcaption>\t\t\t\n\t\t\t<\/figure>\n\t\t<\/div><div class=\"cz_gap clr  hide_on_mobile\" style=\"height: 0px\"><\/div><div class=\"cz_gap show_on_mobile clr\" style=\"height: 20px\"><\/div>[\/vc_column][\/vc_row][vc_row][vc_column]<div class=\"cz_gap clr  hide_on_mobile\" style=\"height: 50px\"><\/div><div class=\"cz_gap show_on_mobile clr\" style=\"height: 0px\"><\/div>[\/vc_column][\/vc_row][vc_row][vc_column width=&#8221;2\/12&#8243;][\/vc_column][vc_column width=&#8221;4\/12&#8243;]<div id=\"cz_35583\" class=\"cz_35583 cz_banner clr\">\n\t\t\t<figure class=\"effect-style1\">\n\t\t\t\t<img decoding=\"async\" width=\"396\" height=\"381\" data-src=\"https:\/\/mesec.si\/wp-content\/uploads\/2021\/11\/MRO600-tlacna-posoda-60l.jpg\" class=\"attachment-full lazyload\" alt=\"MRO600 z tla\u010dno posodo\" title=\"MRO600 - tlacna-posoda-60l\" data-srcset=\"https:\/\/mesec.si\/wp-content\/uploads\/2021\/11\/MRO600-tlacna-posoda-60l.jpg 396w, https:\/\/mesec.si\/wp-content\/uploads\/2021\/11\/MRO600-tlacna-posoda-60l-300x289.jpg 300w\" data-sizes=\"(max-width: 396px) 100vw, 396px\" src=\"data:image\/svg+xml;base64,PHN2ZyB3aWR0aD0iMSIgaGVpZ2h0PSIxIiB4bWxucz0iaHR0cDovL3d3dy53My5vcmcvMjAwMC9zdmciPjwvc3ZnPg==\" style=\"--smush-placeholder-width: 396px; --smush-placeholder-aspect-ratio: 396\/381;\" \/>\n\t\t\t\t<figcaption><div><h4>Membranska filtracija<\/h4><\/div><a href=\"\/industrijski-sistemi\/industrijska-filtracija\/membranska-filtracija\/\" title=\"Membranska filtracija\" aria-label=\"Membranska filtracija\"> <\/a><\/figcaption>\t\t\t\n\t\t\t<\/figure>\n\t\t<\/div><div class=\"cz_gap clr  hide_on_mobile\" style=\"height: 0px\"><\/div><div class=\"cz_gap show_on_mobile clr\" style=\"height: 20px\"><\/div>[\/vc_column][vc_column width=&#8221;4\/12&#8243;]<div id=\"cz_14902\" class=\"cz_14902 cz_banner clr\">\n\t\t\t<figure class=\"effect-style1\">\n\t\t\t\t<img decoding=\"async\" width=\"396\" height=\"381\" data-src=\"https:\/\/mesec.si\/wp-content\/uploads\/2021\/11\/reverzna-osmoza.jpg\" class=\"attachment-full lazyload\" alt=\"Osmotic - Reverzna osmoza\" title=\"reverzna-osmoza\" data-srcset=\"https:\/\/mesec.si\/wp-content\/uploads\/2021\/11\/reverzna-osmoza.jpg 396w, https:\/\/mesec.si\/wp-content\/uploads\/2021\/11\/reverzna-osmoza-300x289.jpg 300w\" data-sizes=\"(max-width: 396px) 100vw, 396px\" src=\"data:image\/svg+xml;base64,PHN2ZyB3aWR0aD0iMSIgaGVpZ2h0PSIxIiB4bWxucz0iaHR0cDovL3d3dy53My5vcmcvMjAwMC9zdmciPjwvc3ZnPg==\" style=\"--smush-placeholder-width: 396px; --smush-placeholder-aspect-ratio: 396\/381;\" \/>\n\t\t\t\t<figcaption><div><h4>Reverzna osmoza<\/h4><p class=\"cz_wpe_content\"><span style=\"color: black;\">Z reverzno osmozo odstranjujemo ione, molekule in ve\u010dje delce iz onesna\u017eene ali morske vode. S pomo\u010djo dovajanja tlaka premagujemo osmotski tlak.<\/span><\/p><\/div><a href=\"\/hr\/industrijski-sustavi\/industrijska-filtracija\/reverzna-osmoza-ro\/\" title=\"Reverzna osmoza \u2013 RO\" aria-label=\"Reverzna osmoza \u2013 RO\"> <\/a><\/figcaption>\t\t\t\n\t\t\t<\/figure>\n\t\t<\/div>[\/vc_column][vc_column width=&#8221;2\/12&#8243;][\/vc_column][\/vc_row][\/vc_section]<\/p>\n<\/div>","protected":false},"excerpt":{"rendered":"<p>[vc_section][vc_row][vc_column][vc_column_text] Industrijska filtracija [\/vc_column_text][vc_separator el_width=&#8221;30&#8243;][\/vc_column][\/vc_row][\/vc_section][vc_section][vc_row][vc_column width=&#8221;1\/3&#8243;][\/vc_column][vc_column width=&#8221;1\/3&#8243;][\/vc_column][vc_column width=&#8221;1\/3&#8243;][\/vc_column][\/vc_row][vc_row][vc_column][\/vc_column][\/vc_row][vc_row][vc_column width=&#8221;2\/12&#8243;][\/vc_column][vc_column width=&#8221;4\/12&#8243;][\/vc_column][vc_column width=&#8221;4\/12&#8243;][\/vc_column][vc_column &#8230; <\/p>\n","protected":false},"author":2,"featured_media":3069,"parent":3650,"menu_order":0,"comment_status":"closed","ping_status":"closed","template":"","meta":{"footnotes":""},"class_list":["post-3655","page","type-page","status-publish","has-post-thumbnail","hentry"],"_links":{"self":[{"href":"https:\/\/mesec.si\/hr\/wp-json\/wp\/v2\/pages\/3655","targetHints":{"allow":["GET"]}}],"collection":[{"href":"https:\/\/mesec.si\/hr\/wp-json\/wp\/v2\/pages"}],"about":[{"href":"https:\/\/mesec.si\/hr\/wp-json\/wp\/v2\/types\/page"}],"author":[{"embeddable":true,"href":"https:\/\/mesec.si\/hr\/wp-json\/wp\/v2\/users\/2"}],"replies":[{"embeddable":true,"href":"https:\/\/mesec.si\/hr\/wp-json\/wp\/v2\/comments?post=3655"}],"version-history":[{"count":0,"href":"https:\/\/mesec.si\/hr\/wp-json\/wp\/v2\/pages\/3655\/revisions"}],"up":[{"embeddable":true,"href":"https:\/\/mesec.si\/hr\/wp-json\/wp\/v2\/pages\/3650"}],"wp:featuredmedia":[{"embeddable":true,"href":"https:\/\/mesec.si\/hr\/wp-json\/wp\/v2\/media\/3069"}],"wp:attachment":[{"href":"https:\/\/mesec.si\/hr\/wp-json\/wp\/v2\/media?parent=3655"}],"curies":[{"name":"wp","href":"https:\/\/api.w.org\/{rel}","templated":true}]}}