{"id":3650,"date":"2021-11-17T12:09:13","date_gmt":"2021-11-17T11:09:13","guid":{"rendered":"http:\/\/w5.mesec.si\/industrijski-sistemi\/"},"modified":"2021-12-13T14:43:23","modified_gmt":"2021-12-13T13:43:23","slug":"industrijski-sustavi","status":"publish","type":"page","link":"https:\/\/mesec.si\/hr\/industrijski-sustavi\/","title":{"rendered":"Industrijski sustavi"},"content":{"rendered":"<div class=\"wpb-content-wrapper\"><p>[vc_section][vc_row][vc_column][vc_column_text]<\/p>\n<h1 style=\"text-align: center;\">Industrijski sustavi<\/h1>\n<p>[\/vc_column_text][vc_separator el_width=&#8221;30&#8243;]<div class=\"cz_gap clr \" style=\"height: 50px\"><\/div>[\/vc_column][\/vc_row][\/vc_section][vc_section][vc_row][vc_column width=&#8221;1\/4&#8243;]<div id=\"cz_11665\" data-position=\"top-right\" class=\"cz_11665 cz_image clr cz_image_no_fx center_on_mobile\"><div class=\"\" ><div class=\"cz_image_in\"><div class=\"cz_main_image\"><img decoding=\"async\" width=\"800\" height=\"786\" data-src=\"https:\/\/mesec.si\/wp-content\/smush-avif\/2021\/11\/Industrijska-filtracija.jpg.avif\" class=\"attachment-full lazyload\" alt=\"Industrijska filtracija - EverBlue\" title=\"Industrijska-filtracija\" data-srcset=\"https:\/\/mesec.si\/wp-content\/smush-avif\/2021\/11\/Industrijska-filtracija.jpg.avif 800w, https:\/\/mesec.si\/wp-content\/smush-avif\/2021\/11\/Industrijska-filtracija-300x295.jpg.avif 300w, https:\/\/mesec.si\/wp-content\/smush-avif\/2021\/11\/Industrijska-filtracija-768x755.jpg.avif 768w, https:\/\/mesec.si\/wp-content\/smush-avif\/2021\/11\/Industrijska-filtracija-600x590.jpg.avif 600w\" data-sizes=\"(max-width: 800px) 100vw, 800px\" src=\"data:image\/svg+xml;base64,PHN2ZyB3aWR0aD0iMSIgaGVpZ2h0PSIxIiB4bWxucz0iaHR0cDovL3d3dy53My5vcmcvMjAwMC9zdmciPjwvc3ZnPg==\" style=\"--smush-placeholder-width: 800px; --smush-placeholder-aspect-ratio: 800\/786;\" data-smush-avif-fallback=\"{&quot;data-src&quot;:&quot;https:\\\/\\\/mesec.si\\\/wp-content\\\/uploads\\\/2021\\\/11\\\/Industrijska-filtracija.jpg&quot;,&quot;data-srcset&quot;:&quot;https:\\\/\\\/mesec.si\\\/wp-content\\\/uploads\\\/2021\\\/11\\\/Industrijska-filtracija.jpg 800w, https:\\\/\\\/mesec.si\\\/wp-content\\\/uploads\\\/2021\\\/11\\\/Industrijska-filtracija-300x295.jpg 300w, https:\\\/\\\/mesec.si\\\/wp-content\\\/uploads\\\/2021\\\/11\\\/Industrijska-filtracija-768x755.jpg 768w, https:\\\/\\\/mesec.si\\\/wp-content\\\/uploads\\\/2021\\\/11\\\/Industrijska-filtracija-600x590.jpg 600w&quot;}\" \/><\/div><\/div><\/div><\/div>[\/vc_column][vc_column width=&#8221;3\/4&#8243;][vc_column_text]<\/p>\n<h3>Industrijska filtracija<\/h3>\n<p>[\/vc_column_text][vc_column_text]<a href=\"\/industrijski-sistemi\/industrijska-filtracija\/filtracija-mehanskih-delcev\/\">Filtracija mehanskih delov<\/a>\u00a0 |\u00a0\u00a0<a href=\"\/industrijski-sistemi\/industrijska-filtracija\/mikrofiltracija\/\">Mikrofiltracija\u00a0<\/a>\u00a0|\u00a0\u00a0<a href=\"\/industrijski-sistemi\/industrijska-filtracija\/odstranjevanje-tezkih-kovin\/\">Odstranjevanje te\u017ekih kovin\u00a0<\/a>\u00a0| Membranska filtracija\u00a0 |\u00a0\u00a0<a href=\"\/industrijski-sistemi\/industrijska-filtracija\/reverzna-osmoza-ro\/\">Reverzna osmoza<\/a>[\/vc_column_text][vc_btn title=&#8221;Vi\u0161e o industrijski filtracija&#8221; style=&#8221;flat&#8221; color=&#8221;primary&#8221; align=&#8221;right&#8221; link=&#8221;url:%2Findustrijski-sistemi%2Findustrijska-filtracija%2F|title:Industrijska%20filtracija&#8221;][\/vc_column][\/vc_row][vc_row][vc_column]<div class=\"cz_gap clr \" style=\"height: 50px\"><\/div>[vc_separator]<div class=\"cz_gap clr \" style=\"height: 20px\"><\/div>[\/vc_column][\/vc_row][vc_row][vc_column width=&#8221;1\/4&#8243;]<div id=\"cz_35659\" data-position=\"top-right\" class=\"cz_35659 cz_image clr cz_image_no_fx center_on_mobile\"><div class=\"\" ><div class=\"cz_image_in\"><div class=\"cz_main_image\"><img decoding=\"async\" width=\"800\" height=\"800\" data-src=\"https:\/\/mesec.si\/wp-content\/smush-avif\/2021\/11\/DSC02378-1024x768-1.jpg.avif\" class=\"attachment-full lazyload\" alt=\"MPF-HF vodni filtri\" title=\"DSC02378-1024x768\" data-srcset=\"https:\/\/mesec.si\/wp-content\/smush-avif\/2021\/11\/DSC02378-1024x768-1.jpg.avif 800w, https:\/\/mesec.si\/wp-content\/smush-avif\/2021\/11\/DSC02378-1024x768-1-300x300.jpg.avif 300w, https:\/\/mesec.si\/wp-content\/smush-avif\/2021\/11\/DSC02378-1024x768-1-150x150.jpg.avif 150w, https:\/\/mesec.si\/wp-content\/smush-avif\/2021\/11\/DSC02378-1024x768-1-768x768.jpg.avif 768w, https:\/\/mesec.si\/wp-content\/smush-avif\/2021\/11\/DSC02378-1024x768-1-600x600.jpg.avif 600w, https:\/\/mesec.si\/wp-content\/smush-avif\/2021\/11\/DSC02378-1024x768-1-100x100.jpg.avif 100w\" data-sizes=\"(max-width: 800px) 100vw, 800px\" src=\"data:image\/svg+xml;base64,PHN2ZyB3aWR0aD0iMSIgaGVpZ2h0PSIxIiB4bWxucz0iaHR0cDovL3d3dy53My5vcmcvMjAwMC9zdmciPjwvc3ZnPg==\" style=\"--smush-placeholder-width: 800px; --smush-placeholder-aspect-ratio: 800\/800;\" data-smush-avif-fallback=\"{&quot;data-src&quot;:&quot;https:\\\/\\\/mesec.si\\\/wp-content\\\/uploads\\\/2021\\\/11\\\/DSC02378-1024x768-1.jpg&quot;,&quot;data-srcset&quot;:&quot;https:\\\/\\\/mesec.si\\\/wp-content\\\/uploads\\\/2021\\\/11\\\/DSC02378-1024x768-1.jpg 800w, https:\\\/\\\/mesec.si\\\/wp-content\\\/uploads\\\/2021\\\/11\\\/DSC02378-1024x768-1-300x300.jpg 300w, https:\\\/\\\/mesec.si\\\/wp-content\\\/uploads\\\/2021\\\/11\\\/DSC02378-1024x768-1-150x150.jpg 150w, https:\\\/\\\/mesec.si\\\/wp-content\\\/uploads\\\/2021\\\/11\\\/DSC02378-1024x768-1-768x768.jpg 768w, https:\\\/\\\/mesec.si\\\/wp-content\\\/uploads\\\/2021\\\/11\\\/DSC02378-1024x768-1-600x600.jpg 600w, https:\\\/\\\/mesec.si\\\/wp-content\\\/uploads\\\/2021\\\/11\\\/DSC02378-1024x768-1-100x100.jpg 100w&quot;}\" \/><\/div><\/div><\/div><\/div>[\/vc_column][vc_column width=&#8221;3\/4&#8243;][vc_column_text]<\/p>\n<h3 class=\"page-title\">Omek\u0161avanje vode<\/h3>\n<p>[\/vc_column_text][vc_column_text]Omek\u0161avanje vode zna\u010di odstranjivanje Ca i Mg ionova iz vode. Omek\u0161avanje vode s ionskim izmenjiva\u010dima vr\u0161i se tako da se Ca i Mg ionovi u vodi zamjenjuju Na ionovima na smoli ionskog izmenjiva\u010da.[\/vc_column_text][vc_btn title=&#8221;Vi\u0161e o omek\u0161avanje vode&#8221; style=&#8221;flat&#8221; color=&#8221;primary&#8221; align=&#8221;right&#8221; link=&#8221;url:%2Findustrijski-sistemi%2Fmehcanje-vode%2F|title:Meh%C4%8Danje%20vode&#8221;][\/vc_column][\/vc_row][vc_row][vc_column]<div class=\"cz_gap clr \" style=\"height: 50px\"><\/div>[vc_separator]<div class=\"cz_gap clr \" style=\"height: 20px\"><\/div>[\/vc_column][\/vc_row][vc_row][vc_column width=&#8221;1\/4&#8243;]<div id=\"cz_32486\" data-position=\"top-right\" class=\"cz_32486 cz_image clr cz_image_no_fx center_on_mobile\"><div class=\"\" ><div class=\"cz_image_in\"><div class=\"cz_main_image\"><img decoding=\"async\" width=\"800\" height=\"800\" data-src=\"https:\/\/mesec.si\/wp-content\/smush-avif\/2021\/11\/UV-dezinfekcija.jpg.avif\" class=\"attachment-full lazyload\" alt=\"Uv dezinfekcija vode - TROJAN\" title=\"UV-dezinfekcija\" data-srcset=\"https:\/\/mesec.si\/wp-content\/smush-avif\/2021\/11\/UV-dezinfekcija.jpg.avif 800w, https:\/\/mesec.si\/wp-content\/smush-avif\/2021\/11\/UV-dezinfekcija-300x300.jpg.avif 300w, https:\/\/mesec.si\/wp-content\/smush-avif\/2021\/11\/UV-dezinfekcija-150x150.jpg.avif 150w, https:\/\/mesec.si\/wp-content\/smush-avif\/2021\/11\/UV-dezinfekcija-768x768.jpg.avif 768w, https:\/\/mesec.si\/wp-content\/smush-avif\/2021\/11\/UV-dezinfekcija-600x600.jpg.avif 600w, https:\/\/mesec.si\/wp-content\/smush-avif\/2021\/11\/UV-dezinfekcija-100x100.jpg.avif 100w\" data-sizes=\"(max-width: 800px) 100vw, 800px\" src=\"data:image\/svg+xml;base64,PHN2ZyB3aWR0aD0iMSIgaGVpZ2h0PSIxIiB4bWxucz0iaHR0cDovL3d3dy53My5vcmcvMjAwMC9zdmciPjwvc3ZnPg==\" style=\"--smush-placeholder-width: 800px; --smush-placeholder-aspect-ratio: 800\/800;\" data-smush-avif-fallback=\"{&quot;data-src&quot;:&quot;https:\\\/\\\/mesec.si\\\/wp-content\\\/uploads\\\/2021\\\/11\\\/UV-dezinfekcija.jpg&quot;,&quot;data-srcset&quot;:&quot;https:\\\/\\\/mesec.si\\\/wp-content\\\/uploads\\\/2021\\\/11\\\/UV-dezinfekcija.jpg 800w, https:\\\/\\\/mesec.si\\\/wp-content\\\/uploads\\\/2021\\\/11\\\/UV-dezinfekcija-300x300.jpg 300w, https:\\\/\\\/mesec.si\\\/wp-content\\\/uploads\\\/2021\\\/11\\\/UV-dezinfekcija-150x150.jpg 150w, https:\\\/\\\/mesec.si\\\/wp-content\\\/uploads\\\/2021\\\/11\\\/UV-dezinfekcija-768x768.jpg 768w, https:\\\/\\\/mesec.si\\\/wp-content\\\/uploads\\\/2021\\\/11\\\/UV-dezinfekcija-600x600.jpg 600w, https:\\\/\\\/mesec.si\\\/wp-content\\\/uploads\\\/2021\\\/11\\\/UV-dezinfekcija-100x100.jpg 100w&quot;}\" \/><\/div><\/div><\/div><\/div>[\/vc_column][vc_column width=&#8221;3\/4&#8243;][vc_column_text]<\/p>\n<h3>UV dezinfekcija<\/h3>\n<p>[\/vc_column_text][vc_column_text]U industriji je voda prisutna u mnogim proizvodnim procesima gdje je bitna primjerena dezinfekcija i zbog korisnika i zaposlenih, u prehrambenoj industriji\u2026 Pri pripremi hrane u ugostiteljskim objektima je kvalitetna voda va\u017ena i za okus hrane i pi\u0107a.[\/vc_column_text][vc_btn title=&#8221;Vi\u0161e o UV dezinfekciji vode&#8221; style=&#8221;flat&#8221; color=&#8221;primary&#8221; align=&#8221;right&#8221; link=&#8221;url:%2Findustrijski-sistemi%2Fuv-dezinfekcija-vode%2F|title:UV%20dezinfekcija%20vode&#8221;][\/vc_column][\/vc_row][vc_row][vc_column]<div class=\"cz_gap clr \" style=\"height: 50px\"><\/div>[vc_separator]<div class=\"cz_gap clr \" style=\"height: 20px\"><\/div>[\/vc_column][\/vc_row][vc_row][vc_column width=&#8221;1\/4&#8243;]<div id=\"cz_62844\" data-position=\"top-right\" class=\"cz_62844 cz_image clr cz_image_no_fx center_on_mobile\"><div class=\"\" ><div class=\"cz_image_in\"><div class=\"cz_main_image\"><img decoding=\"async\" width=\"800\" height=\"800\" data-src=\"https:\/\/mesec.si\/wp-content\/smush-avif\/2021\/11\/WaterTreatment-250x250-2.jpg.avif\" class=\"attachment-full lazyload\" alt=\"Dozirna\" title=\"WaterTreatment-250x250\" data-srcset=\"https:\/\/mesec.si\/wp-content\/smush-avif\/2021\/11\/WaterTreatment-250x250-2.jpg.avif 800w, https:\/\/mesec.si\/wp-content\/smush-avif\/2021\/11\/WaterTreatment-250x250-2-300x300.jpg.avif 300w, https:\/\/mesec.si\/wp-content\/smush-avif\/2021\/11\/WaterTreatment-250x250-2-150x150.jpg.avif 150w, https:\/\/mesec.si\/wp-content\/smush-avif\/2021\/11\/WaterTreatment-250x250-2-768x768.jpg.avif 768w, https:\/\/mesec.si\/wp-content\/smush-avif\/2021\/11\/WaterTreatment-250x250-2-600x600.jpg.avif 600w, https:\/\/mesec.si\/wp-content\/smush-avif\/2021\/11\/WaterTreatment-250x250-2-100x100.jpg.avif 100w\" data-sizes=\"(max-width: 800px) 100vw, 800px\" src=\"data:image\/svg+xml;base64,PHN2ZyB3aWR0aD0iMSIgaGVpZ2h0PSIxIiB4bWxucz0iaHR0cDovL3d3dy53My5vcmcvMjAwMC9zdmciPjwvc3ZnPg==\" style=\"--smush-placeholder-width: 800px; --smush-placeholder-aspect-ratio: 800\/800;\" data-smush-avif-fallback=\"{&quot;data-src&quot;:&quot;https:\\\/\\\/mesec.si\\\/wp-content\\\/uploads\\\/2021\\\/11\\\/WaterTreatment-250x250-2.jpg&quot;,&quot;data-srcset&quot;:&quot;https:\\\/\\\/mesec.si\\\/wp-content\\\/uploads\\\/2021\\\/11\\\/WaterTreatment-250x250-2.jpg 800w, https:\\\/\\\/mesec.si\\\/wp-content\\\/uploads\\\/2021\\\/11\\\/WaterTreatment-250x250-2-300x300.jpg 300w, https:\\\/\\\/mesec.si\\\/wp-content\\\/uploads\\\/2021\\\/11\\\/WaterTreatment-250x250-2-150x150.jpg 150w, https:\\\/\\\/mesec.si\\\/wp-content\\\/uploads\\\/2021\\\/11\\\/WaterTreatment-250x250-2-768x768.jpg 768w, https:\\\/\\\/mesec.si\\\/wp-content\\\/uploads\\\/2021\\\/11\\\/WaterTreatment-250x250-2-600x600.jpg 600w, https:\\\/\\\/mesec.si\\\/wp-content\\\/uploads\\\/2021\\\/11\\\/WaterTreatment-250x250-2-100x100.jpg 100w&quot;}\" \/><\/div><\/div><\/div><\/div>[\/vc_column][vc_column width=&#8221;3\/4&#8243;][vc_column_text]<\/p>\n<h3>Sustavi doziranja<\/h3>\n<p>[\/vc_column_text][vc_column_text]Sustavi su namijenjeni za doziranje koagulanata, flokulanata, dezinfekcijskih sredstava, sredstava za korekciju pH, sredstava za neutralizaciju vodenog kamenca i korozije, oksidacije i redukcije.[\/vc_column_text][vc_btn title=&#8221;Vi\u0161e o sustavima za doziranje&#8221; style=&#8221;flat&#8221; color=&#8221;primary&#8221; align=&#8221;right&#8221; link=&#8221;url:%2Findustrijski-sistemi%2Fdozirni-sistemi%2F|title:Dozirni%20sistemi&#8221;][\/vc_column][\/vc_row][vc_row disable_element=&#8221;yes&#8221;][vc_column]<div class=\"cz_gap clr \" style=\"height: 50px\"><\/div>[vc_separator]<div class=\"cz_gap clr \" style=\"height: 20px\"><\/div>[\/vc_column][\/vc_row][vc_row disable_element=&#8221;yes&#8221;][vc_column width=&#8221;1\/4&#8243;]<div id=\"cz_57215\" data-position=\"top-right\" class=\"cz_57215 cz_image clr cz_image_no_fx center_on_mobile\"><div class=\"\" ><div class=\"cz_image_in\"><div class=\"cz_main_image\"><img decoding=\"async\" width=\"500\" height=\"500\" data-src=\"https:\/\/mesec.si\/wp-content\/smush-avif\/2021\/11\/DSC_0075-1-1024x678-1.jpg.avif\" class=\"attachment-full lazyload\" alt=\"Merilna tehnika - Mesec d.o.o.\" title=\"DSC_0075-1-1024x678\" data-srcset=\"https:\/\/mesec.si\/wp-content\/smush-avif\/2021\/11\/DSC_0075-1-1024x678-1.jpg.avif 500w, https:\/\/mesec.si\/wp-content\/smush-avif\/2021\/11\/DSC_0075-1-1024x678-1-300x300.jpg.avif 300w, https:\/\/mesec.si\/wp-content\/smush-avif\/2021\/11\/DSC_0075-1-1024x678-1-150x150.jpg.avif 150w, https:\/\/mesec.si\/wp-content\/smush-avif\/2021\/11\/DSC_0075-1-1024x678-1-100x100.jpg.avif 100w\" data-sizes=\"(max-width: 500px) 100vw, 500px\" src=\"data:image\/svg+xml;base64,PHN2ZyB3aWR0aD0iMSIgaGVpZ2h0PSIxIiB4bWxucz0iaHR0cDovL3d3dy53My5vcmcvMjAwMC9zdmciPjwvc3ZnPg==\" style=\"--smush-placeholder-width: 500px; --smush-placeholder-aspect-ratio: 500\/500;\" data-smush-avif-fallback=\"{&quot;data-src&quot;:&quot;https:\\\/\\\/mesec.si\\\/wp-content\\\/uploads\\\/2021\\\/11\\\/DSC_0075-1-1024x678-1.jpg&quot;,&quot;data-srcset&quot;:&quot;https:\\\/\\\/mesec.si\\\/wp-content\\\/uploads\\\/2021\\\/11\\\/DSC_0075-1-1024x678-1.jpg 500w, https:\\\/\\\/mesec.si\\\/wp-content\\\/uploads\\\/2021\\\/11\\\/DSC_0075-1-1024x678-1-300x300.jpg 300w, https:\\\/\\\/mesec.si\\\/wp-content\\\/uploads\\\/2021\\\/11\\\/DSC_0075-1-1024x678-1-150x150.jpg 150w, https:\\\/\\\/mesec.si\\\/wp-content\\\/uploads\\\/2021\\\/11\\\/DSC_0075-1-1024x678-1-100x100.jpg 100w&quot;}\" \/><\/div><\/div><\/div><\/div>[\/vc_column][vc_column width=&#8221;3\/4&#8243;][vc_column_text]<\/p>\n<h3>Merilna tehnika<\/h3>\n<p>[\/vc_column_text][vc_btn title=&#8221;Ve\u010d o merilni tehniki&#8221; style=&#8221;flat&#8221; color=&#8221;primary&#8221; align=&#8221;right&#8221; link=&#8221;url:%2Findustrijski-sistemi%2Fmerilna-tehnika%2F|title:Merilna%20tehnika&#8221;][\/vc_column][\/vc_row][vc_row disable_element=&#8221;yes&#8221;][vc_column]<div class=\"cz_gap clr \" style=\"height: 50px\"><\/div>[vc_separator]<div class=\"cz_gap clr \" style=\"height: 20px\"><\/div>[\/vc_column][\/vc_row][vc_row disable_element=&#8221;yes&#8221;][vc_column width=&#8221;1\/4&#8243;]<div id=\"cz_54931\" data-position=\"top-right\" class=\"cz_54931 cz_image clr cz_image_no_fx center_on_mobile\"><div class=\"\" ><div class=\"cz_image_in\"><div class=\"cz_main_image\"><img decoding=\"async\" width=\"800\" height=\"800\" data-src=\"https:\/\/mesec.si\/wp-content\/smush-avif\/2021\/11\/water-pollution-concept-illustration_114360-6381.jpg.avif\" class=\"attachment-full lazyload\" alt=\"Onesna\u017eena voda\" title=\"water-pollution-concept-illustration_114360-6381\" data-srcset=\"https:\/\/mesec.si\/wp-content\/smush-avif\/2021\/11\/water-pollution-concept-illustration_114360-6381.jpg.avif 800w, https:\/\/mesec.si\/wp-content\/smush-avif\/2021\/11\/water-pollution-concept-illustration_114360-6381-300x300.jpg.avif 300w, https:\/\/mesec.si\/wp-content\/smush-avif\/2021\/11\/water-pollution-concept-illustration_114360-6381-150x150.jpg.avif 150w, https:\/\/mesec.si\/wp-content\/smush-avif\/2021\/11\/water-pollution-concept-illustration_114360-6381-768x768.jpg.avif 768w, https:\/\/mesec.si\/wp-content\/smush-avif\/2021\/11\/water-pollution-concept-illustration_114360-6381-600x600.jpg.avif 600w, https:\/\/mesec.si\/wp-content\/smush-avif\/2021\/11\/water-pollution-concept-illustration_114360-6381-100x100.jpg.avif 100w\" data-sizes=\"(max-width: 800px) 100vw, 800px\" src=\"data:image\/svg+xml;base64,PHN2ZyB3aWR0aD0iMSIgaGVpZ2h0PSIxIiB4bWxucz0iaHR0cDovL3d3dy53My5vcmcvMjAwMC9zdmciPjwvc3ZnPg==\" style=\"--smush-placeholder-width: 800px; --smush-placeholder-aspect-ratio: 800\/800;\" data-smush-avif-fallback=\"{&quot;data-src&quot;:&quot;https:\\\/\\\/mesec.si\\\/wp-content\\\/uploads\\\/2021\\\/11\\\/water-pollution-concept-illustration_114360-6381.jpg&quot;,&quot;data-srcset&quot;:&quot;https:\\\/\\\/mesec.si\\\/wp-content\\\/uploads\\\/2021\\\/11\\\/water-pollution-concept-illustration_114360-6381.jpg 800w, https:\\\/\\\/mesec.si\\\/wp-content\\\/uploads\\\/2021\\\/11\\\/water-pollution-concept-illustration_114360-6381-300x300.jpg 300w, https:\\\/\\\/mesec.si\\\/wp-content\\\/uploads\\\/2021\\\/11\\\/water-pollution-concept-illustration_114360-6381-150x150.jpg 150w, https:\\\/\\\/mesec.si\\\/wp-content\\\/uploads\\\/2021\\\/11\\\/water-pollution-concept-illustration_114360-6381-768x768.jpg 768w, https:\\\/\\\/mesec.si\\\/wp-content\\\/uploads\\\/2021\\\/11\\\/water-pollution-concept-illustration_114360-6381-600x600.jpg 600w, https:\\\/\\\/mesec.si\\\/wp-content\\\/uploads\\\/2021\\\/11\\\/water-pollution-concept-illustration_114360-6381-100x100.jpg 100w&quot;}\" \/><\/div><\/div><\/div><\/div>[\/vc_column][vc_column width=&#8221;3\/4&#8243;][vc_column_text]<\/p>\n<h3>Obdelava odpadnih in izcednih vod<\/h3>\n<p>[\/vc_column_text][vc_btn title=&#8221;Ve\u010d o obdelavi odpadnih in izcednih vod&#8221; style=&#8221;flat&#8221; color=&#8221;primary&#8221; align=&#8221;right&#8221; link=&#8221;url:%2Findustrijski-sistemi%2Fobdelava-odpadnih-in-izcednih-vod%2F|title:Obdelava%20odpadnih%20in%20izcednih%20vod&#8221;][\/vc_column][\/vc_row][vc_row disable_element=&#8221;yes&#8221;][vc_column]<div class=\"cz_gap clr \" style=\"height: 50px\"><\/div>[vc_separator]<div class=\"cz_gap clr \" style=\"height: 20px\"><\/div>[\/vc_column][\/vc_row][vc_row disable_element=&#8221;yes&#8221;][vc_column width=&#8221;1\/4&#8243;]<div id=\"cz_11394\" data-position=\"top-right\" class=\"cz_11394 cz_image clr cz_image_no_fx center_on_mobile\"><div class=\"\" ><div class=\"cz_image_in\"><div class=\"cz_main_image\"><img decoding=\"async\" width=\"800\" height=\"800\" data-src=\"https:\/\/mesec.si\/wp-content\/smush-avif\/2021\/11\/TKD_PP-H.jpg.avif\" class=\"attachment-full lazyload\" alt=\"FIP - cevni sistemi\" title=\"TKD_PP-H\" data-srcset=\"https:\/\/mesec.si\/wp-content\/smush-avif\/2021\/11\/TKD_PP-H.jpg.avif 800w, https:\/\/mesec.si\/wp-content\/smush-avif\/2021\/11\/TKD_PP-H-300x300.jpg.avif 300w, https:\/\/mesec.si\/wp-content\/smush-avif\/2021\/11\/TKD_PP-H-150x150.jpg.avif 150w, https:\/\/mesec.si\/wp-content\/smush-avif\/2021\/11\/TKD_PP-H-768x768.jpg.avif 768w, https:\/\/mesec.si\/wp-content\/smush-avif\/2021\/11\/TKD_PP-H-600x600.jpg.avif 600w, https:\/\/mesec.si\/wp-content\/smush-avif\/2021\/11\/TKD_PP-H-100x100.jpg.avif 100w\" data-sizes=\"(max-width: 800px) 100vw, 800px\" src=\"data:image\/svg+xml;base64,PHN2ZyB3aWR0aD0iMSIgaGVpZ2h0PSIxIiB4bWxucz0iaHR0cDovL3d3dy53My5vcmcvMjAwMC9zdmciPjwvc3ZnPg==\" style=\"--smush-placeholder-width: 800px; --smush-placeholder-aspect-ratio: 800\/800;\" data-smush-avif-fallback=\"{&quot;data-src&quot;:&quot;https:\\\/\\\/mesec.si\\\/wp-content\\\/uploads\\\/2021\\\/11\\\/TKD_PP-H.jpg&quot;,&quot;data-srcset&quot;:&quot;https:\\\/\\\/mesec.si\\\/wp-content\\\/uploads\\\/2021\\\/11\\\/TKD_PP-H.jpg 800w, https:\\\/\\\/mesec.si\\\/wp-content\\\/uploads\\\/2021\\\/11\\\/TKD_PP-H-300x300.jpg 300w, https:\\\/\\\/mesec.si\\\/wp-content\\\/uploads\\\/2021\\\/11\\\/TKD_PP-H-150x150.jpg 150w, https:\\\/\\\/mesec.si\\\/wp-content\\\/uploads\\\/2021\\\/11\\\/TKD_PP-H-768x768.jpg 768w, https:\\\/\\\/mesec.si\\\/wp-content\\\/uploads\\\/2021\\\/11\\\/TKD_PP-H-600x600.jpg 600w, https:\\\/\\\/mesec.si\\\/wp-content\\\/uploads\\\/2021\\\/11\\\/TKD_PP-H-100x100.jpg 100w&quot;}\" \/><\/div><\/div><\/div><\/div>[\/vc_column][vc_column width=&#8221;3\/4&#8243;][vc_column_text]<\/p>\n<h3>Cevni sistemi, monta\u017eni material<\/h3>\n<p>[\/vc_column_text][vc_column_text]Od leta 1954 FIP proizvaja ventile in opremo\u00a0iz termoplasti\u010dnih materialov, kot so PVC-U, PP-H, C-PVC, PVDF, ki se pogosto uporabljajo za\u00a0transport teko\u010din pod pritiskom.\u00a0\u00a0Podjetje MESEC d.o.o. je ponosno, da lahko zdru\u017euje svoje znanje in izku\u0161nje s FIP.[\/vc_column_text][vc_btn title=&#8221;Ve\u010d o monta\u017enem materialu&#8221; style=&#8221;flat&#8221; color=&#8221;primary&#8221; align=&#8221;right&#8221; link=&#8221;url:%2Findustrijski-sistemi%2Fcevni-sistemi-montazni-material%2F|title:Cevni%20sistemi%2C%20monta%C5%BEni%20material&#8221;][\/vc_column][\/vc_row][\/vc_section]<\/p>\n<\/div>","protected":false},"excerpt":{"rendered":"<p>[vc_section][vc_row][vc_column][vc_column_text] Industrijski sustavi [\/vc_column_text][vc_separator el_width=&#8221;30&#8243;][\/vc_column][\/vc_row][\/vc_section][vc_section][vc_row][vc_column width=&#8221;1\/4&#8243;][\/vc_column][vc_column width=&#8221;3\/4&#8243;][vc_column_text] Industrijska filtracija [\/vc_column_text][vc_column_text]Filtracija mehanskih &#8230; <\/p>\n","protected":false},"author":2,"featured_media":2760,"parent":0,"menu_order":0,"comment_status":"closed","ping_status":"closed","template":"","meta":{"footnotes":""},"class_list":["post-3650","page","type-page","status-publish","has-post-thumbnail","hentry"],"_links":{"self":[{"href":"https:\/\/mesec.si\/hr\/wp-json\/wp\/v2\/pages\/3650","targetHints":{"allow":["GET"]}}],"collection":[{"href":"https:\/\/mesec.si\/hr\/wp-json\/wp\/v2\/pages"}],"about":[{"href":"https:\/\/mesec.si\/hr\/wp-json\/wp\/v2\/types\/page"}],"author":[{"embeddable":true,"href":"https:\/\/mesec.si\/hr\/wp-json\/wp\/v2\/users\/2"}],"replies":[{"embeddable":true,"href":"https:\/\/mesec.si\/hr\/wp-json\/wp\/v2\/comments?post=3650"}],"version-history":[{"count":0,"href":"https:\/\/mesec.si\/hr\/wp-json\/wp\/v2\/pages\/3650\/revisions"}],"wp:featuredmedia":[{"embeddable":true,"href":"https:\/\/mesec.si\/hr\/wp-json\/wp\/v2\/media\/2760"}],"wp:attachment":[{"href":"https:\/\/mesec.si\/hr\/wp-json\/wp\/v2\/media?parent=3650"}],"curies":[{"name":"wp","href":"https:\/\/api.w.org\/{rel}","templated":true}]}}