{"id":3647,"date":"2021-11-17T11:49:07","date_gmt":"2021-11-17T10:49:07","guid":{"rendered":"http:\/\/w5.mesec.si\/o-poduzecu\/zastopstva\/"},"modified":"2021-12-13T14:38:29","modified_gmt":"2021-12-13T13:38:29","slug":"zastupstva","status":"publish","type":"page","link":"https:\/\/mesec.si\/hr\/o-poduzecu\/zastupstva\/","title":{"rendered":"Zastupstva"},"content":{"rendered":"<div class=\"wpb-content-wrapper\"><p>[vc_section][vc_row][vc_column][vc_column_text]<\/p>\n<h1 style=\"text-align: center;\">Zastupstva<\/h1>\n<p>[\/vc_column_text][vc_separator el_width=&#8221;30&#8243;][vc_column_text]<\/p>\n<p style=\"text-align: center;\">Zaradi dobrega znanja o vodi, o vodnih filtrih in meh\u010danju vode ter zaradi dobrih poslovnih partnerjev, kupcem nudimo celovite re\u0161itve, prilagojene njihovim \u017eeljam in potrebam. Uporabnikom zagotavljamo celovito podporo, svetovanje pri izbiri sistemov in naprav ter celovito ponudbo vzdr\u017eevanja vseh vrst sistemov in opreme za filtriranje vode, meh\u010danje vode, UV dezinfekcijo vode, sistemov reverzne osmoze.<\/p>\n<p style=\"text-align: center;\">Uspe\u0161no sodelujemo z na\u0161imi tujimi partnerji in njihove produkte uporabljamo v na\u0161ih aplikacijah.<\/p>\n<p>[\/vc_column_text]<div class=\"cz_gap clr \" style=\"height: 20px\"><\/div>[\/vc_column][\/vc_row][vc_row][vc_column width=&#8221;1\/4&#8243;]<a href=\"https:\/\/viqua.com\/\" target=\"_blank\"><div id=\"cz_39145\" data-position=\"top-right\" class=\"cz_39145 cz_image clr cz_image_zoom_in center_on_mobile\"><div class=\"\" ><div class=\"cz_image_in\"><div class=\"cz_main_image\"><img decoding=\"async\" width=\"300\" height=\"126\" data-src=\"https:\/\/mesec.si\/wp-content\/uploads\/2021\/11\/VIQUA.png\" class=\"attachment-full lazyload\" alt=\"\" title=\"VIQUA\" src=\"data:image\/svg+xml;base64,PHN2ZyB3aWR0aD0iMSIgaGVpZ2h0PSIxIiB4bWxucz0iaHR0cDovL3d3dy53My5vcmcvMjAwMC9zdmciPjwvc3ZnPg==\" style=\"--smush-placeholder-width: 300px; --smush-placeholder-aspect-ratio: 300\/126;\" \/><\/div><div class=\"cz_hover_image\"><img decoding=\"async\" width=\"300\" height=\"126\" data-src=\"https:\/\/mesec.si\/wp-content\/uploads\/2021\/11\/VIQUA.png\" class=\"attachment-full lazyload\" alt=\"\" title=\"VIQUA\" src=\"data:image\/svg+xml;base64,PHN2ZyB3aWR0aD0iMSIgaGVpZ2h0PSIxIiB4bWxucz0iaHR0cDovL3d3dy53My5vcmcvMjAwMC9zdmciPjwvc3ZnPg==\" style=\"--smush-placeholder-width: 300px; --smush-placeholder-aspect-ratio: 300\/126;\" \/><\/div><\/div><\/div><\/div><\/a>[\/vc_column][vc_column width=&#8221;1\/4&#8243;]<a href=\"https:\/\/www.acquabrevetti.it\/\" target=\"_blank\"><div id=\"cz_100039\" data-position=\"top-right\" class=\"cz_100039 cz_image clr cz_image_zoom_in center_on_mobile\"><div class=\"\" ><div class=\"cz_image_in\"><div class=\"cz_main_image\"><img decoding=\"async\" width=\"133\" height=\"150\" data-src=\"https:\/\/mesec.si\/wp-content\/smush-avif\/2021\/11\/AB-LOGO-2.jpg.avif\" class=\"attachment-full lazyload\" alt=\"\" title=\"AB-LOGO\" src=\"data:image\/svg+xml;base64,PHN2ZyB3aWR0aD0iMSIgaGVpZ2h0PSIxIiB4bWxucz0iaHR0cDovL3d3dy53My5vcmcvMjAwMC9zdmciPjwvc3ZnPg==\" style=\"--smush-placeholder-width: 133px; --smush-placeholder-aspect-ratio: 133\/150;\" data-smush-avif-fallback=\"{&quot;data-src&quot;:&quot;https:\\\/\\\/mesec.si\\\/wp-content\\\/uploads\\\/2021\\\/11\\\/AB-LOGO-2.jpg&quot;}\" \/><\/div><div class=\"cz_hover_image\"><img decoding=\"async\" width=\"133\" height=\"150\" data-src=\"https:\/\/mesec.si\/wp-content\/smush-avif\/2021\/11\/AB-LOGO-2.jpg.avif\" class=\"attachment-full lazyload\" alt=\"\" title=\"AB-LOGO\" src=\"data:image\/svg+xml;base64,PHN2ZyB3aWR0aD0iMSIgaGVpZ2h0PSIxIiB4bWxucz0iaHR0cDovL3d3dy53My5vcmcvMjAwMC9zdmciPjwvc3ZnPg==\" style=\"--smush-placeholder-width: 133px; --smush-placeholder-aspect-ratio: 133\/150;\" data-smush-avif-fallback=\"{&quot;data-src&quot;:&quot;https:\\\/\\\/mesec.si\\\/wp-content\\\/uploads\\\/2021\\\/11\\\/AB-LOGO-2.jpg&quot;}\" \/><\/div><\/div><\/div><\/div><\/a>[\/vc_column][vc_column width=&#8221;1\/4&#8243;]<a href=\"https:\/\/www.fipnet.com\/\" target=\"_blank\"><div id=\"cz_93924\" data-position=\"top-right\" class=\"cz_93924 cz_image clr cz_image_zoom_in center_on_mobile\"><div class=\"\" ><div class=\"cz_image_in\"><div class=\"cz_main_image\"><img decoding=\"async\" width=\"200\" height=\"200\" data-src=\"https:\/\/mesec.si\/wp-content\/uploads\/2021\/11\/fip_logo.png\" class=\"attachment-full lazyload\" alt=\"\" title=\"fip_logo\" data-srcset=\"https:\/\/mesec.si\/wp-content\/uploads\/2021\/11\/fip_logo.png 200w, https:\/\/mesec.si\/wp-content\/uploads\/2021\/11\/fip_logo-150x150.png 150w, https:\/\/mesec.si\/wp-content\/uploads\/2021\/11\/fip_logo-100x100.png 100w\" data-sizes=\"(max-width: 200px) 100vw, 200px\" src=\"data:image\/svg+xml;base64,PHN2ZyB3aWR0aD0iMSIgaGVpZ2h0PSIxIiB4bWxucz0iaHR0cDovL3d3dy53My5vcmcvMjAwMC9zdmciPjwvc3ZnPg==\" style=\"--smush-placeholder-width: 200px; --smush-placeholder-aspect-ratio: 200\/200;\" \/><\/div><div class=\"cz_hover_image\"><img decoding=\"async\" width=\"200\" height=\"200\" data-src=\"https:\/\/mesec.si\/wp-content\/uploads\/2021\/11\/fip_logo.png\" class=\"attachment-full lazyload\" alt=\"\" title=\"fip_logo\" data-srcset=\"https:\/\/mesec.si\/wp-content\/uploads\/2021\/11\/fip_logo.png 200w, https:\/\/mesec.si\/wp-content\/uploads\/2021\/11\/fip_logo-150x150.png 150w, https:\/\/mesec.si\/wp-content\/uploads\/2021\/11\/fip_logo-100x100.png 100w\" data-sizes=\"(max-width: 200px) 100vw, 200px\" src=\"data:image\/svg+xml;base64,PHN2ZyB3aWR0aD0iMSIgaGVpZ2h0PSIxIiB4bWxucz0iaHR0cDovL3d3dy53My5vcmcvMjAwMC9zdmciPjwvc3ZnPg==\" style=\"--smush-placeholder-width: 200px; --smush-placeholder-aspect-ratio: 200\/200;\" \/><\/div><\/div><\/div><\/div><\/a>[\/vc_column][vc_column width=&#8221;1\/4&#8243;]<a href=\"https:\/\/www.injecta.com\/\" target=\"_blank\"><div id=\"cz_95447\" data-position=\"top-right\" class=\"cz_95447 cz_image clr cz_image_zoom_in center_on_mobile\"><div class=\"\" ><div class=\"cz_image_in\"><div class=\"cz_main_image\"><img decoding=\"async\" width=\"300\" height=\"162\" data-src=\"https:\/\/mesec.si\/wp-content\/uploads\/2021\/11\/injecta-300x162-1.png\" class=\"attachment-full lazyload\" alt=\"\" title=\"injecta-300x162\" src=\"data:image\/svg+xml;base64,PHN2ZyB3aWR0aD0iMSIgaGVpZ2h0PSIxIiB4bWxucz0iaHR0cDovL3d3dy53My5vcmcvMjAwMC9zdmciPjwvc3ZnPg==\" style=\"--smush-placeholder-width: 300px; --smush-placeholder-aspect-ratio: 300\/162;\" \/><\/div><div class=\"cz_hover_image\"><img decoding=\"async\" width=\"300\" height=\"162\" data-src=\"https:\/\/mesec.si\/wp-content\/uploads\/2021\/11\/injecta-300x162-1.png\" class=\"attachment-full lazyload\" alt=\"\" title=\"injecta-300x162\" src=\"data:image\/svg+xml;base64,PHN2ZyB3aWR0aD0iMSIgaGVpZ2h0PSIxIiB4bWxucz0iaHR0cDovL3d3dy53My5vcmcvMjAwMC9zdmciPjwvc3ZnPg==\" style=\"--smush-placeholder-width: 300px; --smush-placeholder-aspect-ratio: 300\/162;\" \/><\/div><\/div><\/div><\/div><\/a>[\/vc_column][\/vc_row][vc_row][vc_column width=&#8221;1\/4&#8243;]<a href=\"https:\/\/www.syr.de\/\" target=\"_blank\"><div id=\"cz_72394\" data-position=\"top-right\" class=\"cz_72394 cz_image clr cz_image_zoom_in center_on_mobile\"><div class=\"\" ><div class=\"cz_image_in\"><div class=\"cz_main_image\"><img decoding=\"async\" width=\"268\" height=\"89\" data-src=\"https:\/\/mesec.si\/wp-content\/uploads\/2021\/11\/syrlogo.png\" class=\"attachment-full lazyload\" alt=\"\" title=\"syrlogo\" src=\"data:image\/svg+xml;base64,PHN2ZyB3aWR0aD0iMSIgaGVpZ2h0PSIxIiB4bWxucz0iaHR0cDovL3d3dy53My5vcmcvMjAwMC9zdmciPjwvc3ZnPg==\" style=\"--smush-placeholder-width: 268px; --smush-placeholder-aspect-ratio: 268\/89;\" \/><\/div><div class=\"cz_hover_image\"><img decoding=\"async\" width=\"268\" height=\"89\" data-src=\"https:\/\/mesec.si\/wp-content\/uploads\/2021\/11\/syrlogo.png\" class=\"attachment-full lazyload\" alt=\"\" title=\"syrlogo\" src=\"data:image\/svg+xml;base64,PHN2ZyB3aWR0aD0iMSIgaGVpZ2h0PSIxIiB4bWxucz0iaHR0cDovL3d3dy53My5vcmcvMjAwMC9zdmciPjwvc3ZnPg==\" style=\"--smush-placeholder-width: 268px; --smush-placeholder-aspect-ratio: 268\/89;\" \/><\/div><\/div><\/div><\/div><\/a>[\/vc_column][vc_column width=&#8221;1\/4&#8243;]<a href=\"https:\/\/rbm.eu\/\" target=\"_blank\"><div id=\"cz_69307\" data-position=\"top-right\" class=\"cz_69307 cz_image clr cz_image_zoom_in center_on_mobile\"><div class=\"\" ><div class=\"cz_image_in\"><div class=\"cz_main_image\"><img decoding=\"async\" width=\"268\" height=\"89\" data-src=\"https:\/\/mesec.si\/wp-content\/uploads\/2021\/11\/rbm-logo.png\" class=\"attachment-full lazyload\" alt=\"\" title=\"rbm-logo\" src=\"data:image\/svg+xml;base64,PHN2ZyB3aWR0aD0iMSIgaGVpZ2h0PSIxIiB4bWxucz0iaHR0cDovL3d3dy53My5vcmcvMjAwMC9zdmciPjwvc3ZnPg==\" style=\"--smush-placeholder-width: 268px; --smush-placeholder-aspect-ratio: 268\/89;\" \/><\/div><div class=\"cz_hover_image\"><img decoding=\"async\" width=\"268\" height=\"89\" data-src=\"https:\/\/mesec.si\/wp-content\/uploads\/2021\/11\/rbm-logo.png\" class=\"attachment-full lazyload\" alt=\"\" title=\"rbm-logo\" src=\"data:image\/svg+xml;base64,PHN2ZyB3aWR0aD0iMSIgaGVpZ2h0PSIxIiB4bWxucz0iaHR0cDovL3d3dy53My5vcmcvMjAwMC9zdmciPjwvc3ZnPg==\" style=\"--smush-placeholder-width: 268px; --smush-placeholder-aspect-ratio: 268\/89;\" \/><\/div><\/div><\/div><\/div><\/a>[\/vc_column][vc_column width=&#8221;1\/4&#8243;]<a href=\"https:\/\/www.cosmetal.com\/\" target=\"_blank\"><div id=\"cz_12551\" data-position=\"top-right\" class=\"cz_12551 cz_image clr cz_image_zoom_in center_on_mobile\"><div class=\"\" ><div class=\"cz_image_in\"><div class=\"cz_main_image\"><img decoding=\"async\" width=\"268\" height=\"89\" data-src=\"https:\/\/mesec.si\/wp-content\/uploads\/2021\/11\/Cosmetal.png\" class=\"attachment-full lazyload\" alt=\"\" title=\"Cosmetal\" src=\"data:image\/svg+xml;base64,PHN2ZyB3aWR0aD0iMSIgaGVpZ2h0PSIxIiB4bWxucz0iaHR0cDovL3d3dy53My5vcmcvMjAwMC9zdmciPjwvc3ZnPg==\" style=\"--smush-placeholder-width: 268px; --smush-placeholder-aspect-ratio: 268\/89;\" \/><\/div><div class=\"cz_hover_image\"><img decoding=\"async\" width=\"268\" height=\"89\" data-src=\"https:\/\/mesec.si\/wp-content\/uploads\/2021\/11\/Cosmetal.png\" class=\"attachment-full lazyload\" alt=\"\" title=\"Cosmetal\" src=\"data:image\/svg+xml;base64,PHN2ZyB3aWR0aD0iMSIgaGVpZ2h0PSIxIiB4bWxucz0iaHR0cDovL3d3dy53My5vcmcvMjAwMC9zdmciPjwvc3ZnPg==\" style=\"--smush-placeholder-width: 268px; --smush-placeholder-aspect-ratio: 268\/89;\" \/><\/div><\/div><\/div><\/div><\/a>[\/vc_column][vc_column width=&#8221;1\/4&#8243;]<a href=\"https:\/\/www.3ptechnik.de\/\" target=\"_blank\"><div id=\"cz_63572\" data-position=\"top-right\" class=\"cz_63572 cz_image clr cz_image_zoom_in center_on_mobile\"><div class=\"\" ><div class=\"cz_image_in\"><div class=\"cz_main_image\"><img decoding=\"async\" width=\"268\" height=\"89\" data-src=\"https:\/\/mesec.si\/wp-content\/uploads\/2021\/11\/logo_3P_Technik.png\" class=\"attachment-full lazyload\" alt=\"\" title=\"logo_3P_Technik\" src=\"data:image\/svg+xml;base64,PHN2ZyB3aWR0aD0iMSIgaGVpZ2h0PSIxIiB4bWxucz0iaHR0cDovL3d3dy53My5vcmcvMjAwMC9zdmciPjwvc3ZnPg==\" style=\"--smush-placeholder-width: 268px; --smush-placeholder-aspect-ratio: 268\/89;\" \/><\/div><div class=\"cz_hover_image\"><img decoding=\"async\" width=\"268\" height=\"89\" data-src=\"https:\/\/mesec.si\/wp-content\/uploads\/2021\/11\/logo_3P_Technik.png\" class=\"attachment-full lazyload\" alt=\"\" title=\"logo_3P_Technik\" src=\"data:image\/svg+xml;base64,PHN2ZyB3aWR0aD0iMSIgaGVpZ2h0PSIxIiB4bWxucz0iaHR0cDovL3d3dy53My5vcmcvMjAwMC9zdmciPjwvc3ZnPg==\" style=\"--smush-placeholder-width: 268px; --smush-placeholder-aspect-ratio: 268\/89;\" \/><\/div><\/div><\/div><\/div><\/a>[\/vc_column][\/vc_row][\/vc_section]<\/p>\n<\/div>","protected":false},"excerpt":{"rendered":"<p>[vc_section][vc_row][vc_column][vc_column_text] Zastupstva [\/vc_column_text][vc_separator el_width=&#8221;30&#8243;][vc_column_text] Zaradi dobrega znanja o vodi, o vodnih &#8230; <\/p>\n","protected":false},"author":2,"featured_media":0,"parent":3641,"menu_order":0,"comment_status":"closed","ping_status":"closed","template":"","meta":{"footnotes":""},"class_list":["post-3647","page","type-page","status-publish","hentry"],"_links":{"self":[{"href":"https:\/\/mesec.si\/hr\/wp-json\/wp\/v2\/pages\/3647","targetHints":{"allow":["GET"]}}],"collection":[{"href":"https:\/\/mesec.si\/hr\/wp-json\/wp\/v2\/pages"}],"about":[{"href":"https:\/\/mesec.si\/hr\/wp-json\/wp\/v2\/types\/page"}],"author":[{"embeddable":true,"href":"https:\/\/mesec.si\/hr\/wp-json\/wp\/v2\/users\/2"}],"replies":[{"embeddable":true,"href":"https:\/\/mesec.si\/hr\/wp-json\/wp\/v2\/comments?post=3647"}],"version-history":[{"count":0,"href":"https:\/\/mesec.si\/hr\/wp-json\/wp\/v2\/pages\/3647\/revisions"}],"up":[{"embeddable":true,"href":"https:\/\/mesec.si\/hr\/wp-json\/wp\/v2\/pages\/3641"}],"wp:attachment":[{"href":"https:\/\/mesec.si\/hr\/wp-json\/wp\/v2\/media?parent=3647"}],"curies":[{"name":"wp","href":"https:\/\/api.w.org\/{rel}","templated":true}]}}