{"id":3641,"date":"2021-11-17T11:45:39","date_gmt":"2021-11-17T10:45:39","guid":{"rendered":"http:\/\/w5.mesec.si\/o-podjetju\/"},"modified":"2022-01-03T12:37:36","modified_gmt":"2022-01-03T11:37:36","slug":"o-poduzecu","status":"publish","type":"page","link":"https:\/\/mesec.si\/hr\/o-poduzecu\/","title":{"rendered":"O poduzecu"},"content":{"rendered":"<div class=\"wpb-content-wrapper\"><p>[vc_row css=&#8221;.vc_custom_1637231193620{margin-top: -50px !important;}&#8221;][vc_column]<div class=\"cz_gap clr  hide_on_mobile\" style=\"height: 0px\"><\/div><div class=\"cz_gap show_on_mobile clr\" style=\"height: 50px\"><\/div>[vc_column_text]<\/p>\n<h1 style=\"text-align: center;\">MESEC d.o.o. \u2013 specialisti za vodu<\/h1>\n<p>[\/vc_column_text][vc_separator el_width=&#8221;30&#8243;][\/vc_column][\/vc_row][vc_section full_width=&#8221;stretch_row_content&#8221;][vc_row][vc_column]<div class=\"cz_gap clr \" style=\"height: 100px\"><\/div><div class=\"relative\"><div id=\"cz_80776\" class=\"cz_sep2 cz_sep2_35 cz_sep_bottom\"><svg preserveAspectRatio=\"none\" xmlns=\"http:\/\/www.w3.org\/2000\/svg\" width=\"100%\"  viewBox=\"0 0 1600 200\">\n\t\t\t\t\t\t\t<path style=\"fill:#f4f4f4\" d=\"M0,200V171.73C15.125,153.839,57.426,134,57.426,134,29.105,141.337,7.588,159.276,0,166.277V137.429S65.532,46.658,329.7,158c0,0,107.756,53.571,264.356-75.429,185.43-116.346,270.24-28.54,388.119,25.715,106.432,54.857,131.682,62.143,228.712,14.571s172.21-34.714,236.63-6,108.84,25.286,152.48,13.714V200H0Zm166.372-68.42c-19.943-11.065-34.924-9.19-34.924-9.19-13.949-.4-12.68,12.242,2.849,7.189s23.1,1.123,29.5,3.182S166.372,131.58,166.372,131.58ZM319.8,170.857c-52.777-18.6-73.267-18-73.267-18s22.97,6.343,87.128,28.286c73.862,23.143,117.822-3.429,117.822-3.429C403.592,191,372.579,189.455,319.8,170.857Zm168.317-5.143s30.5-1.028,70.3-38.571C558.416,127.143,529.62,152.174,488.119,165.714Zm220.206-87.2c-61.2,16.109-142.1,77.454-142.1,77.454C685.114,74.676,754.315,74.316,766.611,75.01c0.66,0.053,1.316.1,1.986,0.161,0,0-.667-0.087-1.986-0.161C730.74,72.146,708.325,78.514,708.325,78.514ZM836.634,56c-40.677-18.6-75.248-12-75.248-12s-49.026,6.769.99,3.429S881.188,76.571,881.188,76.571C871.4,70.831,836.634,56,836.634,56ZM1045.54,164.857s-9.07-5.554-4.95,2.572,33.5,17.159,42.58,16.285C1083.17,183.714,1054.21,175.143,1045.54,164.857Zm70.3,6c-32.26,2.374,4.95,5.143,4.95,5.143,48.6-5.912,75.25-31.714,75.25-31.714C1139.27,175.429,1115.84,170.857,1115.84,170.857Zm50.5,7.714s-10.81,6.66,2.97,5.143S1202.97,164,1202.97,164,1184.65,177.286,1166.34,178.571Zm69.3-52.285c-11.55,1.945-22.77,13.714-22.77,13.714,16.59-9.643,22.77-9.429,22.77-9.429S1247.19,124.34,1235.64,126.286ZM1376.24,110c-12.3,1.3-1.98,5.143-1.98,5.143,14.93-2.769,21.78,1.714,21.78,1.714A24.737,24.737,0,0,0,1376.24,110Zm96.04,31.714c-24.84-14.8-45.55-18-45.55-18s-11.55.66-.99,4.286,15.43,3.017,39.61,15.429,47.85,10.945,51.48,11.142,29.7-3.428,29.7-3.428S1498.2,157.163,1472.28,141.714Zm-25.75-50.571c17.83,10.928,61.39,23.143,61.39,23.143C1463.07,113.057,1446.53,91.143,1446.53,91.143ZM1315.84,69.6c-21.58-2.053-46.53,11.609-46.53,11.609,13.61-9.674,31.48-21.648,58.41-14.833s41.59,2.58,41.59,2.58C1357.38,75.607,1337.42,71.652,1315.84,69.6Zm-219.43,61.583c-13.01-4.866-5.31-9.576,4.23-3.406,0,0,8.05,5.857,25.7.166s8.6,4.21-4.09,6.115S1109.43,136.048,1096.41,131.182ZM742.574,4.571c-4.341-.239,0-1.714,0-1.714C812.738-3.81,876.238,30.286,876.238,30.286,789.851,0.714,746.915,4.81,742.574,4.571ZM548.64,89.807c8.662-6.757,1.855-1.236,1.855-1.236S549.836,89.013,548.64,89.807Zm-69.432,41.622C493.521,126.2,538.9,96.282,548.64,89.807c-3.187,2.487-8.467,6.634-16.957,13.336C500.125,128.053,479.208,131.429,479.208,131.429Zm-44.9-6.976s-3.263-4.569,5-3.489c5.647,0.738,2.32,2.907,17.13-1.163C456.436,119.8,445.463,129.079,434.31,124.453Zm17.175,20.69S388.917,174.323,327.723,140C327.723,140,378.205,160.073,451.485,145.143ZM61.1,85.547c39.46-24.821,148.394,9.973,148.394,9.973C94.374,70.106,65.087,83.249,61.1,85.547Zm0,0c-0.171.107-.343,0.213-0.511,0.322A5.473,5.473,0,0,1,61.1,85.547Z\"\/>\n\t\t\t\t\t\t<\/svg><\/div><\/div>[\/vc_column][\/vc_row][\/vc_section][vc_section full_width=&#8221;stretch_row&#8221; css=&#8221;.vc_custom_1637234213431{background-color: #f4f4f4 !important;}&#8221;][vc_row css=&#8221;.vc_custom_1637230038650{margin-right: 550px !important;margin-left: 550px !important;}&#8221;][vc_column]<div class=\"cz_gap clr \" style=\"height: 50px\"><\/div>[\/vc_column][\/vc_row][vc_row][vc_column width=&#8221;1\/3&#8243;]<div id=\"cz_73746\" data-position=\"top-right\" class=\"cz_73746 cz_image clr cz_image_no_fx center_on_mobile\"><div class=\"\" ><div class=\"cz_image_in\"><div class=\"cz_main_image\"><img decoding=\"async\" width=\"551\" height=\"210\" data-src=\"https:\/\/mesec.si\/wp-content\/smush-avif\/2021\/11\/homepage_logo_2.jpg.avif\" class=\"attachment-full lazyload\" alt=\"\" title=\"homepage_logo_2\" data-srcset=\"https:\/\/mesec.si\/wp-content\/smush-avif\/2021\/11\/homepage_logo_2.jpg.avif 551w, https:\/\/mesec.si\/wp-content\/smush-avif\/2021\/11\/homepage_logo_2-300x114.jpg.avif 300w\" data-sizes=\"(max-width: 551px) 100vw, 551px\" src=\"data:image\/svg+xml;base64,PHN2ZyB3aWR0aD0iMSIgaGVpZ2h0PSIxIiB4bWxucz0iaHR0cDovL3d3dy53My5vcmcvMjAwMC9zdmciPjwvc3ZnPg==\" style=\"--smush-placeholder-width: 551px; --smush-placeholder-aspect-ratio: 551\/210;\" data-smush-avif-fallback=\"{&quot;data-src&quot;:&quot;https:\\\/\\\/mesec.si\\\/wp-content\\\/uploads\\\/2021\\\/11\\\/homepage_logo_2.jpg&quot;,&quot;data-srcset&quot;:&quot;https:\\\/\\\/mesec.si\\\/wp-content\\\/uploads\\\/2021\\\/11\\\/homepage_logo_2.jpg 551w, https:\\\/\\\/mesec.si\\\/wp-content\\\/uploads\\\/2021\\\/11\\\/homepage_logo_2-300x114.jpg 300w&quot;}\" \/><\/div><\/div><\/div><\/div>[\/vc_column][vc_column width=&#8221;2\/3&#8243;]<div class=\"cz_gap clr \" style=\"height: 35px\"><\/div>[vc_column_text]Poduze\u0107e MESEC d.o.o. je specijalizirano poduze\u0107a na podru\u0107ju filtriranja vode, omek\u0161avanja vode i \u010di\u0161\u0107enja pitke vode. Na\u0161a osnovna prednost je stalno ispopunjavanje i iskustva koja nam omogu\u0107aju da mo\u017eemo korisnicima ponuditi tako proizvode vode\u0107ih svjetskih ponu\u0111a\u010da kako i vlastita rje\u0161enja.[\/vc_column_text][\/vc_column][\/vc_row][vc_row css=&#8221;.vc_custom_1637230038650{margin-right: 550px !important;margin-left: 550px !important;}&#8221;][vc_column offset=&#8221;vc_hidden-xs&#8221;]<div class=\"cz_gap clr  hide_on_mobile\" style=\"height: 20px\"><\/div><div class=\"cz_gap show_on_mobile clr\" style=\"height: 0px\"><\/div>[\/vc_column][\/vc_row][vc_row][vc_column width=&#8221;2\/3&#8243;]<div class=\"cz_gap clr  hide_on_mobile\" style=\"height: 50px\"><\/div><div class=\"cz_gap show_on_mobile clr\" style=\"height: 0px\"><\/div>[vc_column_text]Zbog dobrog poznavanja razli\u010ditih kvaliteta vode, filtera i omek\u0161avanja vode te dobre suradnje s poslovnim partnerima, kupcima nudimo cjelovita rje\u0161enja prilago\u0111ena njihovim \u017eeljama i potrebama. Korisnicima garantiramo cjelovitu potporu, savjetovanje pri odabiru sustava i ure\u0111aja te cjelovitu ponudu odr\u017eavanja svih vrsta sustava i opreme za filtriranje, omek\u0161avanje, pro\u010di\u0161\u0107avanje, UV dezinfekcijo vode, sistemov reverzne osmoze\u2026[\/vc_column_text][vc_btn title=&#8221;Op\u0107i uvjeti poslovanja&#8221; style=&#8221;flat&#8221; color=&#8221;primary&#8221; i_icon_fontawesome=&#8221;far fa-file-pdf&#8221; add_icon=&#8221;true&#8221; link=&#8221;url:%2Fwp-content%2Fuploads%2F2021%2F12%2FMESEC_doo_Splosni_prodajni_pogoji.pdf|title:Op%C4%87i%20uvjeti%20poslovanja|target:_blank&#8221;]<div class=\"cz_gap clr \" style=\"height: 50px\"><\/div>[\/vc_column][vc_column width=&#8221;1\/3&#8243;]<div id=\"cz_59984\" data-position=\"top-right\" class=\"cz_59984 cz_image clr cz_image_no_fx center_on_mobile\"><div class=\"\" ><div class=\"cz_image_in\"><div class=\"cz_main_image\"><img decoding=\"async\" width=\"462\" height=\"462\" data-src=\"https:\/\/mesec.si\/wp-content\/smush-avif\/2021\/11\/prodajni_program_vodni_filtri.png.avif\" class=\"attachment-full lazyload\" alt=\"\" title=\"prodajni_program_vodni_filtri\" data-srcset=\"https:\/\/mesec.si\/wp-content\/smush-avif\/2021\/11\/prodajni_program_vodni_filtri.png.avif 462w, https:\/\/mesec.si\/wp-content\/smush-avif\/2021\/11\/prodajni_program_vodni_filtri-300x300.png.avif 300w, https:\/\/mesec.si\/wp-content\/smush-avif\/2021\/11\/prodajni_program_vodni_filtri-150x150.png.avif 150w, https:\/\/mesec.si\/wp-content\/smush-avif\/2021\/11\/prodajni_program_vodni_filtri-100x100.png.avif 100w\" data-sizes=\"(max-width: 462px) 100vw, 462px\" src=\"data:image\/svg+xml;base64,PHN2ZyB3aWR0aD0iMSIgaGVpZ2h0PSIxIiB4bWxucz0iaHR0cDovL3d3dy53My5vcmcvMjAwMC9zdmciPjwvc3ZnPg==\" style=\"--smush-placeholder-width: 462px; --smush-placeholder-aspect-ratio: 462\/462;\" data-smush-avif-fallback=\"{&quot;data-src&quot;:&quot;https:\\\/\\\/mesec.si\\\/wp-content\\\/uploads\\\/2021\\\/11\\\/prodajni_program_vodni_filtri.png&quot;,&quot;data-srcset&quot;:&quot;https:\\\/\\\/mesec.si\\\/wp-content\\\/uploads\\\/2021\\\/11\\\/prodajni_program_vodni_filtri.png 462w, https:\\\/\\\/mesec.si\\\/wp-content\\\/uploads\\\/2021\\\/11\\\/prodajni_program_vodni_filtri-300x300.png 300w, https:\\\/\\\/mesec.si\\\/wp-content\\\/uploads\\\/2021\\\/11\\\/prodajni_program_vodni_filtri-150x150.png 150w, https:\\\/\\\/mesec.si\\\/wp-content\\\/uploads\\\/2021\\\/11\\\/prodajni_program_vodni_filtri-100x100.png 100w&quot;}\" \/><\/div><\/div><\/div><\/div>[\/vc_column][\/vc_row][vc_row][vc_column]<div class=\"cz_gap clr \" style=\"height: 20px\"><\/div>[\/vc_column][\/vc_row][\/vc_section][vc_row full_width=&#8221;stretch_row_content_no_spaces&#8221;][vc_column]<div class=\"relative\"><div id=\"cz_57972\" class=\"cz_sep2 cz_sep2_4 cz_sep_top\"><svg preserveAspectRatio=\"none\" xmlns=\"http:\/\/www.w3.org\/2000\/svg\" width=\"100%\"  viewBox=\"0 0 1600 165\">\n\t\t\t\t\t\t  <path style=\"fill:rgba(167,167,167,0.25)\" d=\"M-3,0S398.468,103.5,799.951,103.5C1201.47,103.5,1603,0,1603,0V167H-3V0Z\"\/>\n\t\t\t\t\t\t  <path style=\"fill:rgba(167,167,167,0.25)\" d=\"M-3,25S398.468,128.5,799.951,128.5C1201.47,128.5,1603,25,1603,25V168H-3V25Z\"\/>\n\t\t\t\t\t\t  <path style=\"fill:#f4f4f4\" d=\"M-3,49S398.468,152.5,799.951,152.5C1201.47,152.5,1603,49,1603,49V167.5H-3V49Z\"\/>\n\t\t\t\t\t\t<\/svg><\/div><\/div><div class=\"cz_gap clr \" style=\"height: 250px\"><\/div>[\/vc_column][\/vc_row][vc_section][vc_row][vc_column][vc_column_text]<\/p>\n<h2>Sustav upravljanja kvalitetom \u2013 ISO 9001<\/h2>\n<p>[\/vc_column_text][vc_separator align=&#8221;align_left&#8221; el_width=&#8221;50&#8243;][vc_column_text]U poduze\u0107u Mesec d.o.o. \u017eelimo ostati dugoru\u010dni dobavlja\u010d pouzdanih proizvoda i sustava za filtriranje, omek\u0161avanje, UV dezinfekciju, \u010di\u0161\u0107enje, tretma vode. Na\u0161im kona\u010dnim komercijalnim kupcima i kupcima u ku\u0107anstvima, veleprodajnim trgovinama, instalaterima, projektantima, upraviteljima sustava opskrbom s (pitkom) vodom, \u017eelimo nuditi i isporu\u0107ivati kvalitetne proizvode i sustave koji posti\u017eu ili prema\u0161uju njihova o\u010dekivanja, i to sve u skladu s va\u017ee\u0107im tehni\u010dkim standardima i propisima.<br \/>\nUz to \u017eelimo ponuditi i odli\u010dnu strukovnu potporu pri odabiru najprimjerenih proizvoda i sustava te usluge odr\u017eavanja i servisiranja.<\/p>\n<p>Za ostavrivanje ove vizije, uspostavili smo sustav vodenja kakvo\u0107e ISO 9001:2015, kojeg neprestano odr\u017eavamo.[\/vc_column_text][\/vc_column][\/vc_row][vc_row][vc_column width=&#8221;1\/3&#8243;]<a href=\"\/wp-content\/uploads\/2021\/11\/47819ms_slo.pdf\" target=\"_blank\" title=\"certifikat\" aria-label=\"certifikat\"><div id=\"cz_12027\" data-position=\"top-right\" class=\"cz_12027 cz_image clr cz_image_no_fx center_on_mobile\"><div class=\"\" ><div class=\"cz_image_in\"><div class=\"cz_main_image\"><img decoding=\"async\" width=\"210\" height=\"300\" data-src=\"https:\/\/mesec.si\/wp-content\/smush-avif\/2021\/11\/certifikat-slo-210x300-1.jpg.avif\" class=\"attachment-medium lazyload\" alt=\"\" title=\"certifikat-slo-210x300\" src=\"data:image\/svg+xml;base64,PHN2ZyB3aWR0aD0iMSIgaGVpZ2h0PSIxIiB4bWxucz0iaHR0cDovL3d3dy53My5vcmcvMjAwMC9zdmciPjwvc3ZnPg==\" style=\"--smush-placeholder-width: 210px; --smush-placeholder-aspect-ratio: 210\/300;\" data-smush-avif-fallback=\"{&quot;data-src&quot;:&quot;https:\\\/\\\/mesec.si\\\/wp-content\\\/uploads\\\/2021\\\/11\\\/certifikat-slo-210x300-1.jpg&quot;}\" \/><\/div><\/div><div class=\"cz_image_caption mt10 cz_wpe_content\"><p><strong>SLO<\/strong><\/p>\n<\/div><\/div><\/div><\/a>[\/vc_column][vc_column width=&#8221;1\/3&#8243;]<a href=\"\/wp-content\/uploads\/2021\/11\/47819ms_de.pdf\" target=\"_blank\" title=\"Certifikcate\" aria-label=\"Certifikcate\"><div id=\"cz_83672\" data-position=\"top-right\" class=\"cz_83672 cz_image clr cz_image_no_fx center_on_mobile\"><div class=\"\" ><div class=\"cz_image_in\"><div class=\"cz_main_image\"><img decoding=\"async\" width=\"210\" height=\"300\" data-src=\"https:\/\/mesec.si\/wp-content\/smush-avif\/2021\/11\/certifikat-de-210x300-1.jpg.avif\" class=\"attachment-medium lazyload\" alt=\"\" title=\"certifikat-de-210x300\" src=\"data:image\/svg+xml;base64,PHN2ZyB3aWR0aD0iMSIgaGVpZ2h0PSIxIiB4bWxucz0iaHR0cDovL3d3dy53My5vcmcvMjAwMC9zdmciPjwvc3ZnPg==\" style=\"--smush-placeholder-width: 210px; --smush-placeholder-aspect-ratio: 210\/300;\" data-smush-avif-fallback=\"{&quot;data-src&quot;:&quot;https:\\\/\\\/mesec.si\\\/wp-content\\\/uploads\\\/2021\\\/11\\\/certifikat-de-210x300-1.jpg&quot;}\" \/><\/div><\/div><div class=\"cz_image_caption mt10 cz_wpe_content\"><p><strong>DE<\/strong><\/p>\n<\/div><\/div><\/div><\/a>[\/vc_column][vc_column width=&#8221;1\/3&#8243;]<a href=\"\/wp-content\/uploads\/2021\/11\/47819ms_en.pdf\" target=\"_blank\" title=\"certifikat\" aria-label=\"certifikat\"><div id=\"cz_58880\" data-position=\"top-right\" class=\"cz_58880 cz_image clr cz_image_no_fx center_on_mobile\"><div class=\"\" ><div class=\"cz_image_in\"><div class=\"cz_main_image\"><img decoding=\"async\" width=\"210\" height=\"300\" data-src=\"https:\/\/mesec.si\/wp-content\/smush-avif\/2021\/11\/certifikat-en-210x300-1.jpg.avif\" class=\"attachment-medium lazyload\" alt=\"\" title=\"certifikat-en-210x300\" src=\"data:image\/svg+xml;base64,PHN2ZyB3aWR0aD0iMSIgaGVpZ2h0PSIxIiB4bWxucz0iaHR0cDovL3d3dy53My5vcmcvMjAwMC9zdmciPjwvc3ZnPg==\" style=\"--smush-placeholder-width: 210px; --smush-placeholder-aspect-ratio: 210\/300;\" data-smush-avif-fallback=\"{&quot;data-src&quot;:&quot;https:\\\/\\\/mesec.si\\\/wp-content\\\/uploads\\\/2021\\\/11\\\/certifikat-en-210x300-1.jpg&quot;}\" \/><\/div><\/div><div class=\"cz_image_caption mt10 cz_wpe_content\"><p><strong>EN<\/strong><\/p>\n<\/div><\/div><\/div><\/a>[\/vc_column][\/vc_row][\/vc_section][vc_section][vc_row][vc_column width=&#8221;2\/3&#8243;]<div class=\"cz_gap clr \" style=\"height: 100px\"><\/div>[vc_column_text]<\/p>\n<h2 class=\"m-z-index\">Kartica poduze\u0107a<\/h2>\n<div class=\"m-bg-izkaznica\">\n<div class=\"m--izkaznica\"><\/div>\n<\/div>\n<p>[\/vc_column_text][vc_separator align=&#8221;align_left&#8221; el_width=&#8221;50&#8243;][vc_column_text]<\/p>\n<h4><strong>Puno ime: MESEC, trgovina i usluge, d.o.o.\u00a0<\/strong><\/h4>\n<p>Skra\u0107eno ime: MESEC d.o.o.<br \/>\nAdresa: Ul. J. Slavenskog 1, HR-10000 Zagreb<br \/>\nTelefon (centrala): +385 1 5615-945<br \/>\nTelefon mob. +385 91 3770-670<br \/>\nE-po\u0161ta:<a href=\"mailto:info@mesec.hr\"><strong> info@mesec.hr<\/strong><\/a><br \/>\nInternet: <a href=\"http:\/\/www.mesec.hr\"><strong>www.mesec.hr<\/strong><\/a><br \/>\ne-trgovina: <a href=\"https:\/\/e-trgovina.mesec.hr\"><strong>https:\/\/e-trgovina.mesec.hr<\/strong><\/a><br \/>\nb2b portal za poslovne partnerje: <a href=\"https:\/\/b2b.mesec.hr\"><strong>https:\/\/b2b.mesec.hr<\/strong><\/a><br \/>\nIdentifikacijski broj: 2402807<br \/>\nOIB: 94513505773<br \/>\nPoslovni ra\u010dun:<\/p>\n<ul>\n<li>Raiffeisen Bank AUSTRIA d.d. HR2324840081104783375<\/li>\n<\/ul>\n<p>[\/vc_column_text][\/vc_column][vc_column width=&#8221;1\/3&#8243;][\/vc_column][\/vc_row][\/vc_section]<\/p>\n<\/div>","protected":false},"excerpt":{"rendered":"<p>[vc_row css=&#8221;.vc_custom_1637231193620{margin-top: -50px !important;}&#8221;][vc_column][vc_column_text] MESEC d.o.o. \u2013 specialisti za vodu [\/vc_column_text][vc_separator &#8230; <\/p>\n","protected":false},"author":2,"featured_media":3097,"parent":0,"menu_order":0,"comment_status":"closed","ping_status":"closed","template":"","meta":{"footnotes":""},"class_list":["post-3641","page","type-page","status-publish","has-post-thumbnail","hentry"],"_links":{"self":[{"href":"https:\/\/mesec.si\/hr\/wp-json\/wp\/v2\/pages\/3641","targetHints":{"allow":["GET"]}}],"collection":[{"href":"https:\/\/mesec.si\/hr\/wp-json\/wp\/v2\/pages"}],"about":[{"href":"https:\/\/mesec.si\/hr\/wp-json\/wp\/v2\/types\/page"}],"author":[{"embeddable":true,"href":"https:\/\/mesec.si\/hr\/wp-json\/wp\/v2\/users\/2"}],"replies":[{"embeddable":true,"href":"https:\/\/mesec.si\/hr\/wp-json\/wp\/v2\/comments?post=3641"}],"version-history":[{"count":0,"href":"https:\/\/mesec.si\/hr\/wp-json\/wp\/v2\/pages\/3641\/revisions"}],"wp:featuredmedia":[{"embeddable":true,"href":"https:\/\/mesec.si\/hr\/wp-json\/wp\/v2\/media\/3097"}],"wp:attachment":[{"href":"https:\/\/mesec.si\/hr\/wp-json\/wp\/v2\/media?parent=3641"}],"curies":[{"name":"wp","href":"https:\/\/api.w.org\/{rel}","templated":true}]}}