{"id":3628,"date":"2021-11-17T11:51:27","date_gmt":"2021-11-17T10:51:27","guid":{"rendered":"http:\/\/w5.mesec.si\/hisni-sistemi\/"},"modified":"2021-12-13T14:09:10","modified_gmt":"2021-12-13T13:09:10","slug":"kucni-sustavi","status":"publish","type":"page","link":"https:\/\/mesec.si\/hr\/kucni-sustavi\/","title":{"rendered":"Ku\u0107ni sustavi"},"content":{"rendered":"<div class=\"wpb-content-wrapper\"><p>[vc_section][vc_row][vc_column][vc_column_text]<\/p>\n<h1 style=\"text-align: center;\">Ku\u0107ni sustavi &#8211; Rje\u0161enja za cijelu ku\u0107u<\/h1>\n<p>[\/vc_column_text][vc_separator el_width=&#8221;30&#8243;]<div class=\"cz_gap clr \" style=\"height: 50px\"><\/div>[\/vc_column][\/vc_row][\/vc_section][vc_section][vc_row][vc_column width=&#8221;1\/4&#8243;]<div id=\"cz_107549\" data-position=\"top-right\" class=\"cz_107549 cz_image clr cz_image_no_fx center_on_mobile\"><div class=\"\" ><div class=\"cz_image_in\"><div class=\"cz_main_image\"><img decoding=\"async\" width=\"300\" height=\"300\" data-src=\"https:\/\/mesec.si\/wp-content\/uploads\/2021\/11\/triplex_filtrirni_sistem_mesec_1-300x300-1.jpg\" class=\"attachment-full lazyload\" alt=\"triplex filtrirni sistem\" title=\"triplex_filtrirni_sistem_mesec_1-300x300\" data-srcset=\"https:\/\/mesec.si\/wp-content\/uploads\/2021\/11\/triplex_filtrirni_sistem_mesec_1-300x300-1.jpg 300w, https:\/\/mesec.si\/wp-content\/uploads\/2021\/11\/triplex_filtrirni_sistem_mesec_1-300x300-1-150x150.jpg 150w, https:\/\/mesec.si\/wp-content\/uploads\/2021\/11\/triplex_filtrirni_sistem_mesec_1-300x300-1-100x100.jpg 100w\" data-sizes=\"(max-width: 300px) 100vw, 300px\" src=\"data:image\/svg+xml;base64,PHN2ZyB3aWR0aD0iMSIgaGVpZ2h0PSIxIiB4bWxucz0iaHR0cDovL3d3dy53My5vcmcvMjAwMC9zdmciPjwvc3ZnPg==\" style=\"--smush-placeholder-width: 300px; --smush-placeholder-aspect-ratio: 300\/300;\" \/><\/div><\/div><\/div><\/div>[\/vc_column][vc_column width=&#8221;3\/4&#8243;][vc_column_text]<\/p>\n<h3>Filtriranje vode<\/h3>\n<p>[\/vc_column_text][vc_column_text]Filteri za vodu \u0161tite vodovodnu instalaciju i ugra\u0111ene armature od mehani\u010dkih, u vodi netopivih \u010destica (pijesak, kamen\u010di\u0107i, hr\u0111a \u2026). Uobi\u010dajeno ih ugradimo na ulazni vod vodovodne mre\u017ee u ku\u0107u ili objekat.[\/vc_column_text][vc_btn title=&#8221;Vi\u0161e o filtriranju vode&#8221; style=&#8221;flat&#8221; color=&#8221;primary&#8221; align=&#8221;right&#8221; link=&#8221;url:%2Fhr%2Fkucni-sustavi%2Ffiltriranje-vode%2F|title:Filtri%20za%20vodu%20za%20cijelu%20ku%C4%87u&#8221;][\/vc_column][\/vc_row][vc_row][vc_column]<div class=\"cz_gap clr \" style=\"height: 50px\"><\/div>[vc_separator]<div class=\"cz_gap clr \" style=\"height: 20px\"><\/div>[\/vc_column][\/vc_row][vc_row][vc_column width=&#8221;1\/4&#8243;]<div id=\"cz_84675\" data-position=\"top-right\" class=\"cz_84675 cz_image clr cz_image_no_fx center_on_mobile\"><div class=\"\" ><div class=\"cz_image_in\"><div class=\"cz_main_image\"><img decoding=\"async\" width=\"300\" height=\"300\" data-src=\"https:\/\/mesec.si\/wp-content\/uploads\/2021\/11\/mehcanje_vode.jpg\" class=\"attachment-full lazyload\" alt=\"Meh\u010danje vode v hi\u0161i\" title=\"mehcanje_vode\" data-srcset=\"https:\/\/mesec.si\/wp-content\/uploads\/2021\/11\/mehcanje_vode.jpg 300w, https:\/\/mesec.si\/wp-content\/uploads\/2021\/11\/mehcanje_vode-150x150.jpg 150w, https:\/\/mesec.si\/wp-content\/uploads\/2021\/11\/mehcanje_vode-100x100.jpg 100w\" data-sizes=\"(max-width: 300px) 100vw, 300px\" src=\"data:image\/svg+xml;base64,PHN2ZyB3aWR0aD0iMSIgaGVpZ2h0PSIxIiB4bWxucz0iaHR0cDovL3d3dy53My5vcmcvMjAwMC9zdmciPjwvc3ZnPg==\" style=\"--smush-placeholder-width: 300px; --smush-placeholder-aspect-ratio: 300\/300;\" \/><\/div><\/div><\/div><\/div>[\/vc_column][vc_column width=&#8221;3\/4&#8243;][vc_column_text]<\/p>\n<h3>Omek\u0161avanje vode<\/h3>\n<p>[\/vc_column_text][vc_column_text]Vodeni kamenac se polako talo\u017ei u cijevima, na grija\u010dima i sanitarnim armaturama. Rezultat su za\u010depljene cijevi, ve\u0107a potro\u0161nja energije i nepravilno djelovanje sanitarnih armatura. \u010ci\u0161\u0107enje od. odstranjivanje vodenog kamenca, koji uobi\u010dajeno zahtjeva puno truda i vremena te upotreba agresivnih sredstava ne\u0107e biti potrebna, ako \u0107ete odstraniti uzrok, a ne rje\u0161avali se posljedica.[\/vc_column_text][vc_btn title=&#8221;Vi\u0161e o omek\u0161avanju&#8221; style=&#8221;flat&#8221; color=&#8221;primary&#8221; align=&#8221;right&#8221; link=&#8221;url:%2Fhr%2Fkucni-sustavi%2Fomeksavanje-vode%2F|title:Omek%C5%A1avanje%20vode&#8221;][\/vc_column][\/vc_row][vc_row][vc_column]<div class=\"cz_gap clr \" style=\"height: 50px\"><\/div>[vc_separator]<div class=\"cz_gap clr \" style=\"height: 20px\"><\/div>[\/vc_column][\/vc_row][vc_row][vc_column width=&#8221;1\/4&#8243;]<div id=\"cz_66934\" data-position=\"top-right\" class=\"cz_66934 cz_image clr cz_image_no_fx center_on_mobile\"><div class=\"\" ><div class=\"cz_image_in\"><div class=\"cz_main_image\"><img decoding=\"async\" width=\"300\" height=\"300\" data-src=\"https:\/\/mesec.si\/wp-content\/uploads\/2021\/11\/hvp-157q-1.jpg\" class=\"attachment-full lazyload\" alt=\"Hi\u0161na vodna postaja 107Q\" title=\"hvp-157q\" data-srcset=\"https:\/\/mesec.si\/wp-content\/uploads\/2021\/11\/hvp-157q-1.jpg 300w, https:\/\/mesec.si\/wp-content\/uploads\/2021\/11\/hvp-157q-1-150x150.jpg 150w, https:\/\/mesec.si\/wp-content\/uploads\/2021\/11\/hvp-157q-1-100x100.jpg 100w\" data-sizes=\"(max-width: 300px) 100vw, 300px\" src=\"data:image\/svg+xml;base64,PHN2ZyB3aWR0aD0iMSIgaGVpZ2h0PSIxIiB4bWxucz0iaHR0cDovL3d3dy53My5vcmcvMjAwMC9zdmciPjwvc3ZnPg==\" style=\"--smush-placeholder-width: 300px; --smush-placeholder-aspect-ratio: 300\/300;\" \/><\/div><\/div><\/div><\/div>[\/vc_column][vc_column width=&#8221;3\/4&#8243;][vc_column_text]<\/p>\n<h3>UV dezinfekcija<\/h3>\n<p>[\/vc_column_text][vc_column_text]UV tehnologija je bistveno u\u010dinkovitija od kemikalije pri uni\u0161tavanju parazita u vodi, kao su Giardia i Cryptosporidium. UV dezinfekcija ne mijenja okus vode i ne uzrukuje \u0161tetne dodatne produkte. Zato je ekonomi\u010dan i prakti\u010dan postupak za \u010di\u0161\u0107enje i dezinfekciju vode, koja se upotrebljava za pi\u0107e i pripremu hrane.[\/vc_column_text][vc_btn title=&#8221;Vi\u0161e o UV dezinfekciji&#8221; style=&#8221;flat&#8221; color=&#8221;primary&#8221; align=&#8221;right&#8221; link=&#8221;url:%2Fhr%2Fkucni-sustavi%2Fuv-dezinfekcija%2F|title:UV%20dezinfekcija%20vode&#8221;][\/vc_column][\/vc_row][vc_row][vc_column]<div class=\"cz_gap clr \" style=\"height: 50px\"><\/div>[vc_separator]<div class=\"cz_gap clr \" style=\"height: 20px\"><\/div>[\/vc_column][\/vc_row][vc_row][vc_column width=&#8221;1\/4&#8243;]<div id=\"cz_24879\" data-position=\"top-right\" class=\"cz_24879 cz_image clr cz_image_no_fx center_on_mobile\"><div class=\"\" ><div class=\"cz_image_in\"><div class=\"cz_main_image\"><img decoding=\"async\" width=\"300\" height=\"300\" data-src=\"https:\/\/mesec.si\/wp-content\/uploads\/2021\/11\/filter-za-dez.jpg\" class=\"attachment-full lazyload\" alt=\"Filter za de\u017e\" title=\"filter-za-dez\" data-srcset=\"https:\/\/mesec.si\/wp-content\/uploads\/2021\/11\/filter-za-dez.jpg 300w, https:\/\/mesec.si\/wp-content\/uploads\/2021\/11\/filter-za-dez-150x150.jpg 150w, https:\/\/mesec.si\/wp-content\/uploads\/2021\/11\/filter-za-dez-100x100.jpg 100w\" data-sizes=\"(max-width: 300px) 100vw, 300px\" src=\"data:image\/svg+xml;base64,PHN2ZyB3aWR0aD0iMSIgaGVpZ2h0PSIxIiB4bWxucz0iaHR0cDovL3d3dy53My5vcmcvMjAwMC9zdmciPjwvc3ZnPg==\" style=\"--smush-placeholder-width: 300px; --smush-placeholder-aspect-ratio: 300\/300;\" \/><\/div><\/div><\/div><\/div>[\/vc_column][vc_column width=&#8221;3\/4&#8243;][vc_column_text]<\/p>\n<h3>Filtriranje ki\u0161nice<\/h3>\n<p>[\/vc_column_text][vc_column_text]Naj\u010de\u0161\u0107e se ki\u0161nica sakuplja s krovnih povr\u0161ina pa tako i ispire razne ne\u010disto\u0107e. Na jesen, ki\u0161nica uz finu pra\u0161inu u spremnik donosi i li\u0161\u0107e iz oluka. Te ne\u010disto\u0107e je dobro odstraniti prije dolaska vode u spremnik.[\/vc_column_text][vc_btn title=&#8221;Vi\u0161e o filtriranje ki\u0161nice&#8221; style=&#8221;flat&#8221; color=&#8221;primary&#8221; align=&#8221;right&#8221; link=&#8221;url:%2Fhr%2Fkucni-sustavi%2Ffiltriranje-kisnice%2F|title:Filtriranje%20ki%C5%A1nice&#8221;][\/vc_column][\/vc_row][vc_row][vc_column]<div class=\"cz_gap clr \" style=\"height: 50px\"><\/div>[vc_separator]<div class=\"cz_gap clr \" style=\"height: 20px\"><\/div>[\/vc_column][\/vc_row][vc_row][vc_column width=&#8221;1\/4&#8243;]<div id=\"cz_36900\" data-position=\"top-right\" class=\"cz_36900 cz_image clr cz_image_no_fx center_on_mobile\"><div class=\"\" ><div class=\"cz_image_in\"><div class=\"cz_main_image\"><img decoding=\"async\" width=\"300\" height=\"300\" data-src=\"https:\/\/mesec.si\/wp-content\/uploads\/2021\/11\/zascita-ogrevalnih-delov.jpg\" class=\"attachment-full lazyload\" alt=\"zascita-ogrevalnih-delov\" title=\"zascita-ogrevalnih-delov\" data-srcset=\"https:\/\/mesec.si\/wp-content\/uploads\/2021\/11\/zascita-ogrevalnih-delov.jpg 300w, https:\/\/mesec.si\/wp-content\/uploads\/2021\/11\/zascita-ogrevalnih-delov-150x150.jpg 150w, https:\/\/mesec.si\/wp-content\/uploads\/2021\/11\/zascita-ogrevalnih-delov-100x100.jpg 100w\" data-sizes=\"(max-width: 300px) 100vw, 300px\" src=\"data:image\/svg+xml;base64,PHN2ZyB3aWR0aD0iMSIgaGVpZ2h0PSIxIiB4bWxucz0iaHR0cDovL3d3dy53My5vcmcvMjAwMC9zdmciPjwvc3ZnPg==\" style=\"--smush-placeholder-width: 300px; --smush-placeholder-aspect-ratio: 300\/300;\" \/><\/div><\/div><\/div><\/div>[\/vc_column][vc_column width=&#8221;3\/4&#8243;][vc_column_text]<\/p>\n<h3>Za\u0161tita i odr\u017eavanje sustava grijanja<\/h3>\n<p>[\/vc_column_text][vc_column_text]U sustavima grijanja zatvorenog tipa mogu se stvoriti razne ne\u010disto\u0107e: vapnenac, oksidi, komadi\u0107i hr\u0111e i sluz. Te ne\u010disto\u0107e \u010desto vidimo kao \u00bbblato\u00ab i mogu prouzro\u010diti razli\u010dite pote\u0161ko\u0107e: blokiranje ventila, senzora i regulatora, ispad djelovanja crpki, hladne to\u010dke u radijatorima i podnom grijanju. Mogu prouzro\u010diti nastanak opasnog procesa korozije. \u00bbBlato\u00ab smanji toplotnu u\u010dinkovitost, pove\u010da potro\u0161nju energenata i smanjuje trajnosti svih komponenata sustava grijanja.[\/vc_column_text][vc_btn title=&#8221;Vi\u0161e o za\u0161titi i odr\u017eavanju sustava grijanja&#8221; style=&#8221;flat&#8221; color=&#8221;primary&#8221; align=&#8221;right&#8221; link=&#8221;url:%2Fhr%2Fkucni-sustavi%2Fzastita-i-odrzavanje-sustava-grijanja%2F|title:Za%C5%A1tita%20i%20odr%C5%BEavanje%20sustava%20grijanja&#8221;][\/vc_column][\/vc_row][vc_row][vc_column]<div class=\"cz_gap clr \" style=\"height: 50px\"><\/div>[vc_separator]<div class=\"cz_gap clr \" style=\"height: 20px\"><\/div>[\/vc_column][\/vc_row][vc_row][vc_column width=&#8221;1\/4&#8243;]<div id=\"cz_37529\" data-position=\"top-right\" class=\"cz_37529 cz_image clr cz_image_no_fx center_on_mobile\"><div class=\"\" ><div class=\"cz_image_in\"><div class=\"cz_main_image\"><img decoding=\"async\" width=\"300\" height=\"300\" data-src=\"https:\/\/mesec.si\/wp-content\/uploads\/2021\/11\/kuhinjske_armature_mesec-2.jpg\" class=\"attachment-full lazyload\" alt=\"Kuhinjske armature\" title=\"kuhinjske_armature_mesec\" data-srcset=\"https:\/\/mesec.si\/wp-content\/uploads\/2021\/11\/kuhinjske_armature_mesec-2.jpg 300w, https:\/\/mesec.si\/wp-content\/uploads\/2021\/11\/kuhinjske_armature_mesec-2-150x150.jpg 150w, https:\/\/mesec.si\/wp-content\/uploads\/2021\/11\/kuhinjske_armature_mesec-2-100x100.jpg 100w\" data-sizes=\"(max-width: 300px) 100vw, 300px\" src=\"data:image\/svg+xml;base64,PHN2ZyB3aWR0aD0iMSIgaGVpZ2h0PSIxIiB4bWxucz0iaHR0cDovL3d3dy53My5vcmcvMjAwMC9zdmciPjwvc3ZnPg==\" style=\"--smush-placeholder-width: 300px; --smush-placeholder-aspect-ratio: 300\/300;\" \/><\/div><\/div><\/div><\/div>[\/vc_column][vc_column width=&#8221;3\/4&#8243;][vc_column_text]<\/p>\n<h3>Filtriranje u kuhinji<\/h3>\n<p>[\/vc_column_text][vc_column_text]\u010cista voda za pi\u0107e nije luksuz, va\u017eno je osigurati zdravo tijelo i hladan duh. Ugradnjom odgovaraju\u0107eg sustava za pro\u010di\u0161\u0107avanje pitke vode u ku\u0107nu kuhinju osiguravate \u010distu i besprijekornu vodu koja zadovoljava najvi\u0161e svjetske zdravstvene standarde![\/vc_column_text][vc_btn title=&#8221;Vi\u0161e o filtriranju u kuhinji&#8221; style=&#8221;flat&#8221; color=&#8221;primary&#8221; align=&#8221;right&#8221; link=&#8221;url:%2Fhr%2Fkucni-sustavi%2Ffiltriranje-u-kuhinji%2F|title:Filtriranje%20u%20kuhinji&#8221;][\/vc_column][\/vc_row][vc_row disable_element=&#8221;yes&#8221;][vc_column]<div class=\"cz_gap clr \" style=\"height: 50px\"><\/div>[vc_separator]<div class=\"cz_gap clr \" style=\"height: 20px\"><\/div>[\/vc_column][\/vc_row][vc_row disable_element=&#8221;yes&#8221;][vc_column width=&#8221;1\/4&#8243;]<div id=\"cz_58001\" data-position=\"top-right\" class=\"cz_58001 cz_image clr cz_image_no_fx center_on_mobile\"><div class=\"\" ><div class=\"cz_image_in\"><div class=\"cz_main_image\"><img decoding=\"async\" width=\"300\" height=\"300\" data-src=\"https:\/\/mesec.si\/wp-content\/uploads\/2021\/11\/mesec-aquality-h-c-vodni-bar-hladna-sobna-vroca-black-grey.jpg\" class=\"attachment-full lazyload\" alt=\"mesec aquality h-c vodni bar\" title=\"mesec-aquality-h-c-vodni-bar-hladna-sobna-vroca-black-grey\" data-srcset=\"https:\/\/mesec.si\/wp-content\/uploads\/2021\/11\/mesec-aquality-h-c-vodni-bar-hladna-sobna-vroca-black-grey.jpg 300w, https:\/\/mesec.si\/wp-content\/uploads\/2021\/11\/mesec-aquality-h-c-vodni-bar-hladna-sobna-vroca-black-grey-150x150.jpg 150w, https:\/\/mesec.si\/wp-content\/uploads\/2021\/11\/mesec-aquality-h-c-vodni-bar-hladna-sobna-vroca-black-grey-100x100.jpg 100w\" data-sizes=\"(max-width: 300px) 100vw, 300px\" src=\"data:image\/svg+xml;base64,PHN2ZyB3aWR0aD0iMSIgaGVpZ2h0PSIxIiB4bWxucz0iaHR0cDovL3d3dy53My5vcmcvMjAwMC9zdmciPjwvc3ZnPg==\" style=\"--smush-placeholder-width: 300px; --smush-placeholder-aspect-ratio: 300\/300;\" \/><\/div><\/div><\/div><\/div>[\/vc_column][vc_column width=&#8221;3\/4&#8243;][vc_column_text]<\/p>\n<h3>Aparati za vodo \u2013 Coolerji, Vodni bari, Pitnki<\/h3>\n<p>[\/vc_column_text][vc_column_text]Cooler, pitnik \u2013 vodni bar je izvir \u010diste, sve\u017ee vode, ki je lahko ohlajena ali segreta na \u017eeleno temperaturo. Aparati se prek \u010distilnega sistema AQUA KRISTAL\u00ae priklju\u010dijo neposredno na vodovodno omre\u017eje, zato baloni ustekleni\u010dene vode niso potrebni. Vodni bari in pitniki so odli\u010dna re\u0161itev za pisarne, poslovne in proizvodne prostore, javne ustanove, \u0161ole, vrtce, skratka povsod tam, kjer potrebujemo \u010disto pitno vodo za veliko ljudi.[\/vc_column_text][vc_btn title=&#8221;Ve\u010d o aparatih za vodo &#8211; Coolerji, vodni bari, pitniki&#8221; style=&#8221;flat&#8221; color=&#8221;primary&#8221; align=&#8221;right&#8221; link=&#8221;url:%2Fhisni-sistemi%2Faparati-za-vodo-coolerji-vodni-bari-pitniki%2F|title:Aparati%20za%20vodo-%20Coolerji%2C%20Vodni%20bari%2C%20Pitniki&#8221;][\/vc_column][\/vc_row][\/vc_section]<\/p>\n<\/div>","protected":false},"excerpt":{"rendered":"<p>[vc_section][vc_row][vc_column][vc_column_text] Ku\u0107ni sustavi &#8211; Rje\u0161enja za cijelu ku\u0107u [\/vc_column_text][vc_separator el_width=&#8221;30&#8243;][\/vc_column][\/vc_row][\/vc_section][vc_section][vc_row][vc_column width=&#8221;1\/4&#8243;][\/vc_column][vc_column &#8230; <\/p>\n","protected":false},"author":2,"featured_media":9395,"parent":0,"menu_order":0,"comment_status":"closed","ping_status":"closed","template":"","meta":{"footnotes":""},"class_list":["post-3628","page","type-page","status-publish","has-post-thumbnail","hentry"],"_links":{"self":[{"href":"https:\/\/mesec.si\/hr\/wp-json\/wp\/v2\/pages\/3628","targetHints":{"allow":["GET"]}}],"collection":[{"href":"https:\/\/mesec.si\/hr\/wp-json\/wp\/v2\/pages"}],"about":[{"href":"https:\/\/mesec.si\/hr\/wp-json\/wp\/v2\/types\/page"}],"author":[{"embeddable":true,"href":"https:\/\/mesec.si\/hr\/wp-json\/wp\/v2\/users\/2"}],"replies":[{"embeddable":true,"href":"https:\/\/mesec.si\/hr\/wp-json\/wp\/v2\/comments?post=3628"}],"version-history":[{"count":0,"href":"https:\/\/mesec.si\/hr\/wp-json\/wp\/v2\/pages\/3628\/revisions"}],"wp:featuredmedia":[{"embeddable":true,"href":"https:\/\/mesec.si\/hr\/wp-json\/wp\/v2\/media\/9395"}],"wp:attachment":[{"href":"https:\/\/mesec.si\/hr\/wp-json\/wp\/v2\/media?parent=3628"}],"curies":[{"name":"wp","href":"https:\/\/api.w.org\/{rel}","templated":true}]}}