{"id":3611,"date":"2021-11-17T12:03:32","date_gmt":"2021-11-17T11:03:32","guid":{"rendered":"http:\/\/w5.mesec.si\/filtriranje-u-kuhinji\/ionizatorji-za-pitno-vodo\/"},"modified":"2022-01-03T13:22:28","modified_gmt":"2022-01-03T12:22:28","slug":"ionizatori","status":"publish","type":"page","link":"https:\/\/mesec.si\/hr\/kucni-sustavi\/filtriranje-u-kuhinji\/ionizatori\/","title":{"rendered":"Ionizatori"},"content":{"rendered":"<div class=\"wpb-content-wrapper\"><p>[vc_section][vc_row][vc_column][vc_column_text]<\/p>\n<h1 style=\"text-align: center;\">Ionizatori<\/h1>\n<p>[\/vc_column_text][vc_separator el_width=&#8221;30&#8243;]<div class=\"cz_gap clr  hide_on_mobile\" style=\"height: 50px\"><\/div><div class=\"cz_gap show_on_mobile clr\" style=\"height: 15px\"><\/div>[\/vc_column][\/vc_row][\/vc_section][vc_section][vc_row][vc_column width=&#8221;3\/4&#8243;][vc_column_text]<\/p>\n<h5>Klju\u010d do zdravlja i vitalnosti<\/h5>\n<p>Ljudski organizam je sastavljen od 70 % vode. Dehidracija je uzrok mnogih pote\u0161ko\u0107a sa zdravljem. U\u010destale posljedice dehidracije su manjak energije, glavobolje i migrene, dijabetes tipa II, previsoki krvni tlak, prekomjerna tjelesna te\u017eina, bolovi u kri\u017eu.<\/p>\n<p>Dehidracija se uobi\u010dajeno poka\u017ee kao ne\u0161to drugo, npr. uzrokuje manjak energije, manjak energije prouzro\u010di lo\u0161u probavu. Ona se dijagnosticira kao \u00bbzakiseljenost organizma\u00ab te se \u010desto lije\u010di s ljekovima umjesto s vodom. Dobra hidratacija je izuzetno va\u017ena za dobro zdravlje i vitalnost!<\/p>\n<p>Ionizatori IonLife vodu prvo pro\u010diste s unikatnim filterskim sustavom Biostone i potom vodu ioniziraju. S ionizacijom se smanjuje broj molekula u vodenoj grupaciji (clustru). Zbog reducirane veli\u010dine i heksagonalnog oblika mogu prelaziti kroz tkiva na\u0161eg organizma u\u010dinkovitije od obi\u010dne vode. Njezin manji i pravilni oblik hidrira u\u010dinkovitije od obi\u010dne vode.[\/vc_column_text][vc_btn title=&#8221;Ionizirana alkalna voda &#8211; klju\u010d zdravlja i vitalnosti&#8221; style=&#8221;flat&#8221; color=&#8221;primary&#8221; size=&#8221;lg&#8221; i_icon_fontawesome=&#8221;far fa-file-pdf&#8221; add_icon=&#8221;true&#8221; link=&#8221;url:%2Fwp-content%2Fuploads%2F2021%2F12%2FIONLIFE_ionizirana_voda_MESEC-sistemi.pdf|title:Ionizatori%20za%20pitku%20vodu|target:_blank&#8221;][\/vc_column][vc_column width=&#8221;1\/4&#8243;]<div id=\"cz_67196\" data-position=\"top-right\" class=\"cz_67196 cz_image clr cz_image_no_fx center_on_mobile\"><div class=\"\" ><div class=\"cz_image_in\"><div class=\"cz_main_image\"><img decoding=\"async\" width=\"298\" height=\"420\" data-src=\"https:\/\/mesec.si\/wp-content\/smush-avif\/2021\/11\/ionizator_hisha_misec.jpg.avif\" class=\"attachment-full lazyload\" alt=\"ionizator hisha\" title=\"ionizator_hisha_misec\" data-srcset=\"https:\/\/mesec.si\/wp-content\/smush-avif\/2021\/11\/ionizator_hisha_misec.jpg.avif 298w, https:\/\/mesec.si\/wp-content\/smush-avif\/2021\/11\/ionizator_hisha_misec-213x300.jpg.avif 213w\" data-sizes=\"(max-width: 298px) 100vw, 298px\" src=\"data:image\/svg+xml;base64,PHN2ZyB3aWR0aD0iMSIgaGVpZ2h0PSIxIiB4bWxucz0iaHR0cDovL3d3dy53My5vcmcvMjAwMC9zdmciPjwvc3ZnPg==\" style=\"--smush-placeholder-width: 298px; --smush-placeholder-aspect-ratio: 298\/420;\" data-smush-avif-fallback=\"{&quot;data-src&quot;:&quot;https:\\\/\\\/mesec.si\\\/wp-content\\\/uploads\\\/2021\\\/11\\\/ionizator_hisha_misec.jpg&quot;,&quot;data-srcset&quot;:&quot;https:\\\/\\\/mesec.si\\\/wp-content\\\/uploads\\\/2021\\\/11\\\/ionizator_hisha_misec.jpg 298w, https:\\\/\\\/mesec.si\\\/wp-content\\\/uploads\\\/2021\\\/11\\\/ionizator_hisha_misec-213x300.jpg 213w&quot;}\" \/><\/div><\/div><\/div><\/div>[\/vc_column][\/vc_row][vc_row disable_element=&#8221;yes&#8221;][vc_column]<div class=\"cz_gap clr \" style=\"height: 20px\"><\/div>[vc_separator]<div class=\"cz_gap clr \" style=\"height: 20px\"><\/div>[\/vc_column][\/vc_row][vc_row disable_element=&#8221;yes&#8221;][vc_column][vc_column_text]Ionizirana alkalna (bazi\u010dna) voda je \u017dIVA VODA. Ionizirana voda je mo\u010dan antioksidant, ki pomaga odstraniti zakisane odpadke iz telesa in nevtralizira \u0161kodljive super oksidante. Ionizirana voda pomaga uravnavati telesni pH, zmanj\u0161uje prekomerno zakisanost telesa in pove\u010duje splo\u0161no odpornost organizma. Ker je velikost \u201cclustrov\u201d \u2013 skupin vodnih molekul manj\u0161a, je hidracija telesa zato hitrej\u0161a in intenzivnej\u0161a.<\/p>\n<p>Pitje alkalne ionizirane vode po telesni aktivnosti poskrbi za ravnote\u017eje elektrolitov tri krat hitreje kot obi\u010dajna voda. To je mogo\u010de zaradi manj\u0161e \u00bbcluster\u00ab strukture alkalne ionizirane vode, zato je hidracija in regeneracija telesa hitrej\u0161a. Prav zaradi teh lastnosti pomaga tudi pri napornem fizi\u010dnem ali umskem delu. Pri te\u017eavah z nespe\u010dnostjo se priporo\u010da kozarec vode eno uro pred spanjem.<\/p>\n<p>Alkalna ionizirana voda je odli\u010dna za pripravo zelenjave, sadja, juh\u2026\u00a0 Ko kuhate z alkalno ionizirano vodo, hrana vodo la\u017eje absorbira. To pove\u010da naravni okus in strukturo hrane. Hrana bo hitreje kuhana zaradi manj\u0161e povr\u0161inske napetosti in manj\u0161e \u00bbcluster\u00ab strukture vode.<\/p>\n<p>Vodo ste \u017ee vsi sre\u010dali v najrazli\u010dnej\u0161ih oblikah, kot so na primer; vodovodna, mineralna, ustekleni\u010dena, pre\u010di\u0161\u010dena, osmozna voda, destilirana\u2026 Vendar, ali so vse enake? Ali imajo vse enake lastnosti in enake vplive? Katera je bolj\u0161a in kvalitetnej\u0161a od druge?<\/p>\n<ul>\n<li>Ionizirana voda ima \u0161est kotno obliko (kot sne\u017einka) Je najbolj zdrava pitna voda na svetu. Voda, ki ima pet kotno obliko ( 97% destilirane vode je pet kotne oblike), je mrtva voda. Ribe, planktoni, alge ter druga v vodi \u017eive\u010da bitja v vodi s pet kotno obliko pre\u017eivijo zelo malo \u010dasa.<\/li>\n<li>Ionizirano vodo tvorijo vodikove vezi. Vsi biokemi\u010dni procesi v \u010dlove\u0161kem telesu delujejo na celi\u010dnem nivoju. Prav vodikove vezi v ionizirani vodi zelo pomagajo tem vitalnim procesom.<\/li>\n<li>Ionizirana voda je \u201c\u017eiva\u201d voda. Vsi elektroni v vodi se vrtijo bodisi v levo ali desno. Velika hitrost vrtenja elektronov daje vodi tako pomembno vitalnost in \u017eivost. Samo ionizirana voda ima to kvaliteto.<\/li>\n<li>Ionizirana voda ima nizko povr\u0161insko napetost. Povr\u0161inska napetost se meri v enoti DIN. To omogo\u010da ve\u010djo absorbcijo vode in hranilnih snovi v telo.<\/li>\n<li>Ionizirana voda ima alkalen (bazi\u010den) pH. Lahko je od sto do tiso\u010dkrat bolj alkalna kot zgoraj na\u0161tete oblike vode. Alkalna voda odstranjuje kisle snovi iz telesa, ki predstavljajo idealno okolje za razmno\u017eevanje povzro\u010diteljev \u0161tevilnih bolezni. Te kisle snovi so tako povzro\u010ditelji \u0161tevilnih bolezni (<strong><a href=\"https:\/\/www.mesec.si\/acidoza\/\">acidoza<\/a><\/strong>).<\/li>\n<li>Ionizirana voda ima odli\u010dne super prevodne lastnosti. Samo ionizirana voda ohranja elektri\u010dni naboj. To daje vodi njeno vitalnost.<br \/>\nIonizirana voda je skupek 4-6 molekul H2O. Ta skupek predstavlja eno tretjino velikosti skupkov, ki obsegajo 10-15 molekul in so prisotni v ostalih vodah. Manj\u0161a velikost skupkov pomaga celici la\u017ejo in bolj u\u010dinkovito absorbcijo ionizirane vode.<\/li>\n<li>Ionizirana voda je \u010dista, prvinska in nedotaknjena.<\/li>\n<li>Ionizirana voda ima milijone hidroksilnih ionov na kozarec. Nobena druga voda nima te prednosti. Hidroksilni ioni nevtralizirajo povzro\u010ditelje rakavih celic in uni\u010dujejo proste radikale v telesu.<\/li>\n<li>Ionizirana voda obogati na\u0161e telo s kisikom.<\/li>\n<li>Ionizirana voda ima pozitivno polarnost. Skoraj vse druge vode imajo negativno polarnost. Le pozitivna polarnost omogo\u010da u\u010dinkovito naravno razstrupljanje. Toksini in razli\u010dni strupi bodo odplaknjeni iz celic va\u0161ega telesa.<\/li>\n<li>Ionizirana voda ima visok pozitivni naboj. To omogo\u010da celicam u\u010dinkovito izmenjevanje fotonov, kar hkrati pomeni produktivno medceli\u010dno komunikacijo.<\/li>\n<\/ul>\n<p>Razmi\u0161ljate, da bi se pridru\u017eili zadovoljnim uporabnikom, ki u\u017eivajo v pitju IonLife ionizirane ali AQUA KRISTAL\u00ae BC ionizirane vode?[\/vc_column_text][\/vc_column][\/vc_row][\/vc_section][vc_row][vc_column]<div class=\"cz_gap clr \" style=\"height: 50px\"><\/div>[vc_separator]<div class=\"cz_gap clr \" style=\"height: 50px\"><\/div>[\/vc_column][\/vc_row][vc_row][vc_column][vc_column_text]<\/p>\n<h3>Primer monta\u017ee<\/h3>\n<p>[\/vc_column_text]<div id=\"cz8873\" class=\"cz8873 slick arrows_mlr no_dots\" data-slick='{\"selector\":\"\",\"slidesToShow\":4,\"slidesToScroll\":1,\"rows\":1,\"fade\":false,\"vertical\":false,\"verticalSwiping\":false,\"infinite\":false,\"speed\":1000,\"swipeToSlide\":true,\"centerMode\":false,\"centerPadding\":\"\",\"variableWidth\":false,\"autoplay\":false,\"autoplaySpeed\":4000,\"dots\":true,\"counts\":false,\"responsive\":[{\"breakpoint\":769,\"settings\":{\"slidesToShow\":2,\"slidesToScroll\":1,\"infinite\":true,\"touchMove\":true}},{\"breakpoint\":481,\"settings\":{\"slidesToShow\":1,\"slidesToScroll\":1,\"infinite\":true,\"touchMove\":true}}]}' data-slick-prev=\"fa fa-chevron-left\" data-slick-next=\"fa fa-chevron-right\"><div id=\"cz_31701\" class=\"cz_grid_p cz_31701\"><div class=\"cz_grid cz_grid_1 clr cz_grid_carousel cz_grid_1_no_title cz_grid_1_mid tac cz_tooltip cz_grid_1_no_title\"><div class=\"cz_grid_item cz_grid_first\"><\/div><div class=\"cz_grid_item \"><div data-title=\"cista_pitna_iozinirana_voda\"><a class=\"cz_grid_link \" href=\"https:\/\/mesec.si\/wp-content\/smush-avif\/2021\/12\/cista_pitna_iozinirana_voda.jpg.avif\" data-xtra-lightbox data-smush-avif-fallback=\"{&quot;href&quot;:&quot;https:\\\/\\\/mesec.si\\\/wp-content\\\/uploads\\\/2021\\\/12\\\/cista_pitna_iozinirana_voda.jpg&quot;}\"><img decoding=\"async\" width=\"600\" height=\"596\" data-src=\"https:\/\/mesec.si\/wp-content\/smush-avif\/2021\/12\/cista_pitna_iozinirana_voda-600x596.jpg.avif\" class=\"attachment-codevz_600_600 lazyload\" alt=\"\u010cista pitna ionizirana voda\" title=\"cista_pitna_iozinirana_voda\" data-srcset=\"https:\/\/mesec.si\/wp-content\/smush-avif\/2021\/12\/cista_pitna_iozinirana_voda-600x596.jpg.avif 600w, https:\/\/mesec.si\/wp-content\/smush-avif\/2021\/12\/cista_pitna_iozinirana_voda-150x150.jpg.avif 150w, https:\/\/mesec.si\/wp-content\/smush-avif\/2021\/12\/cista_pitna_iozinirana_voda-100x100.jpg.avif 100w\" data-sizes=\"(max-width: 600px) 100vw, 600px\" src=\"data:image\/svg+xml;base64,PHN2ZyB3aWR0aD0iMSIgaGVpZ2h0PSIxIiB4bWxucz0iaHR0cDovL3d3dy53My5vcmcvMjAwMC9zdmciPjwvc3ZnPg==\" style=\"--smush-placeholder-width: 600px; --smush-placeholder-aspect-ratio: 600\/596;\" data-smush-avif-fallback=\"{&quot;data-src&quot;:&quot;https:\\\/\\\/mesec.si\\\/wp-content\\\/uploads\\\/2021\\\/12\\\/cista_pitna_iozinirana_voda-600x596.jpg&quot;,&quot;data-srcset&quot;:&quot;https:\\\/\\\/mesec.si\\\/wp-content\\\/uploads\\\/2021\\\/12\\\/cista_pitna_iozinirana_voda-600x596.jpg 600w, https:\\\/\\\/mesec.si\\\/wp-content\\\/uploads\\\/2021\\\/12\\\/cista_pitna_iozinirana_voda-150x150.jpg 150w, https:\\\/\\\/mesec.si\\\/wp-content\\\/uploads\\\/2021\\\/12\\\/cista_pitna_iozinirana_voda-100x100.jpg 100w&quot;}\" \/><div class=\"cz_grid_details\"><i class=\"fa fa-search cz_grid_icon\"><\/i><\/div><\/a><\/div><\/div><div class=\"cz_grid_item \"><div data-title=\"ionizatorji\"><a class=\"cz_grid_link \" href=\"https:\/\/mesec.si\/wp-content\/smush-avif\/2021\/12\/ionizatorji.jpg.avif\" data-xtra-lightbox data-smush-avif-fallback=\"{&quot;href&quot;:&quot;https:\\\/\\\/mesec.si\\\/wp-content\\\/uploads\\\/2021\\\/12\\\/ionizatorji.jpg&quot;}\"><img decoding=\"async\" width=\"600\" height=\"596\" data-src=\"https:\/\/mesec.si\/wp-content\/smush-avif\/2021\/12\/ionizatorji-600x596.jpg.avif\" class=\"attachment-codevz_600_600 lazyload\" alt=\"Ionizator vode\" title=\"ionizatorji\" data-srcset=\"https:\/\/mesec.si\/wp-content\/smush-avif\/2021\/12\/ionizatorji-600x596.jpg.avif 600w, https:\/\/mesec.si\/wp-content\/smush-avif\/2021\/12\/ionizatorji-150x150.jpg.avif 150w, https:\/\/mesec.si\/wp-content\/smush-avif\/2021\/12\/ionizatorji-100x100.jpg.avif 100w\" data-sizes=\"(max-width: 600px) 100vw, 600px\" src=\"data:image\/svg+xml;base64,PHN2ZyB3aWR0aD0iMSIgaGVpZ2h0PSIxIiB4bWxucz0iaHR0cDovL3d3dy53My5vcmcvMjAwMC9zdmciPjwvc3ZnPg==\" style=\"--smush-placeholder-width: 600px; --smush-placeholder-aspect-ratio: 600\/596;\" data-smush-avif-fallback=\"{&quot;data-src&quot;:&quot;https:\\\/\\\/mesec.si\\\/wp-content\\\/uploads\\\/2021\\\/12\\\/ionizatorji-600x596.jpg&quot;,&quot;data-srcset&quot;:&quot;https:\\\/\\\/mesec.si\\\/wp-content\\\/uploads\\\/2021\\\/12\\\/ionizatorji-600x596.jpg 600w, https:\\\/\\\/mesec.si\\\/wp-content\\\/uploads\\\/2021\\\/12\\\/ionizatorji-150x150.jpg 150w, https:\\\/\\\/mesec.si\\\/wp-content\\\/uploads\\\/2021\\\/12\\\/ionizatorji-100x100.jpg 100w&quot;}\" \/><div class=\"cz_grid_details\"><i class=\"fa fa-search cz_grid_icon\"><\/i><\/div><\/a><\/div><\/div><div class=\"cz_grid_item \"><div data-title=\"ionizirana_voda\"><a class=\"cz_grid_link \" href=\"https:\/\/mesec.si\/wp-content\/smush-avif\/2021\/12\/ionizirana_voda.jpg.avif\" data-xtra-lightbox data-smush-avif-fallback=\"{&quot;href&quot;:&quot;https:\\\/\\\/mesec.si\\\/wp-content\\\/uploads\\\/2021\\\/12\\\/ionizirana_voda.jpg&quot;}\"><img decoding=\"async\" width=\"600\" height=\"596\" data-src=\"https:\/\/mesec.si\/wp-content\/smush-avif\/2021\/12\/ionizirana_voda-600x596.jpg.avif\" class=\"attachment-codevz_600_600 lazyload\" alt=\"KYK ionizirana voda\" title=\"ionizirana_voda\" data-srcset=\"https:\/\/mesec.si\/wp-content\/smush-avif\/2021\/12\/ionizirana_voda-600x596.jpg.avif 600w, https:\/\/mesec.si\/wp-content\/smush-avif\/2021\/12\/ionizirana_voda-150x150.jpg.avif 150w, https:\/\/mesec.si\/wp-content\/smush-avif\/2021\/12\/ionizirana_voda-100x100.jpg.avif 100w\" data-sizes=\"(max-width: 600px) 100vw, 600px\" src=\"data:image\/svg+xml;base64,PHN2ZyB3aWR0aD0iMSIgaGVpZ2h0PSIxIiB4bWxucz0iaHR0cDovL3d3dy53My5vcmcvMjAwMC9zdmciPjwvc3ZnPg==\" style=\"--smush-placeholder-width: 600px; --smush-placeholder-aspect-ratio: 600\/596;\" data-smush-avif-fallback=\"{&quot;data-src&quot;:&quot;https:\\\/\\\/mesec.si\\\/wp-content\\\/uploads\\\/2021\\\/12\\\/ionizirana_voda-600x596.jpg&quot;,&quot;data-srcset&quot;:&quot;https:\\\/\\\/mesec.si\\\/wp-content\\\/uploads\\\/2021\\\/12\\\/ionizirana_voda-600x596.jpg 600w, https:\\\/\\\/mesec.si\\\/wp-content\\\/uploads\\\/2021\\\/12\\\/ionizirana_voda-150x150.jpg 150w, https:\\\/\\\/mesec.si\\\/wp-content\\\/uploads\\\/2021\\\/12\\\/ionizirana_voda-100x100.jpg 100w&quot;}\" \/><div class=\"cz_grid_details\"><i class=\"fa fa-search cz_grid_icon\"><\/i><\/div><\/a><\/div><\/div><\/div><\/div><\/div><div data-cz-style='#cz8873 .slick-list{margin: 0 -5px;clip-path:inset(0 5px 0 5px)}#cz8873 .slick-slide{margin: 0 5px}'><\/div>[\/vc_column][\/vc_row]<\/p>\n<\/div>","protected":false},"excerpt":{"rendered":"<p>[vc_section][vc_row][vc_column][vc_column_text] Ionizatori [\/vc_column_text][vc_separator el_width=&#8221;30&#8243;][\/vc_column][\/vc_row][\/vc_section][vc_section][vc_row][vc_column width=&#8221;3\/4&#8243;][vc_column_text] Klju\u010d do zdravlja i vitalnosti Ljudski &#8230; <\/p>\n","protected":false},"author":2,"featured_media":8102,"parent":3601,"menu_order":0,"comment_status":"closed","ping_status":"closed","template":"","meta":{"footnotes":""},"class_list":["post-3611","page","type-page","status-publish","has-post-thumbnail","hentry"],"_links":{"self":[{"href":"https:\/\/mesec.si\/hr\/wp-json\/wp\/v2\/pages\/3611","targetHints":{"allow":["GET"]}}],"collection":[{"href":"https:\/\/mesec.si\/hr\/wp-json\/wp\/v2\/pages"}],"about":[{"href":"https:\/\/mesec.si\/hr\/wp-json\/wp\/v2\/types\/page"}],"author":[{"embeddable":true,"href":"https:\/\/mesec.si\/hr\/wp-json\/wp\/v2\/users\/2"}],"replies":[{"embeddable":true,"href":"https:\/\/mesec.si\/hr\/wp-json\/wp\/v2\/comments?post=3611"}],"version-history":[{"count":0,"href":"https:\/\/mesec.si\/hr\/wp-json\/wp\/v2\/pages\/3611\/revisions"}],"up":[{"embeddable":true,"href":"https:\/\/mesec.si\/hr\/wp-json\/wp\/v2\/pages\/3601"}],"wp:featuredmedia":[{"embeddable":true,"href":"https:\/\/mesec.si\/hr\/wp-json\/wp\/v2\/media\/8102"}],"wp:attachment":[{"href":"https:\/\/mesec.si\/hr\/wp-json\/wp\/v2\/media?parent=3611"}],"curies":[{"name":"wp","href":"https:\/\/api.w.org\/{rel}","templated":true}]}}