{"id":3601,"date":"2021-11-17T11:54:28","date_gmt":"2021-11-17T10:54:28","guid":{"rendered":"http:\/\/w5.mesec.si\/filtracija-v-kuhinji\/"},"modified":"2022-01-03T13:21:26","modified_gmt":"2022-01-03T12:21:26","slug":"filtriranje-u-kuhinji","status":"publish","type":"page","link":"https:\/\/mesec.si\/hr\/kucni-sustavi\/filtriranje-u-kuhinji\/","title":{"rendered":"Filtriranje u kuhinji"},"content":{"rendered":"<div class=\"wpb-content-wrapper\"><p>[vc_section][vc_row][vc_column][vc_column_text]<\/p>\n<h1 style=\"text-align: center;\">Filtriranje u kuhinji<\/h1>\n<p>[\/vc_column_text][vc_separator el_width=&#8221;30&#8243;]<div class=\"cz_gap clr  hide_on_mobile\" style=\"height: 50px\"><\/div><div class=\"cz_gap show_on_mobile clr\" style=\"height: 15px\"><\/div>[\/vc_column][\/vc_row][\/vc_section][vc_section][vc_row][vc_column][vc_column_text]<\/p>\n<h2>Rje\u0161enja za kuhinju<\/h2>\n<p>[\/vc_column_text][vc_separator][vc_column_text]\u010cista voda za pi\u0107e nije luksuz, va\u017eno je osigurati zdravo tijelo i hladan duh. Ugradnjom odgovaraju\u0107eg sustava za pro\u010di\u0161\u0107avanje pitke vode u ku\u0107nu kuhinju osiguravate \u010distu i besprijekornu vodu koja zadovoljava najvi\u0161e svjetske zdravstvene standarde!<\/p>\n<p>Mo\u017eemo birati izme\u0111u razli\u010ditih modela i tehnologija sustava za \u010di\u0161\u0107enje prema na\u0161im \u017eeljama i potrebama.[\/vc_column_text]<div class=\"cz_gap clr \" style=\"height: 50px\"><\/div>[\/vc_column][\/vc_row][vc_row][vc_column width=&#8221;1\/4&#8243;]<div id=\"cz_97220\" class=\"cz_97220 cz_banner clr\">\n\t\t\t<figure class=\"effect-style1\">\n\t\t\t\t<img decoding=\"async\" width=\"533\" height=\"533\" data-src=\"https:\/\/mesec.si\/wp-content\/smush-avif\/2021\/11\/aqua_kristal_filtracija_vode-1.jpg.avif\" class=\"attachment-full lazyload\" alt=\"AK300MPR - vodni filtri v kuhinji\" title=\"aqua_kristal_filtracija_vode\" data-srcset=\"https:\/\/mesec.si\/wp-content\/smush-avif\/2021\/11\/aqua_kristal_filtracija_vode-1.jpg.avif 533w, https:\/\/mesec.si\/wp-content\/smush-avif\/2021\/11\/aqua_kristal_filtracija_vode-1-300x300.jpg.avif 300w, https:\/\/mesec.si\/wp-content\/smush-avif\/2021\/11\/aqua_kristal_filtracija_vode-1-150x150.jpg.avif 150w, https:\/\/mesec.si\/wp-content\/smush-avif\/2021\/11\/aqua_kristal_filtracija_vode-1-100x100.jpg.avif 100w\" data-sizes=\"(max-width: 533px) 100vw, 533px\" src=\"data:image\/svg+xml;base64,PHN2ZyB3aWR0aD0iMSIgaGVpZ2h0PSIxIiB4bWxucz0iaHR0cDovL3d3dy53My5vcmcvMjAwMC9zdmciPjwvc3ZnPg==\" style=\"--smush-placeholder-width: 533px; --smush-placeholder-aspect-ratio: 533\/533;\" data-smush-avif-fallback=\"{&quot;data-src&quot;:&quot;https:\\\/\\\/mesec.si\\\/wp-content\\\/uploads\\\/2021\\\/11\\\/aqua_kristal_filtracija_vode-1.jpg&quot;,&quot;data-srcset&quot;:&quot;https:\\\/\\\/mesec.si\\\/wp-content\\\/uploads\\\/2021\\\/11\\\/aqua_kristal_filtracija_vode-1.jpg 533w, https:\\\/\\\/mesec.si\\\/wp-content\\\/uploads\\\/2021\\\/11\\\/aqua_kristal_filtracija_vode-1-300x300.jpg 300w, https:\\\/\\\/mesec.si\\\/wp-content\\\/uploads\\\/2021\\\/11\\\/aqua_kristal_filtracija_vode-1-150x150.jpg 150w, https:\\\/\\\/mesec.si\\\/wp-content\\\/uploads\\\/2021\\\/11\\\/aqua_kristal_filtracija_vode-1-100x100.jpg 100w&quot;}\" \/>\n\t\t\t\t<figcaption><div><h4>Pro\u010di\u0107iva\u010di za pitku vodu<\/h4><p class=\"cz_wpe_content\"><span style=\"color: black;\">Sustavi za pro\u010di\u0161\u0107avanje AQUA KRISTAL\u00ae MP su vrhunski, u\u010dinkoviti, prakti\u010dni i ekonomi\u010dni pro\u010di\u0161\u0107iva\u010di za pitku vodu.\u00a0<\/span><\/p><\/div><a href=\"\/hr\/filtriranje-u-kuhinji\/prociscivaci-za-pitku-vodu\/\" title=\"Pro\u010di\u0107iva\u010di za pitku vodu\" aria-label=\"Pro\u010di\u0107iva\u010di za pitku vodu\"> <\/a><\/figcaption>\t\t\t\n\t\t\t<\/figure>\n\t\t<\/div><div class=\"cz_gap clr  hide_on_mobile\" style=\"height: 0px\"><\/div><div class=\"cz_gap show_on_mobile clr\" style=\"height: 20px\"><\/div>[\/vc_column][vc_column width=&#8221;1\/4&#8243;]<div id=\"cz_96571\" class=\"cz_96571 cz_banner clr\">\n\t\t\t<figure class=\"effect-style1\">\n\t\t\t\t<img decoding=\"async\" width=\"533\" height=\"533\" data-src=\"https:\/\/mesec.si\/wp-content\/smush-avif\/2021\/11\/ionizator_hisha_misec-1.jpg.avif\" class=\"attachment-full lazyload\" alt=\"ionizator\" title=\"ionizator_hisha_misec\" data-srcset=\"https:\/\/mesec.si\/wp-content\/smush-avif\/2021\/11\/ionizator_hisha_misec-1.jpg.avif 533w, https:\/\/mesec.si\/wp-content\/smush-avif\/2021\/11\/ionizator_hisha_misec-1-300x300.jpg.avif 300w, https:\/\/mesec.si\/wp-content\/smush-avif\/2021\/11\/ionizator_hisha_misec-1-150x150.jpg.avif 150w, https:\/\/mesec.si\/wp-content\/smush-avif\/2021\/11\/ionizator_hisha_misec-1-100x100.jpg.avif 100w\" data-sizes=\"(max-width: 533px) 100vw, 533px\" src=\"data:image\/svg+xml;base64,PHN2ZyB3aWR0aD0iMSIgaGVpZ2h0PSIxIiB4bWxucz0iaHR0cDovL3d3dy53My5vcmcvMjAwMC9zdmciPjwvc3ZnPg==\" style=\"--smush-placeholder-width: 533px; --smush-placeholder-aspect-ratio: 533\/533;\" data-smush-avif-fallback=\"{&quot;data-src&quot;:&quot;https:\\\/\\\/mesec.si\\\/wp-content\\\/uploads\\\/2021\\\/11\\\/ionizator_hisha_misec-1.jpg&quot;,&quot;data-srcset&quot;:&quot;https:\\\/\\\/mesec.si\\\/wp-content\\\/uploads\\\/2021\\\/11\\\/ionizator_hisha_misec-1.jpg 533w, https:\\\/\\\/mesec.si\\\/wp-content\\\/uploads\\\/2021\\\/11\\\/ionizator_hisha_misec-1-300x300.jpg 300w, https:\\\/\\\/mesec.si\\\/wp-content\\\/uploads\\\/2021\\\/11\\\/ionizator_hisha_misec-1-150x150.jpg 150w, https:\\\/\\\/mesec.si\\\/wp-content\\\/uploads\\\/2021\\\/11\\\/ionizator_hisha_misec-1-100x100.jpg 100w&quot;}\" \/>\n\t\t\t\t<figcaption><div><h4>Ionizatori<\/h4><p class=\"cz_wpe_content\"><span style=\"color: black;\">Ljudski organizam je sastavljen od 70 % vode. Dehidracija je uzrok mnogih pote\u0161ko\u0107a sa zdravljem.<\/span><\/p><\/div><a href=\"\/hr\/filtriranje-u-kuhinji\/ionizatori\/\" title=\"Ionizatori\" aria-label=\"Ionizatori\"> <\/a><\/figcaption>\t\t\t\n\t\t\t<\/figure>\n\t\t<\/div><div class=\"cz_gap clr  hide_on_mobile\" style=\"height: 0px\"><\/div><div class=\"cz_gap show_on_mobile clr\" style=\"height: 20px\"><\/div>[\/vc_column][vc_column width=&#8221;1\/4&#8243;]<div id=\"cz_65280\" class=\"cz_65280 cz_banner clr\">\n\t\t\t<figure class=\"effect-style1\">\n\t\t\t\t<img decoding=\"async\" width=\"533\" height=\"533\" data-src=\"https:\/\/mesec.si\/wp-content\/smush-avif\/2021\/11\/reverzna_osmoza-1.jpg.avif\" class=\"attachment-full lazyload\" alt=\"Reverzna osmoza - Osmotic\" title=\"reverzna_osmoza\" data-srcset=\"https:\/\/mesec.si\/wp-content\/smush-avif\/2021\/11\/reverzna_osmoza-1.jpg.avif 533w, https:\/\/mesec.si\/wp-content\/smush-avif\/2021\/11\/reverzna_osmoza-1-300x300.jpg.avif 300w, https:\/\/mesec.si\/wp-content\/smush-avif\/2021\/11\/reverzna_osmoza-1-150x150.jpg.avif 150w, https:\/\/mesec.si\/wp-content\/smush-avif\/2021\/11\/reverzna_osmoza-1-100x100.jpg.avif 100w\" data-sizes=\"(max-width: 533px) 100vw, 533px\" src=\"data:image\/svg+xml;base64,PHN2ZyB3aWR0aD0iMSIgaGVpZ2h0PSIxIiB4bWxucz0iaHR0cDovL3d3dy53My5vcmcvMjAwMC9zdmciPjwvc3ZnPg==\" style=\"--smush-placeholder-width: 533px; --smush-placeholder-aspect-ratio: 533\/533;\" data-smush-avif-fallback=\"{&quot;data-src&quot;:&quot;https:\\\/\\\/mesec.si\\\/wp-content\\\/uploads\\\/2021\\\/11\\\/reverzna_osmoza-1.jpg&quot;,&quot;data-srcset&quot;:&quot;https:\\\/\\\/mesec.si\\\/wp-content\\\/uploads\\\/2021\\\/11\\\/reverzna_osmoza-1.jpg 533w, https:\\\/\\\/mesec.si\\\/wp-content\\\/uploads\\\/2021\\\/11\\\/reverzna_osmoza-1-300x300.jpg 300w, https:\\\/\\\/mesec.si\\\/wp-content\\\/uploads\\\/2021\\\/11\\\/reverzna_osmoza-1-150x150.jpg 150w, https:\\\/\\\/mesec.si\\\/wp-content\\\/uploads\\\/2021\\\/11\\\/reverzna_osmoza-1-100x100.jpg 100w&quot;}\" \/>\n\t\t\t\t<figcaption><div><h4>Reverzna osmoza<\/h4><p class=\"cz_wpe_content\"><span style=\"color: black;\">Kuhanjem s OSMOTIC vodom potro\u0161ite manje vremena. Tako hrana zadr\u017ei vi\u0161e svojih bjelan\u010devina i vitamina te njezin izvorni okus. \u00a0<\/span><\/p><\/div><a href=\"\/hr\/filtriranje-u-kuhinji\/reverzna-osmoza\/\" title=\"Reverzna osmoza\" aria-label=\"Reverzna osmoza\"> <\/a><\/figcaption>\t\t\t\n\t\t\t<\/figure>\n\t\t<\/div><div class=\"cz_gap clr  hide_on_mobile\" style=\"height: 0px\"><\/div><div class=\"cz_gap show_on_mobile clr\" style=\"height: 20px\"><\/div>[\/vc_column][vc_column width=&#8221;1\/4&#8243;]<div id=\"cz_46081\" class=\"cz_46081 cz_banner clr\">\n\t\t\t<figure class=\"effect-style1\">\n\t\t\t\t<img decoding=\"async\" width=\"533\" height=\"533\" data-src=\"https:\/\/mesec.si\/wp-content\/smush-avif\/2021\/11\/kuhinjske_armature_mesec-1.jpg.avif\" class=\"attachment-full lazyload\" alt=\"Kuhinjska armatura\" title=\"kuhinjske_armature_mesec\" data-srcset=\"https:\/\/mesec.si\/wp-content\/smush-avif\/2021\/11\/kuhinjske_armature_mesec-1.jpg.avif 533w, https:\/\/mesec.si\/wp-content\/smush-avif\/2021\/11\/kuhinjske_armature_mesec-1-300x300.jpg.avif 300w, https:\/\/mesec.si\/wp-content\/smush-avif\/2021\/11\/kuhinjske_armature_mesec-1-150x150.jpg.avif 150w, https:\/\/mesec.si\/wp-content\/smush-avif\/2021\/11\/kuhinjske_armature_mesec-1-100x100.jpg.avif 100w\" data-sizes=\"(max-width: 533px) 100vw, 533px\" src=\"data:image\/svg+xml;base64,PHN2ZyB3aWR0aD0iMSIgaGVpZ2h0PSIxIiB4bWxucz0iaHR0cDovL3d3dy53My5vcmcvMjAwMC9zdmciPjwvc3ZnPg==\" style=\"--smush-placeholder-width: 533px; --smush-placeholder-aspect-ratio: 533\/533;\" data-smush-avif-fallback=\"{&quot;data-src&quot;:&quot;https:\\\/\\\/mesec.si\\\/wp-content\\\/uploads\\\/2021\\\/11\\\/kuhinjske_armature_mesec-1.jpg&quot;,&quot;data-srcset&quot;:&quot;https:\\\/\\\/mesec.si\\\/wp-content\\\/uploads\\\/2021\\\/11\\\/kuhinjske_armature_mesec-1.jpg 533w, https:\\\/\\\/mesec.si\\\/wp-content\\\/uploads\\\/2021\\\/11\\\/kuhinjske_armature_mesec-1-300x300.jpg 300w, https:\\\/\\\/mesec.si\\\/wp-content\\\/uploads\\\/2021\\\/11\\\/kuhinjske_armature_mesec-1-150x150.jpg 150w, https:\\\/\\\/mesec.si\\\/wp-content\\\/uploads\\\/2021\\\/11\\\/kuhinjske_armature_mesec-1-100x100.jpg 100w&quot;}\" \/>\n\t\t\t\t<figcaption><div><h4>Kuhinjski elementi<\/h4><p class=\"cz_wpe_content\"><span style=\"color: black;\">GM je poznati talijanski proizvo\u0111a\u010d vrhunskih kuhinjskih armatura.<\/span><\/p><\/div><a href=\"\/hr\/filtriranje-u-kuhinji\/kuhinjski-elementi\/\" title=\"Kuhinjski elementi\" aria-label=\"Kuhinjski elementi\"> <\/a><\/figcaption>\t\t\t\n\t\t\t<\/figure>\n\t\t<\/div>[\/vc_column][\/vc_row][\/vc_section]<\/p>\n<\/div>","protected":false},"excerpt":{"rendered":"<p>[vc_section][vc_row][vc_column][vc_column_text] Filtriranje u kuhinji [\/vc_column_text][vc_separator el_width=&#8221;30&#8243;][\/vc_column][\/vc_row][\/vc_section][vc_section][vc_row][vc_column][vc_column_text] Rje\u0161enja za kuhinju [\/vc_column_text][vc_separator][vc_column_text]\u010cista voda &#8230; <\/p>\n","protected":false},"author":2,"featured_media":4516,"parent":3628,"menu_order":0,"comment_status":"closed","ping_status":"closed","template":"","meta":{"footnotes":""},"class_list":["post-3601","page","type-page","status-publish","has-post-thumbnail","hentry"],"_links":{"self":[{"href":"https:\/\/mesec.si\/hr\/wp-json\/wp\/v2\/pages\/3601","targetHints":{"allow":["GET"]}}],"collection":[{"href":"https:\/\/mesec.si\/hr\/wp-json\/wp\/v2\/pages"}],"about":[{"href":"https:\/\/mesec.si\/hr\/wp-json\/wp\/v2\/types\/page"}],"author":[{"embeddable":true,"href":"https:\/\/mesec.si\/hr\/wp-json\/wp\/v2\/users\/2"}],"replies":[{"embeddable":true,"href":"https:\/\/mesec.si\/hr\/wp-json\/wp\/v2\/comments?post=3601"}],"version-history":[{"count":0,"href":"https:\/\/mesec.si\/hr\/wp-json\/wp\/v2\/pages\/3601\/revisions"}],"up":[{"embeddable":true,"href":"https:\/\/mesec.si\/hr\/wp-json\/wp\/v2\/pages\/3628"}],"wp:featuredmedia":[{"embeddable":true,"href":"https:\/\/mesec.si\/hr\/wp-json\/wp\/v2\/media\/4516"}],"wp:attachment":[{"href":"https:\/\/mesec.si\/hr\/wp-json\/wp\/v2\/media?parent=3601"}],"curies":[{"name":"wp","href":"https:\/\/api.w.org\/{rel}","templated":true}]}}