{"id":3575,"date":"2021-11-17T11:59:05","date_gmt":"2021-11-17T10:59:05","guid":{"rendered":"http:\/\/w5.mesec.si\/uv-dezinfekcija\/vrtnine-in-vodnjaki\/"},"modified":"2022-01-03T13:16:06","modified_gmt":"2022-01-03T12:16:06","slug":"busotine-i-bunari","status":"publish","type":"page","link":"https:\/\/mesec.si\/hr\/kucni-sustavi\/uv-dezinfekcija\/busotine-i-bunari\/","title":{"rendered":"Bu\u0161otine i bunari"},"content":{"rendered":"<div class=\"wpb-content-wrapper\"><p>[vc_section][vc_row][vc_column][vc_column_text]<\/p>\n<h1 style=\"text-align: center;\">Bu\u0161otine i bunari<\/h1>\n<p>[\/vc_column_text][vc_separator el_width=&#8221;30&#8243;]<div class=\"cz_gap clr  hide_on_mobile\" style=\"height: 50px\"><\/div><div class=\"cz_gap show_on_mobile clr\" style=\"height: 15px\"><\/div>[\/vc_column][\/vc_row][\/vc_section][vc_section][vc_row][vc_column][vc_column_text]<\/p>\n<h4>Imate vlastiti obuhvat vode ali vodu ne koristite za osobnu higijenu, kuhanje i pi\u0107e jer kakvo\u0107a vode nije prikladna? Vlastiti izvor vode mo\u017ee biti velika prednost, ali potrebno je znati kakvu vodu imate i kako ju pravilno obraditi za daljnu upotrebu.<\/h4>\n<p>[\/vc_column_text][\/vc_column][\/vc_row][vc_row][vc_column]<div class=\"cz_gap clr \" style=\"height: 20px\"><\/div>[vc_separator]<div class=\"cz_gap clr \" style=\"height: 20px\"><\/div>[\/vc_column][\/vc_row][vc_row][vc_column width=&#8221;1\/4&#8243;]<div id=\"cz_49594\" data-position=\"top-right\" class=\"cz_49594 cz_image clr cz_image_no_fx center_on_mobile\"><div class=\"\" ><div class=\"cz_image_in\"><div class=\"cz_main_image\"><img decoding=\"async\" width=\"480\" height=\"733\" data-src=\"https:\/\/mesec.si\/wp-content\/smush-avif\/2021\/11\/vodnjak-lastni-zajem-480x733-1.jpg.avif\" class=\"attachment-full lazyload\" alt=\"Vodovod lastni zajem\" title=\"vodnjak-lastni-zajem-480x733\" data-srcset=\"https:\/\/mesec.si\/wp-content\/smush-avif\/2021\/11\/vodnjak-lastni-zajem-480x733-1.jpg.avif 480w, https:\/\/mesec.si\/wp-content\/smush-avif\/2021\/11\/vodnjak-lastni-zajem-480x733-1-196x300.jpg.avif 196w\" data-sizes=\"(max-width: 480px) 100vw, 480px\" src=\"data:image\/svg+xml;base64,PHN2ZyB3aWR0aD0iMSIgaGVpZ2h0PSIxIiB4bWxucz0iaHR0cDovL3d3dy53My5vcmcvMjAwMC9zdmciPjwvc3ZnPg==\" style=\"--smush-placeholder-width: 480px; --smush-placeholder-aspect-ratio: 480\/733;\" data-smush-avif-fallback=\"{&quot;data-src&quot;:&quot;https:\\\/\\\/mesec.si\\\/wp-content\\\/uploads\\\/2021\\\/11\\\/vodnjak-lastni-zajem-480x733-1.jpg&quot;,&quot;data-srcset&quot;:&quot;https:\\\/\\\/mesec.si\\\/wp-content\\\/uploads\\\/2021\\\/11\\\/vodnjak-lastni-zajem-480x733-1.jpg 480w, https:\\\/\\\/mesec.si\\\/wp-content\\\/uploads\\\/2021\\\/11\\\/vodnjak-lastni-zajem-480x733-1-196x300.jpg 196w&quot;}\" \/><\/div><\/div><\/div><\/div>[\/vc_column][vc_column width=&#8221;3\/4&#8243;]<div class=\"cz_gap clr \" style=\"height: 50px\"><\/div>[vc_column_text]Bunari su namijenjeni opskrbi vodom te su ve\u010d neko vrijeme prisutni u Hrvatskoj. Bu\u0161otine su se po\u010dele pojavljivati u zadnje vrijeme i od bunara se razlikuju samo po tehnologiji iskopa.<\/p>\n<p>Bu\u0161otine se \u010de\u0161\u0107e izra\u0111uju za kori\u0161tenje podzemnih voda za:<\/p>\n<p><strong style=\"color: blue;\">\/\u00a0<\/strong>grijanje,<\/p>\n<p><strong style=\"color: blue;\">\/\u00a0<\/strong>navodnjavanje,<\/p>\n<p><strong style=\"color: blue;\">\/\u00a0<\/strong>opskrbu s pitkom vodom i<\/p>\n<p><strong style=\"color: blue;\">\/\u00a0<\/strong>tehnolo\u0161ke vode.[\/vc_column_text][\/vc_column][\/vc_row][vc_row][vc_column]<div class=\"cz_gap clr  hide_on_mobile\" style=\"height: 50px\"><\/div><div class=\"cz_gap show_on_mobile clr\" style=\"height: 15px\"><\/div>[vc_column_text]S podzemnim vodama se bavi znanost hidrogeologija. Hrvatska je dr\u017eava s izuzetno bogatim zalihama podzemnih voda i u ve\u0107ini se podzemne vode pune s padalinama (ki\u0161a, snijeg). Skoro ukupna opskrba s pitkom vodom u Hrvatskoj (83,63%) temelji se na hvatanju podzemnih voda iz vodonosnika. Vodonosnici su geolo\u0161ki slojevi s mogu\u0107no\u0161\u0107u prikupljanja i prevo\u0111enja podzemnih voda. U Hrvatskoj postoje:<\/p>\n<p><strong style=\"color: blue;\">\/\u00a0<\/strong>Me\u0111uzrnski \u2013 model sedimentacijskog bazena<\/p>\n<p><strong style=\"color: blue;\">\/\u00a0<\/strong>Kr\u0161ki model[\/vc_column_text][\/vc_column][\/vc_row][\/vc_section][vc_row][vc_column]<div class=\"cz_gap clr \" style=\"height: 20px\"><\/div>[vc_separator]<div class=\"cz_gap clr \" style=\"height: 20px\"><\/div>[\/vc_column][\/vc_row][vc_section][vc_row][vc_column][vc_column_text]<\/p>\n<h4>Monitoring vode<\/h4>\n<p>[\/vc_column_text][\/vc_column][\/vc_row][vc_row][vc_column width=&#8221;3\/4&#8243;][vc_column_text]Zdravstvena primjerenost pitkih voda ocjenjuje se na osnovi\u00a0<a class=\"scale\" href=\"\/wp-content\/uploads\/2021\/12\/Parametri-monitoringa-vode.pdf\" target=\"_blank\" rel=\"noopener\"><strong>fizikalno-kemijskih i mikrobiolo\u0161kih<br \/>\nparametara<\/strong><\/a><strong>.<\/strong>\u00a0Mjeri se \u0161irok spektar mikrobiolo\u0161kih parametara, koji su pokazatelji vira i koli\u010dine mikrobiolo\u0161kog one\u010di\u0161\u0107enja.<\/p>\n<p>Rezultati izvje\u0161\u0107a su pokazali da mogu dublje vodonosne strukture u Hrvatskoj imati znatno povi\u0161ane koncentracije \u017eeljeza, mangana te amonijaka u podzemnoj vodi. Organske tvari prisutne u vodi uzrokuju manjak kisika i s tim stvaraju uvjete, koji prouzro\u0107e mobilnost \u017eeljeza te mangana u vodonosniku.[\/vc_column_text][\/vc_column][vc_column width=&#8221;1\/4&#8243;]<div id=\"cz_65699\" data-position=\"top-right\" class=\"cz_65699 cz_image clr cz_image_no_fx center_on_mobile\"><div class=\"\" ><div class=\"cz_image_in\"><div class=\"cz_main_image\"><img decoding=\"async\" width=\"300\" height=\"200\" data-src=\"https:\/\/mesec.si\/wp-content\/smush-avif\/2021\/11\/analytics-business-chart-186461-1-300x200-2.jpg.avif\" class=\"attachment-full lazyload\" alt=\"monitoring vode\" title=\"analytics-business-chart-186461-1-300x200\" src=\"data:image\/svg+xml;base64,PHN2ZyB3aWR0aD0iMSIgaGVpZ2h0PSIxIiB4bWxucz0iaHR0cDovL3d3dy53My5vcmcvMjAwMC9zdmciPjwvc3ZnPg==\" style=\"--smush-placeholder-width: 300px; --smush-placeholder-aspect-ratio: 300\/200;\" data-smush-avif-fallback=\"{&quot;data-src&quot;:&quot;https:\\\/\\\/mesec.si\\\/wp-content\\\/uploads\\\/2021\\\/11\\\/analytics-business-chart-186461-1-300x200-2.jpg&quot;}\" \/><\/div><\/div><\/div><\/div>[\/vc_column][\/vc_row][vc_row][vc_column]<div class=\"cz_gap clr \" style=\"height: 40px\"><\/div>[vc_column_text]<\/p>\n<h4><strong>Kako dolazi do one\u010di\u0161\u0107enja vode u bunarima i bu\u0161otinama?<\/strong><\/h4>\n<p>[\/vc_column_text][vc_column_text]<strong style=\"color: blue;\">\/\u00a0<\/strong>Povr\u0161inski \u010dinjenici: poplave i jake padaline koje uzokuju velike povr\u0161inske odvode i isplakivanje gnojiva i ostalih one\u010di\u0161\u0107enja s povr\u0161ine<\/p>\n<p><strong style=\"color: blue;\">\/\u00a0<\/strong>Ispod povr\u0161inski \u010dinjenici: otvorene septi\u010dke jame -izvor fekalnog one\u010di\u0161\u0107enja[\/vc_column_text][\/vc_column][\/vc_row][\/vc_section][vc_row][vc_column]<div class=\"cz_gap clr \" style=\"height: 20px\"><\/div>[vc_separator]<div class=\"cz_gap clr \" style=\"height: 20px\"><\/div>[\/vc_column][\/vc_row][vc_section][vc_row][vc_column][vc_column_text]<\/p>\n<h4>Koje su mogu\u0107e metode za dezinfekciju vode?<\/h4>\n<p>&nbsp;<\/p>\n<table>\n<thead>\n<tr>\n<td style=\"width: 10%;\">METODA<\/td>\n<td style=\"width: 10%;\">POU\/POE<\/td>\n<td>PREDNOSTI<\/td>\n<td>SLABOSTI<\/td>\n<td>VZDR\u017dEVANJE<\/td>\n<td style=\"width: 11%;\">DEZINFICIRA<\/td>\n<\/tr>\n<\/thead>\n<tbody>\n<tr>\n<td>UV<\/td>\n<td style=\"text-align: center;\">POE\/POU<\/td>\n<td>Bez dodatka kemikalija.<br \/>\nNe mijenja okus i miris.<br \/>\nMala potro\u0161nja energije.<br \/>\nOkoli\u0161u ljubazna tehnologija.<br \/>\nUni\u0161ti ve\u0107i spektar opasnih mikroorganizama.<br \/>\nTra\u017ei minimalno odr\u017eavanje.<\/td>\n<td>Nema rezidualnog u\u010dinka.<br \/>\nPotrebna je predpriprema vode (filtracija i uglji\u010dni filteri)<\/td>\n<td>Mijenjanje \u017earulje 1x godi\u0161nje aii 1x u dvije godine (amalganske \u017earulje)<br \/>\nPovremeno \u010di\u0161\u0107enje kvarcnog stakla<\/td>\n<td style=\"text-align: center;\">DA<\/td>\n<\/tr>\n<tr>\n<td>KLOR<\/td>\n<td style=\"text-align: center;\">POE<\/td>\n<td>Oksidacija.<br \/>\nIma rezidualni<br \/>\nu\u010dinak.<\/td>\n<td>Uzrokuje promijenu mirisa i okusa vode.<br \/>\nIziskuje rukovanje s kemikalijama.<br \/>\nPuno ulo\u017eenog vremena, monitoringa i opreme.<br \/>\nNe uni\u0161ti Giardie i Cryptosporidium.<br \/>\nDodatne nus pojave (trihalometani itd.)<\/td>\n<td>\u010ci\u0161\u0107enje sustava svake godine.<br \/>\nDodavanje klora.<br \/>\nProzra\u0107ivanje.<br \/>\n\u010ci\u0161\u0107enje korozivnih dijelova.<\/td>\n<td style=\"text-align: center;\">DA<\/td>\n<\/tr>\n<tr>\n<td>FILTRIRANJE<\/td>\n<td style=\"text-align: center;\">POU\/POE<\/td>\n<td>Odstrani lo\u0161 okus i miris.<\/td>\n<td>Potrebna dodatna obrada.<\/td>\n<td>Periodi\u010dno mijenjanje filtera.<\/td>\n<td style=\"text-align: center;\">NE<\/td>\n<\/tr>\n<tr>\n<td>REVERZNA OSMOZA<\/td>\n<td style=\"text-align: center;\">POU<\/td>\n<td>Odstrani ve\u0107inu one\u010di\u0161\u0107iva\u010da iz vode.<br \/>\nNema dodanih kemikalija.<\/td>\n<td>Veliko otpadne vode (na svaki litar pitke vode su 2-4 litara otpadne).<\/td>\n<td>Mijenjanje filtera i membrane.<\/td>\n<td style=\"text-align: center;\">POGOJNO<\/td>\n<\/tr>\n<tr>\n<td>MEH\u010cANJE<\/td>\n<td style=\"text-align: center;\">POE<\/td>\n<td>Koristi se kao primarna obrada vode.<\/td>\n<td>Profesionalna instalacija.<\/td>\n<td>Dodavanje soli kada potrebno.<\/td>\n<td style=\"text-align: center;\">NE<\/td>\n<\/tr>\n<\/tbody>\n<\/table>\n<p>[\/vc_column_text][\/vc_column][\/vc_row][\/vc_section][vc_row][vc_column]<div class=\"cz_gap clr \" style=\"height: 20px\"><\/div>[vc_separator]<div class=\"cz_gap clr \" style=\"height: 20px\"><\/div>[\/vc_column][\/vc_row][vc_row][vc_column][vc_column_text]<\/p>\n<h4>Priprema besprijekorne pitke vode iz vlastitih obuhvata<\/h4>\n<p>[\/vc_column_text][\/vc_column][\/vc_row][vc_row][vc_column width=&#8221;1\/3&#8243;]<div class=\"cz_gap clr \" style=\"height: 30px\"><\/div><div id=\"cz_51733\" data-position=\"top-right\" class=\"cz_51733 cz_image clr cz_image_no_fx center_on_mobile\"><div class=\"\" ><div class=\"cz_image_in\"><div class=\"cz_main_image\"><img decoding=\"async\" width=\"740\" height=\"494\" data-src=\"https:\/\/mesec.si\/wp-content\/smush-avif\/2021\/11\/garden-gardening-growth-740x494-1.jpg.avif\" class=\"attachment-full lazyload\" alt=\"Zalivanje vrta\" title=\"garden-gardening-growth-740x494\" data-srcset=\"https:\/\/mesec.si\/wp-content\/smush-avif\/2021\/11\/garden-gardening-growth-740x494-1.jpg.avif 740w, https:\/\/mesec.si\/wp-content\/smush-avif\/2021\/11\/garden-gardening-growth-740x494-1-300x200.jpg.avif 300w, https:\/\/mesec.si\/wp-content\/smush-avif\/2021\/11\/garden-gardening-growth-740x494-1-600x401.jpg.avif 600w\" data-sizes=\"(max-width: 740px) 100vw, 740px\" src=\"data:image\/svg+xml;base64,PHN2ZyB3aWR0aD0iMSIgaGVpZ2h0PSIxIiB4bWxucz0iaHR0cDovL3d3dy53My5vcmcvMjAwMC9zdmciPjwvc3ZnPg==\" style=\"--smush-placeholder-width: 740px; --smush-placeholder-aspect-ratio: 740\/494;\" data-smush-avif-fallback=\"{&quot;data-src&quot;:&quot;https:\\\/\\\/mesec.si\\\/wp-content\\\/uploads\\\/2021\\\/11\\\/garden-gardening-growth-740x494-1.jpg&quot;,&quot;data-srcset&quot;:&quot;https:\\\/\\\/mesec.si\\\/wp-content\\\/uploads\\\/2021\\\/11\\\/garden-gardening-growth-740x494-1.jpg 740w, https:\\\/\\\/mesec.si\\\/wp-content\\\/uploads\\\/2021\\\/11\\\/garden-gardening-growth-740x494-1-300x200.jpg 300w, https:\\\/\\\/mesec.si\\\/wp-content\\\/uploads\\\/2021\\\/11\\\/garden-gardening-growth-740x494-1-600x401.jpg 600w&quot;}\" \/><\/div><\/div><\/div><\/div><div class=\"cz_gap show_on_mobile clr\" style=\"height: 25px\"><\/div>[\/vc_column][vc_column width=&#8221;2\/3&#8243;][vc_column_text]Kada vodu koristite za zalijevanje i navodnjavanje proizvoda na vrtu ili napajanje stoke, ali ju pri tome sami ne koristite jer postoji mogu\u0107nost mikrobiolo\u0161kog one\u010di\u0161\u0107enja, radite veliku pogre\u0161ku, jer mora biti i voda za navodnjavaje vrta i napajanje stoke\u00a0<u>mikrobiolo\u0161ki ispravna<\/u>.<\/p>\n<p>Za navodnjavanje i opkrbu \u017eivotinja i ljudi s pitkom vodom, potrebno je osigurati primjerenu mikrobiolo\u0161ki besprijekornu pitku vodu. Patogene mikroorganizme u\u010dinkovito uni\u0161ti UV dezinfekcija. Radi se o fizikalnoj metodi dezinfekcije vode, bez stvaranja kancerogenih nus pojava kao u kloriranja kao\u00a0<a class=\"scale\" href=\"#\"><strong>trihalometani<\/strong>\u00a0<\/a>bez utjecanja na miris i okus vode i s visokim u\u010dinkom uni\u0161tavana patogenih mikroorganizama. S \u0161irokom paletom\u00a0<a class=\"scale\" href=\"\/hr\/kucni-sustavi\/uv-dezinfekcija\/\"><strong>UV sustava<\/strong><\/a>\u00a0kanadskog proizvo\u0111a\u010da\u00a0<strong><a class=\"scale\" href=\"https:\/\/viqua.com\/\" target=\"_blank\" rel=\"noopener\">VIQUA<\/a>\u00a0<\/strong>mo\u017eete si osigurati kvalitetnu pitku vodu iz vlastitog obuhvata. VIQUA nudi UV sustave razli\u010ditih veli\u0107ina i razreda s obzirom na tra\u017eeni protok.[\/vc_column_text][\/vc_column][\/vc_row][vc_row][vc_column]<div class=\"cz_gap clr \" style=\"height: 20px\"><\/div>[vc_separator]<div class=\"cz_gap clr \" style=\"height: 20px\"><\/div>[\/vc_column][\/vc_row][vc_row][vc_column width=&#8221;3\/4&#8243;][vc_column_text]<\/p>\n<h4 class=\"m-od-h5\">Pote\u0161ko\u0107e i rje\u0161enja u pripremi vode iz bu\u0161otina ili bunara<\/h4>\n<p>[\/vc_column_text][vc_column_text]Kada podzemna voda u ve\u0107ini slu\u0107ajeva sadr\u017ei velike koli\u010dine \u017eeljeza i mangana, potrebno je vodu pro\u010distiti za u\u010dinkovito djelovanje sustava UV dezinfekcije. Tu pote\u0161ko\u0107u rje\u0161avamo s\u00a0<strong><u>MESEC FE-KX sustavima<\/u><\/strong>. To su posebno dizajnirani ure\u0111aji za odstranjivanja \u017eeljeza, mangana, sumpor sulfida, krutih \u010destica (3 \u2013 5 mikrometara), COD, BOD, kao i za odstranjivanje Arzena, Radija, Urana i Selena iz vode s pomo\u0107u patentirane i inovativne MESEC KX tehnologije.<\/p>\n<p>U slu\u010daju ve\u0107ih bu\u0161otina i protoka, ugra\u0111uju se<strong>\u00a0MESEC\u00a0<u>hiper-filtracijski sustavi.<\/u><\/strong><br \/>\nMESEC MPF pje\u0161\u0107ane filtere koristimo za filtriranje vode iz povr\u0161inskih obuhvata, bu\u0161otina, stoje\u0107ih voda i na svim onim mjestima gdje bi upotreba druge tehnologije filtriranja dovela do prevelikih tro\u0161kova odr\u017eavanja zbog ponavljaju\u0107e zamjene dubinskih filterskih ulo\u017eaka. U kombinaciji s prikladnim granuliranim medijima mo\u017eemo posti\u0107i visok stupanj filtriranja (5 microna) pri zadovoljavaju\u0107em protoku i niskim protocima povratnog ispiranja. Zbog posebno izabranih filterskih medija ne trebamo priklju\u010denje na komprimirani zrak za podizanje filterskog sloja. Filterski materijal koji se upotrebljava je ZEOSORB\u00ae i idealan je za \u010di\u0161\u0107enje pitke i otpadne vode zbog velike specifi\u010dne povr\u0161ine i selektivne apsorpcije spojeva kao \u0161to su amonijak, otopljene organske \u010destice i mnogi drugi kationi.<\/p>\n<p>Iza njih dolaze ugljeni filteri, koji dolaze u zavr\u0161noj fazi pripreme vode za UV dezinfekciju.[\/vc_column_text][\/vc_column][vc_column width=&#8221;1\/4&#8243;]<div class=\"cz_gap clr \" style=\"height: 40px\"><\/div><div id=\"cz_22579\" data-position=\"top-right\" class=\"cz_22579 cz_image clr cz_image_no_fx center_on_mobile\"><div class=\"\" ><div class=\"cz_image_in\"><div class=\"cz_main_image\"><img decoding=\"async\" width=\"480\" height=\"737\" data-src=\"https:\/\/mesec.si\/wp-content\/smush-avif\/2021\/11\/zeosorb-480x737-1.jpg.avif\" class=\"attachment-full lazyload\" alt=\"Zeosorb\" title=\"zeosorb-480x737\" data-srcset=\"https:\/\/mesec.si\/wp-content\/smush-avif\/2021\/11\/zeosorb-480x737-1.jpg.avif 480w, https:\/\/mesec.si\/wp-content\/smush-avif\/2021\/11\/zeosorb-480x737-1-195x300.jpg.avif 195w\" data-sizes=\"(max-width: 480px) 100vw, 480px\" src=\"data:image\/svg+xml;base64,PHN2ZyB3aWR0aD0iMSIgaGVpZ2h0PSIxIiB4bWxucz0iaHR0cDovL3d3dy53My5vcmcvMjAwMC9zdmciPjwvc3ZnPg==\" style=\"--smush-placeholder-width: 480px; --smush-placeholder-aspect-ratio: 480\/737;\" data-smush-avif-fallback=\"{&quot;data-src&quot;:&quot;https:\\\/\\\/mesec.si\\\/wp-content\\\/uploads\\\/2021\\\/11\\\/zeosorb-480x737-1.jpg&quot;,&quot;data-srcset&quot;:&quot;https:\\\/\\\/mesec.si\\\/wp-content\\\/uploads\\\/2021\\\/11\\\/zeosorb-480x737-1.jpg 480w, https:\\\/\\\/mesec.si\\\/wp-content\\\/uploads\\\/2021\\\/11\\\/zeosorb-480x737-1-195x300.jpg 195w&quot;}\" \/><\/div><\/div><\/div><\/div>[\/vc_column][\/vc_row]<\/p>\n<\/div>","protected":false},"excerpt":{"rendered":"<p>[vc_section][vc_row][vc_column][vc_column_text] Bu\u0161otine i bunari [\/vc_column_text][vc_separator el_width=&#8221;30&#8243;][\/vc_column][\/vc_row][\/vc_section][vc_section][vc_row][vc_column][vc_column_text] Imate vlastiti obuhvat vode ali &#8230; <\/p>\n","protected":false},"author":2,"featured_media":0,"parent":3564,"menu_order":0,"comment_status":"closed","ping_status":"closed","template":"","meta":{"footnotes":""},"class_list":["post-3575","page","type-page","status-publish","hentry"],"_links":{"self":[{"href":"https:\/\/mesec.si\/hr\/wp-json\/wp\/v2\/pages\/3575","targetHints":{"allow":["GET"]}}],"collection":[{"href":"https:\/\/mesec.si\/hr\/wp-json\/wp\/v2\/pages"}],"about":[{"href":"https:\/\/mesec.si\/hr\/wp-json\/wp\/v2\/types\/page"}],"author":[{"embeddable":true,"href":"https:\/\/mesec.si\/hr\/wp-json\/wp\/v2\/users\/2"}],"replies":[{"embeddable":true,"href":"https:\/\/mesec.si\/hr\/wp-json\/wp\/v2\/comments?post=3575"}],"version-history":[{"count":0,"href":"https:\/\/mesec.si\/hr\/wp-json\/wp\/v2\/pages\/3575\/revisions"}],"up":[{"embeddable":true,"href":"https:\/\/mesec.si\/hr\/wp-json\/wp\/v2\/pages\/3564"}],"wp:attachment":[{"href":"https:\/\/mesec.si\/hr\/wp-json\/wp\/v2\/media?parent=3575"}],"curies":[{"name":"wp","href":"https:\/\/api.w.org\/{rel}","templated":true}]}}