{"id":3570,"date":"2021-11-17T11:58:48","date_gmt":"2021-11-17T10:58:48","guid":{"rendered":"http:\/\/w5.mesec.si\/uv-dezinfekcija\/dezevnica\/"},"modified":"2022-01-03T13:14:58","modified_gmt":"2022-01-03T12:14:58","slug":"kisnica","status":"publish","type":"page","link":"https:\/\/mesec.si\/hr\/kucni-sustavi\/uv-dezinfekcija\/kisnica\/","title":{"rendered":"Ki\u0161nica"},"content":{"rendered":"<div class=\"wpb-content-wrapper\"><p>[vc_section][vc_row][vc_column][vc_column_text]<\/p>\n<h1 style=\"text-align: center;\">Ki\u0161nica<\/h1>\n<p>[\/vc_column_text][vc_separator el_width=&#8221;30&#8243;]<div class=\"cz_gap clr  hide_on_mobile\" style=\"height: 50px\"><\/div><div class=\"cz_gap show_on_mobile clr\" style=\"height: 15px\"><\/div>[\/vc_column][\/vc_row][\/vc_section][vc_section][vc_row][vc_column][vc_column_text]<\/p>\n<h3>Razmi\u0161ljate o sakupljanju ki\u0161nice? Dali znate da mo\u017eete s pravilnom obradom koristiti ki\u0161nicu pri svakodnevnim aktivnostima kao \u0161to su npr. zalijevanje doma\u0107eg vrta, tu\u0161iranje te kori\u0161tenje ki\u0161nice za pi\u0107e? Mo\u017eda ve\u010d imate spremnik za ki\u0161nicu i vodu jo\u0161 ne koristite za pi\u0107e?<\/h3>\n<p>[\/vc_column_text][vc_separator][\/vc_column][\/vc_row][vc_row][vc_column width=&#8221;4\/12&#8243;]<div class=\"cz_gap clr \" style=\"height: 30px\"><\/div><div id=\"cz_37534\" data-position=\"top-right\" class=\"cz_37534 cz_image clr cz_image_no_fx center_on_mobile\"><div class=\"\" ><div class=\"cz_image_in\"><div class=\"cz_main_image\"><img decoding=\"async\" width=\"473\" height=\"700\" data-src=\"https:\/\/mesec.si\/wp-content\/smush-avif\/2021\/11\/adorable-boy-child-vertical.jpg.avif\" class=\"attachment-full lazyload\" alt=\"De\u017eevnica - vodni filtri\" title=\"adorable-boy-child-vertical\" data-srcset=\"https:\/\/mesec.si\/wp-content\/smush-avif\/2021\/11\/adorable-boy-child-vertical.jpg.avif 473w, https:\/\/mesec.si\/wp-content\/smush-avif\/2021\/11\/adorable-boy-child-vertical-203x300.jpg.avif 203w\" data-sizes=\"(max-width: 473px) 100vw, 473px\" src=\"data:image\/svg+xml;base64,PHN2ZyB3aWR0aD0iMSIgaGVpZ2h0PSIxIiB4bWxucz0iaHR0cDovL3d3dy53My5vcmcvMjAwMC9zdmciPjwvc3ZnPg==\" style=\"--smush-placeholder-width: 473px; --smush-placeholder-aspect-ratio: 473\/700;\" data-smush-avif-fallback=\"{&quot;data-src&quot;:&quot;https:\\\/\\\/mesec.si\\\/wp-content\\\/uploads\\\/2021\\\/11\\\/adorable-boy-child-vertical.jpg&quot;,&quot;data-srcset&quot;:&quot;https:\\\/\\\/mesec.si\\\/wp-content\\\/uploads\\\/2021\\\/11\\\/adorable-boy-child-vertical.jpg 473w, https:\\\/\\\/mesec.si\\\/wp-content\\\/uploads\\\/2021\\\/11\\\/adorable-boy-child-vertical-203x300.jpg 203w&quot;}\" \/><\/div><\/div><\/div><\/div><div class=\"cz_gap clr  hide_on_mobile\" style=\"height: 0px\"><\/div><div class=\"cz_gap show_on_mobile clr\" style=\"height: 25px\"><\/div>[\/vc_column][vc_column width=&#8221;8\/12&#8243;][vc_column_text]Kada govorimo o sakupljanju ki\u0161nice i njezinoj upotrebi, mo\u017eemo razmi\u0161ljati o jednostavnom sustavu s ba\u010dvom na vrtu u kojeg se sakuplja ki\u0161nica te ju koristiti za zaljevanje doma\u0107ega vrta ili cjelokupan sustav obrade ki\u0161nice koju u krajnjoj fazi mo\u017eemo koristiti i za pi\u0107e.<\/p>\n<p><strong>Ki\u0161nica se upotrebljava za:<\/strong><\/p>\n<p><strong style=\"color: blue;\">\/<\/strong>\u00a0Namakanje i zaljevanje vrtova<\/p>\n<p><strong style=\"color: blue;\">\/<\/strong>\u00a0WC kotli\u0107e, pranje ve\u0161a<\/p>\n<p><strong style=\"color: blue;\">\/<\/strong> Pi\u0107e, kuhanje, tu\u0161iranje.<\/p>\n<p><strong>Kako pride do onesna\u017eenja padavinske vode?<\/strong><\/p>\n<p>Voda pade na zemeljsko povr\u0161je v obliki snega ali de\u017eja. \u010ceprav se padavinsko vodo smatra za relativno \u010disto vodo, je ta trditev dale\u010d od resnice in je padavinska voda \u010dista samo, ko pade iz oblaka. Med potovanjem de\u017enih kapelj skozi atmosfero od oblaka do povr\u0161ja se na njih nabirajo razni plini, pra\u0161ni delci in smog in je voda ob padcu na povr\u0161je onesna\u017eena.<\/p>\n<p>Voda padne na zemaljsku povr\u0161inu u obliku snjega ili ki\u0161e. Iako padalinsku vodu smatramo relativno \u010distom vodom, ova tvrdnja daleko je od istine, jer je padalinska voda \u010dista samo u trenutku kada padne iz oblaka. Na putu ki\u0161nih kapi kroz atmosferu od oblaka do povr\u0161ine, na njima se nakupe razni plinovi, pra\u0161ne \u010destice i smog, i voda je pri padu na povr\u0161inu ve\u010d one\u010di\u0161\u0107ena. Ki\u0161nicu uobi\u010dajeno sakupljamo s krovnih povr\u0161ina, gdje se sakupe razne ne\u010disto\u0107e koje ki\u0161a ispire. Jeseni imamo dodatnu pote\u0161ko\u0107u, uz cvjetnu i finu pra\u0161inu u spremnik vode ulazi i li\u0161\u0107e, koje se nalazi u \u017eljebovima. Kada li\u0161\u0107e, fina pra\u0161ina i druge ne\u010disto\u0107e s ki\u0161nicom dolaze u spremnik i talo\u017ee se na dnu spremnika, po\u0107nu se rastvarati i trunuti. Posljedica trule\u017ei organskih tvari je porast mikroorganizama i mikrobiolo\u0161ko one\u010di\u0161\u0107enje vode. Indikatori trule\u017ei su zamu\u0107enost, neugodan miris i okus vode.\u00a0<strong>Takva voda nije prikladna za zaljevanje, tu\u0161iranje i pi\u0107e.<\/strong>[\/vc_column_text][\/vc_column][\/vc_row][vc_row][vc_column]<div class=\"cz_gap clr \" style=\"height: 50px\"><\/div>[vc_separator]<div class=\"cz_gap clr \" style=\"height: 50px\"><\/div>[\/vc_column][\/vc_row][vc_row][vc_column width=&#8221;3\/4&#8243;][vc_column_text]<strong>Za\u0161to sakupljati i upotrebljavati ki\u0161nicu:<\/strong><\/p>\n<p><strong style=\"color: blue;\">\/\u00a0<\/strong>U slu\u010daju tvrde vode je ki\u0161nica najbolja alternativa jer je mekana voda i zato ne trebamo sustav za omek\u0161ivanje vode.<\/p>\n<p><strong style=\"color: blue;\">\/\u00a0<\/strong>Besplatna je!<\/p>\n<p><strong style=\"color: blue;\">\/\u00a0<\/strong>Imamo vlastiti spremnik u blizini objekta i posljedi\u010dno blizu i instalacije.<\/p>\n<p><strong style=\"color: blue;\">\/\u00a0<\/strong>Smanjujemo potro\u0161nju vode iz javne mre\u017ee te tako i smanjujemo tro\u0161kove.<\/p>\n<p><strong style=\"color: blue;\">\/\u00a0<\/strong>Sakupljanje ki\u0161nice mo\u017ee biti neprocijenljiv izvor vode u izrazito su\u0161nim razdobljima ili ljetnim mjesecima.[\/vc_column_text][\/vc_column][vc_column width=&#8221;1\/4&#8243;]<div class=\"cz_gap clr  hide_on_mobile\" style=\"height: 100px\"><\/div><div class=\"cz_gap show_on_mobile clr\" style=\"height: 10px\"><\/div><div id=\"cz_78611\" data-position=\"top-right\" class=\"cz_78611 cz_image clr cz_image_no_fx center_on_mobile\"><div class=\"\" ><div class=\"cz_image_in\"><div class=\"cz_main_image\"><img decoding=\"async\" width=\"256\" height=\"222\" data-src=\"https:\/\/mesec.si\/wp-content\/smush-avif\/2021\/11\/dez_sod.jpg.avif\" class=\"attachment-full lazyload\" alt=\"De\u017e z de\u017eevnico\" title=\"dez_sod\" src=\"data:image\/svg+xml;base64,PHN2ZyB3aWR0aD0iMSIgaGVpZ2h0PSIxIiB4bWxucz0iaHR0cDovL3d3dy53My5vcmcvMjAwMC9zdmciPjwvc3ZnPg==\" style=\"--smush-placeholder-width: 256px; --smush-placeholder-aspect-ratio: 256\/222;\" data-smush-avif-fallback=\"{&quot;data-src&quot;:&quot;https:\\\/\\\/mesec.si\\\/wp-content\\\/uploads\\\/2021\\\/11\\\/dez_sod.jpg&quot;}\" \/><\/div><\/div><\/div><\/div>[\/vc_column][\/vc_row][vc_row][vc_column]<div class=\"cz_gap clr \" style=\"height: 50px\"><\/div>[vc_separator]<div class=\"cz_gap clr \" style=\"height: 50px\"><\/div>[\/vc_column][\/vc_row][vc_row][vc_column][vc_column_text]<\/p>\n<h3>MESEC Rje\u0161enja za obradu ki\u0161nice<\/h3>\n<hr \/>\n<div class=\"m-bg-dez2\">\n<div class=\"m--dez2\">Preporu\u010dljivo je vodu prije ulaska u objekat dodatno pro\u010distiti. Ako je ki\u0161nica va\u0161 jedini izvor vode odnosno \u017eelite koristiti ki\u0161nicu umjesto vode iz javne mre\u017ee, neophodno ju je primjereno obraditi. Krute \u010destice prvo se odvajaju od vode s pomo\u0107u talo\u017eenja i filtriranja, a patogene mikroorganizme kao bakterije, viruse i protozoe naju\u010dinkovitije uni\u0161timo s UV dezinfekcijom.\u00a0<a class=\"scale\" href=\"https:\/\/viqua.com\/\" target=\"_blank\" rel=\"noopener\"><strong>VIQUA UV<\/strong>\u00a0<\/a>sustavi garantiraju sigurnu, \u010distu i mikrobiolo\u0161ko besprijekornu pitku vodu. VIQUA UV sustavi su certificirani proizvodi kanadske proizvodnje vode\u0107eg proizvo\u0111a\u010da UV sustava. Zahtjevaju minimalno odr\u017eavanje i osiguravaju sigurnu pitku vodu u svakom trenutku.<\/div>\n<\/div>\n<p>U na\u0161em poduze\u0107u smo ponosni na izradu MESEC HVP-UV kombiniranih filterskih i UV dezinfekcijskih sustava koji su rezultat dugogodi\u0161njih iskustava. Kao rezultat istra\u017eivanja i razvoja na podru\u010dju kompaktnih sustava za filtriranje i UV-dezinfekciju vode, razvili smo sustave\u00a0<a class=\"scale\" href=\"https:\/\/e-trgovina.mesec.si\/hvp-uv-vodni-filtri-in-uv-dezinfekcija-vode\/788-mesec-hvp-209q-uv-filtrirni-in-uv-dezinfekcijski-sistem-3830027565834.html\" target=\"_blank\" rel=\"noopener\"><strong>MESEC 209Q<\/strong><\/a>\u00a0i\u00a0<a class=\"scale\" href=\"https:\/\/e-trgovina.mesec.si\/mesec-hvp-uv-uv-dezinfekcija-in-filtracija-za-celoten-objekt\/1546-mesec-hvp-107q-uv-filtrirni-in-uv-dezinfekcijski-sistem.html\" target=\"_blank\" rel=\"noopener\"><strong>MESEC 107Q<\/strong><\/a>, koji su primjereni za obradu ki\u0161nice. Osnova kod oba sustava je kvalitetna trojna filtracija koja je sastavljena iz grubog, finog i ugljenog ulo\u0161ka i zajedno osiguravaju prikladnu kakvo\u0107u vode za optimalnu UV dezinfekciju vode. Okoli\u0161u ljubazna dezinfekcija bez kemikalija garantira 99,99% smanjenje svih mikroorganizama, uklju\u010duju\u0107i E.Coli, Cryptosporidium i Giardiu te osiguravaju \u010distu i mikrobiolo\u0161ko besprijekornu pitku vodu.<\/p>\n<div class=\"m-moder-okvir\">\n<div class=\"m--okvir\">Omogu\u0107ite si sigurnu pitku vodu u vlastitom domu, koju mo\u017eete na jednostavan na\u010din i s minimalnim odr\u017eavanjem osigurati iz sakupljanja padalinske vode.<\/div>\n<\/div>\n<p>[\/vc_column_text][\/vc_column][\/vc_row][\/vc_section]<\/p>\n<\/div>","protected":false},"excerpt":{"rendered":"<p>[vc_section][vc_row][vc_column][vc_column_text] Ki\u0161nica [\/vc_column_text][vc_separator el_width=&#8221;30&#8243;][\/vc_column][\/vc_row][\/vc_section][vc_section][vc_row][vc_column][vc_column_text] Razmi\u0161ljate o sakupljanju ki\u0161nice? Dali znate da &#8230; <\/p>\n","protected":false},"author":2,"featured_media":2841,"parent":3564,"menu_order":0,"comment_status":"closed","ping_status":"closed","template":"","meta":{"footnotes":""},"class_list":["post-3570","page","type-page","status-publish","has-post-thumbnail","hentry"],"_links":{"self":[{"href":"https:\/\/mesec.si\/hr\/wp-json\/wp\/v2\/pages\/3570","targetHints":{"allow":["GET"]}}],"collection":[{"href":"https:\/\/mesec.si\/hr\/wp-json\/wp\/v2\/pages"}],"about":[{"href":"https:\/\/mesec.si\/hr\/wp-json\/wp\/v2\/types\/page"}],"author":[{"embeddable":true,"href":"https:\/\/mesec.si\/hr\/wp-json\/wp\/v2\/users\/2"}],"replies":[{"embeddable":true,"href":"https:\/\/mesec.si\/hr\/wp-json\/wp\/v2\/comments?post=3570"}],"version-history":[{"count":0,"href":"https:\/\/mesec.si\/hr\/wp-json\/wp\/v2\/pages\/3570\/revisions"}],"up":[{"embeddable":true,"href":"https:\/\/mesec.si\/hr\/wp-json\/wp\/v2\/pages\/3564"}],"wp:featuredmedia":[{"embeddable":true,"href":"https:\/\/mesec.si\/hr\/wp-json\/wp\/v2\/media\/2841"}],"wp:attachment":[{"href":"https:\/\/mesec.si\/hr\/wp-json\/wp\/v2\/media?parent=3570"}],"curies":[{"name":"wp","href":"https:\/\/api.w.org\/{rel}","templated":true}]}}