{"id":3541,"date":"2021-11-17T11:56:17","date_gmt":"2021-11-17T10:56:17","guid":{"rendered":"http:\/\/w5.mesec.si\/filtriranje-vode\/kartusni-filtri\/"},"modified":"2022-01-03T12:53:59","modified_gmt":"2022-01-03T11:53:59","slug":"kartusni-filtri","status":"publish","type":"page","link":"https:\/\/mesec.si\/hr\/kucni-sustavi\/filtriranje-vode\/kartusni-filtri\/","title":{"rendered":"Kartu\u0161ni filtri"},"content":{"rendered":"<div class=\"wpb-content-wrapper\"><p>[vc_section][vc_row][vc_column][vc_column_text]<\/p>\n<h1 style=\"text-align: center;\">Kombinirani filteri za vodu<\/h1>\n<p>[\/vc_column_text][vc_separator el_width=&#8221;30&#8243;]<div class=\"cz_gap clr  hide_on_mobile\" style=\"height: 50px\"><\/div><div class=\"cz_gap show_on_mobile clr\" style=\"height: 15px\"><\/div>[\/vc_column][\/vc_row][vc_row][vc_column][vc_column_text]Kombinirani filteri za vodu su namijenjeni za filtriranje vode iz vodovodne mre\u017ee, vlastitih obuhvata, ki\u0161nice, svugdje tamo gdje \u017eelimo na ulazu u objekat vodu dobro mehani\u010dki pro\u010distiti. U kombiniranim filterima MESEC sustavi je usporedno postavljenih vi\u0161e stru\u010dno izabranih filterskih ulo\u017eaka, koji iz vode temeljito o\u010diste mehani\u010dke \u010destice, mulj, klor, lo\u0161 miris ili okus \u2026 Po potrebi mo\u017eemo iza filtera montirati i sustav za UV dezinfekciju koji se pobrine za mikrobiolo\u0161ku besprijekornost vode.<\/p>\n<p><strong><a href=\"\/hisni-sistemi\/uv-dezinfekcija\/\" target=\"_blank\" rel=\"noopener\">Vi\u0161e o UV<\/a><\/strong><\/p>\n<p>Namijenjeni su za kvalitetno vi\u0161estupanjsko filtriranje.<\/p>\n<ul>\n<li>Prvi ulo\u017eak je namijenjen mehani\u010dkoj filtraciji i zadr\u017ei krupne \u010destice te je naj\u010de\u0161\u0107e i perivi ulo\u017eak.<\/li>\n<li>Drugi ulo\u017eak je namijenjen kvalitetnom i preciznijem filtriranju do 5 \u03bcm ili manje.<\/li>\n<li>Tre\u0107i ulo\u017eak sadr\u017ei aktivni ugljen. Taj kvalitetno pro\u0107isti vodu od neugodnog mirisa, okusa, klora, svih insekticidida, pesticida i drugih u vodi otopljenim \u010desticama.<\/li>\n<\/ul>\n<p>[\/vc_column_text][vc_btn title=&#8221;E-trgovina&#8221; style=&#8221;flat&#8221; color=&#8221;primary&#8221; i_icon_fontawesome=&#8221;fas fa-shopping-cart&#8221; add_icon=&#8221;true&#8221; link=&#8221;url:https%3A%2F%2Fe-trgovina.mesec.hr%2F485-kombinirani-filteri-za-vodu|title:Kombinirani%20filteri%20za%20vodu|target:_blank&#8221;][\/vc_column][\/vc_row][vc_row][vc_column]<div class=\"cz_gap clr \" style=\"height: 50px\"><\/div>[vc_separator]<div class=\"cz_gap clr \" style=\"height: 50px\"><\/div>[\/vc_column][\/vc_row][vc_row][vc_column width=&#8221;2\/3&#8243;][vc_column_text]<\/p>\n<h2>Filteri za vodu MESEC Triplex<\/h2>\n<p>[\/vc_column_text]<div class=\"cz_gap clr  hide_on_mobile\" style=\"height: 100px\"><\/div><div class=\"cz_gap show_on_mobile clr\" style=\"height: 20px\"><\/div>[vc_column_text]<\/p>\n<h5>U\u010dinkovito \u0161tite vodovodnu instalaciju, sanitarne armature i opremu od o\u0161teta koju uzrokuju ne\u010disto\u0107e u vodi i vodeni kamenac. Namijenjeni su za monta\u017eu na ulazu u objekat kao centralni sustav za filtriranje vode i neutralizaciju vodenog kamenca (mikro-omek\u0161avanje vode).<\/h5>\n<p>[\/vc_column_text][\/vc_column][vc_column width=&#8221;1\/3&#8243;][vc_single_image image=&#8221;2796&#8243; img_size=&#8221;large&#8221;][\/vc_column][\/vc_row][vc_row][vc_column][vc_column_text]Vi\u0161e-stupanjski filterski sustav MESEC Triplex MS20 Pro garantira odli\u010dno \u010di\u0161\u0107enje vode. U kombiniranom filteru je usporedno postavljenih vi\u0161e stru\u010dno izabranih velikih filterskih ulo\u017eaka veli\u0107ine 20\u2033, koji temeljito o\u010diste mehani\u010dke \u010destice (stupanj filtracije je 5 mcr), mulj, klor, lo\u0161 miris ili okus vode. Specijalni SP ulo\u017eak sprje\u010dava grupiranje vodenog kamenca u krute naslage.<\/p>\n<h4>Opis djelovanja:<\/h4>\n<ul>\n<li>Prvi stupanj: MESEC mTec dubinski filterski ulo\u017eak o\u010disti vodu svih \u010destica ve\u0107ih od 5 mcr<\/li>\n<li>Drugi stupanj: MESEC SP ulo\u017eak s punilom za neutralizaciju vodenog kamenca i korozije (sadr\u017ei Siliphos\u00ae).<\/li>\n<li>Tre\u0107i stupanj: MESEC BAC-20 pro\u010di\u0161\u0107avaju\u010di ulo\u017eak za pobolj\u0161anje okusa i neugodnog mirisa vode, odstranjivanje organskih one\u010di\u0161\u0107iva\u010da (od kokosovog BAC aktivnog ugljena).<\/li>\n<\/ul>\n<p>[\/vc_column_text][vc_btn title=&#8221;E-trgovina&#8221; style=&#8221;flat&#8221; color=&#8221;primary&#8221; i_icon_fontawesome=&#8221;fas fa-shopping-cart&#8221; add_icon=&#8221;true&#8221; link=&#8221;url:https%3A%2F%2Fe-trgovina.mesec.hr%2F495-mesec-triplex-ms-pro|title:MESEC%20Triplex%20%C2%BBMS%C2%AB%20Pro|target:_blank&#8221;][\/vc_column][\/vc_row][\/vc_section][vc_row][vc_column]<div class=\"cz_gap clr \" style=\"height: 50px\"><\/div>[vc_separator]<div class=\"cz_gap clr \" style=\"height: 50px\"><\/div>[\/vc_column][\/vc_row][vc_section][vc_row][vc_column][vc_column_text]<\/p>\n<h4>Primjeri monta\u017ee<\/h4>\n<p>[\/vc_column_text]<div id=\"cz6105\" class=\"cz6105 slick arrows_mlr no_dots\" data-slick='{\"selector\":\"\",\"slidesToShow\":4,\"slidesToScroll\":1,\"rows\":1,\"fade\":false,\"vertical\":false,\"verticalSwiping\":false,\"infinite\":false,\"speed\":1000,\"swipeToSlide\":true,\"centerMode\":false,\"centerPadding\":\"\",\"variableWidth\":false,\"autoplay\":false,\"autoplaySpeed\":4000,\"dots\":true,\"counts\":false,\"responsive\":[{\"breakpoint\":769,\"settings\":{\"slidesToShow\":2,\"slidesToScroll\":1,\"infinite\":true,\"touchMove\":true}},{\"breakpoint\":481,\"settings\":{\"slidesToShow\":1,\"slidesToScroll\":1,\"infinite\":true,\"touchMove\":true}}]}' data-slick-prev=\"fa fa-chevron-left\" data-slick-next=\"fa fa-chevron-right\"><div id=\"cz_63652\" class=\"cz_grid_p cz_63652\"><div class=\"cz_grid cz_grid_1 clr cz_grid_carousel cz_grid_1_no_title cz_grid_1_mid tac cz_tooltip cz_grid_1_no_title\"><div class=\"cz_grid_item cz_grid_first\"><\/div><div class=\"cz_grid_item \"><div data-title=\"Mesec-Triplex-3-576x1024\"><a class=\"cz_grid_link \" href=\"https:\/\/mesec.si\/wp-content\/uploads\/2021\/12\/Mesec-Triplex-3-576x1024-1.jpg\" data-xtra-lightbox><img decoding=\"async\" width=\"576\" height=\"600\" data-src=\"https:\/\/mesec.si\/wp-content\/uploads\/2021\/12\/Mesec-Triplex-3-576x1024-1-576x600.jpg\" class=\"attachment-codevz_600_600 lazyload\" alt=\"Vodni sistem Triplex\" title=\"Mesec-Triplex-3-576x1024\" src=\"data:image\/svg+xml;base64,PHN2ZyB3aWR0aD0iMSIgaGVpZ2h0PSIxIiB4bWxucz0iaHR0cDovL3d3dy53My5vcmcvMjAwMC9zdmciPjwvc3ZnPg==\" style=\"--smush-placeholder-width: 576px; --smush-placeholder-aspect-ratio: 576\/600;\" \/><div class=\"cz_grid_details\"><i class=\"fa fa-search cz_grid_icon\"><\/i><\/div><\/a><\/div><\/div><div class=\"cz_grid_item \"><div data-title=\"Mesec-Triplex-1-576x1024\"><a class=\"cz_grid_link \" href=\"https:\/\/mesec.si\/wp-content\/uploads\/2021\/12\/Mesec-Triplex-1-576x1024-1.jpg\" data-xtra-lightbox><img decoding=\"async\" width=\"576\" height=\"600\" data-src=\"https:\/\/mesec.si\/wp-content\/uploads\/2021\/12\/Mesec-Triplex-1-576x1024-1-576x600.jpg\" class=\"attachment-codevz_600_600 lazyload\" alt=\"Vodni sistem Triplex\" title=\"Mesec-Triplex-1-576x1024\" src=\"data:image\/svg+xml;base64,PHN2ZyB3aWR0aD0iMSIgaGVpZ2h0PSIxIiB4bWxucz0iaHR0cDovL3d3dy53My5vcmcvMjAwMC9zdmciPjwvc3ZnPg==\" style=\"--smush-placeholder-width: 576px; --smush-placeholder-aspect-ratio: 576\/600;\" \/><div class=\"cz_grid_details\"><i class=\"fa fa-search cz_grid_icon\"><\/i><\/div><\/a><\/div><\/div><div class=\"cz_grid_item \"><div data-title=\"Mesec-Triplex-2-576x1024\"><a class=\"cz_grid_link \" href=\"https:\/\/mesec.si\/wp-content\/uploads\/2021\/12\/Mesec-Triplex-2-576x1024-1.jpg\" data-xtra-lightbox><img decoding=\"async\" width=\"576\" height=\"600\" data-src=\"https:\/\/mesec.si\/wp-content\/uploads\/2021\/12\/Mesec-Triplex-2-576x1024-1-576x600.jpg\" class=\"attachment-codevz_600_600 lazyload\" alt=\"Monta\u017ea Mesec Triplex\" title=\"Mesec-Triplex-2-576x1024\" src=\"data:image\/svg+xml;base64,PHN2ZyB3aWR0aD0iMSIgaGVpZ2h0PSIxIiB4bWxucz0iaHR0cDovL3d3dy53My5vcmcvMjAwMC9zdmciPjwvc3ZnPg==\" style=\"--smush-placeholder-width: 576px; --smush-placeholder-aspect-ratio: 576\/600;\" \/><div class=\"cz_grid_details\"><i class=\"fa fa-search cz_grid_icon\"><\/i><\/div><\/a><\/div><\/div><div class=\"cz_grid_item \"><div data-title=\"20151119_123812-576x1024\"><a class=\"cz_grid_link \" href=\"https:\/\/mesec.si\/wp-content\/uploads\/2021\/12\/20151119_123812-576x1024-1.jpg\" data-xtra-lightbox><img decoding=\"async\" width=\"576\" height=\"600\" data-src=\"https:\/\/mesec.si\/wp-content\/uploads\/2021\/12\/20151119_123812-576x1024-1-576x600.jpg\" class=\"attachment-codevz_600_600 lazyload\" alt=\"Primer monta\u017ee vodnega sistema za obdelavo vode\" title=\"20151119_123812-576x1024\" src=\"data:image\/svg+xml;base64,PHN2ZyB3aWR0aD0iMSIgaGVpZ2h0PSIxIiB4bWxucz0iaHR0cDovL3d3dy53My5vcmcvMjAwMC9zdmciPjwvc3ZnPg==\" style=\"--smush-placeholder-width: 576px; --smush-placeholder-aspect-ratio: 576\/600;\" \/><div class=\"cz_grid_details\"><i class=\"fa fa-search cz_grid_icon\"><\/i><\/div><\/a><\/div><\/div><\/div><\/div><\/div><div data-cz-style='#cz6105 .slick-list{margin: 0 -5px;clip-path:inset(0 5px 0 5px)}#cz6105 .slick-slide{margin: 0 5px}'><\/div>[\/vc_column][\/vc_row][\/vc_section]<\/p>\n<\/div>","protected":false},"excerpt":{"rendered":"<p>[vc_section][vc_row][vc_column][vc_column_text] Kombinirani filteri za vodu [\/vc_column_text][vc_separator el_width=&#8221;30&#8243;][\/vc_column][\/vc_row][vc_row][vc_column][vc_column_text]Kombinirani filteri za vodu su &#8230; <\/p>\n","protected":false},"author":2,"featured_media":4232,"parent":3512,"menu_order":0,"comment_status":"closed","ping_status":"closed","template":"","meta":{"footnotes":""},"class_list":["post-3541","page","type-page","status-publish","has-post-thumbnail","hentry"],"_links":{"self":[{"href":"https:\/\/mesec.si\/hr\/wp-json\/wp\/v2\/pages\/3541","targetHints":{"allow":["GET"]}}],"collection":[{"href":"https:\/\/mesec.si\/hr\/wp-json\/wp\/v2\/pages"}],"about":[{"href":"https:\/\/mesec.si\/hr\/wp-json\/wp\/v2\/types\/page"}],"author":[{"embeddable":true,"href":"https:\/\/mesec.si\/hr\/wp-json\/wp\/v2\/users\/2"}],"replies":[{"embeddable":true,"href":"https:\/\/mesec.si\/hr\/wp-json\/wp\/v2\/comments?post=3541"}],"version-history":[{"count":0,"href":"https:\/\/mesec.si\/hr\/wp-json\/wp\/v2\/pages\/3541\/revisions"}],"up":[{"embeddable":true,"href":"https:\/\/mesec.si\/hr\/wp-json\/wp\/v2\/pages\/3512"}],"wp:featuredmedia":[{"embeddable":true,"href":"https:\/\/mesec.si\/hr\/wp-json\/wp\/v2\/media\/4232"}],"wp:attachment":[{"href":"https:\/\/mesec.si\/hr\/wp-json\/wp\/v2\/media?parent=3541"}],"curies":[{"name":"wp","href":"https:\/\/api.w.org\/{rel}","templated":true}]}}