{"id":3527,"date":"2021-11-17T11:52:39","date_gmt":"2021-11-17T10:52:39","guid":{"rendered":"http:\/\/w5.mesec.si\/mehcanje-vode\/"},"modified":"2022-01-03T13:02:26","modified_gmt":"2022-01-03T12:02:26","slug":"omeksavanje-vode","status":"publish","type":"page","link":"https:\/\/mesec.si\/hr\/kucni-sustavi\/omeksavanje-vode\/","title":{"rendered":"Omek\u0161avanje vode"},"content":{"rendered":"<div class=\"wpb-content-wrapper\"><p>[vc_section][vc_row][vc_column][vc_column_text]<\/p>\n<h1 style=\"text-align: center;\">Omek\u0161avanje vode<\/h1>\n<p>[\/vc_column_text][vc_separator el_width=&#8221;30&#8243;]<div class=\"cz_gap clr  hide_on_mobile\" style=\"height: 50px\"><\/div><div class=\"cz_gap show_on_mobile clr\" style=\"height: 15px\"><\/div>[\/vc_column][\/vc_row][\/vc_section][vc_section][vc_row][vc_column][vc_column_text]<\/p>\n<h3>Za\u0161tita od vodenog kamenca<\/h3>\n<p>[\/vc_column_text][vc_separator][\/vc_column][\/vc_row][vc_row][vc_column width=&#8221;2\/3&#8243;][vc_column_text]S promjenom temperature vode (zagrijavanjem) se kalcij i magnezij iz vode lu\u010de u oblik vodenog kamenca.<\/p>\n<p>Temperatura, gdje zapo\u010dinje proces stvaranja vodenog kamenca je razli\u010dita i ovisi od cjelokupnog kemijskog sastava vode. S porastom temperature vode rastu i uvjeti za stvaranje vodenog kamenca.<\/p>\n<p>Vodeni kamenac se polako talo\u017ei u cijevima, na grija\u010dima i sanitarnim armaturama. Rezultat su za\u010depljene cijevi, ve\u0107a potro\u0161nja energije i nepravilno djelovanje sanitarnih armatura. \u010ci\u0161\u0107enje od. odstranjivanje vodenog kamenca, koji uobi\u010dajeno zahtjeva puno truda i vremena te upotreba agresivnih sredstava ne\u0107e biti potrebna, ako \u0107ete odstraniti uzrok, a ne rje\u0161avali se posljedica.[\/vc_column_text][\/vc_column][vc_column width=&#8221;1\/3&#8243;]<div id=\"cz_55615\" data-position=\"top-right\" class=\"cz_55615 cz_image clr cz_image_no_fx center_on_mobile\"><div class=\"\" ><div class=\"cz_image_in\"><div class=\"cz_main_image\"><img decoding=\"async\" width=\"600\" height=\"376\" data-src=\"https:\/\/mesec.si\/wp-content\/uploads\/2021\/11\/modern-minimalist-bathroom-3115450_640-600x376-1.jpg\" class=\"attachment-full lazyload\" alt=\"\" title=\"modern-minimalist-bathroom-3115450_640-600x376\" data-srcset=\"https:\/\/mesec.si\/wp-content\/uploads\/2021\/11\/modern-minimalist-bathroom-3115450_640-600x376-1.jpg 600w, https:\/\/mesec.si\/wp-content\/uploads\/2021\/11\/modern-minimalist-bathroom-3115450_640-600x376-1-300x188.jpg 300w\" data-sizes=\"(max-width: 600px) 100vw, 600px\" src=\"data:image\/svg+xml;base64,PHN2ZyB3aWR0aD0iMSIgaGVpZ2h0PSIxIiB4bWxucz0iaHR0cDovL3d3dy53My5vcmcvMjAwMC9zdmciPjwvc3ZnPg==\" style=\"--smush-placeholder-width: 600px; --smush-placeholder-aspect-ratio: 600\/376;\" \/><\/div><\/div><\/div><\/div><div class=\"cz_gap clr  hide_on_mobile\" style=\"height: 0px\"><\/div><div class=\"cz_gap show_on_mobile clr\" style=\"height: 25px\"><\/div>[\/vc_column][\/vc_row][vc_row][vc_column][vc_column_text]Na odabir je nekoliko tehnologija za omek\u0161avanje vode ili neutralizaciju vodenog kamenca. Pri tome je za korisnika zna\u010dajno razumjeti razliku izme\u0111u tehnologija i njihovim u\u010dinkom. Neutralizatori vodenog kamenca mijenjaju strukturu vodenog kamenca te ga iz vode ne odstrane. Koli\u010dina vodenog kamenca ostaje ista.[\/vc_column_text][\/vc_column][\/vc_row][vc_row][vc_column]<div class=\"cz_gap clr \" style=\"height: 50px\"><\/div>[vc_separator]<div class=\"cz_gap clr \" style=\"height: 50px\"><\/div>[\/vc_column][\/vc_row][\/vc_section][vc_section][vc_row][vc_column width=&#8221;2\/3&#8243;][vc_column_text]<\/p>\n<h3>Ku\u0107ne stanice za vodu \u2013 Kvalitetno filtriranje i omek\u0161avanje vode<\/h3>\n<p>[\/vc_column_text][vc_column_text]Za razliku od svih tehnologija, ionski omek\u0161iva\u010di s ionskom izmjenom fizi\u010dki odstranjuju vodeni kamenac te omogu\u0107avaju mjerenje tvrdo\u0107e prije i iza ure\u0111aja. To je jedini na\u010din da iz vode odstranite otopljeni vodeni kamenac te se pobrinete za kvalitetnu pitku omek\u0161anu vodu. Tako ste se pobrinuli za odli\u010dno pro\u010di\u0161\u0107enu vodu, za\u0161\u010ditu sanitarnih armatura i sprje\u010davanju o\u0161teta koje uzrokuje tvrda voda.<\/p>\n<p><strong><a href=\"\/hr\/hisni-sistemi\/mehcanje-vode\/mehcanje-vode\/\" rel=\"noopener\">Vi\u0161e o MESEC omek\u0161avanju vode<\/a><\/strong>[\/vc_column_text][\/vc_column][vc_column width=&#8221;1\/3&#8243;]<div id=\"cz_59625\" data-position=\"top-right\" class=\"cz_59625 cz_image clr cz_image_no_fx center_on_mobile\"><div class=\"\" ><div class=\"cz_image_in\"><div class=\"cz_main_image\"><img decoding=\"async\" width=\"300\" height=\"197\" data-src=\"https:\/\/mesec.si\/wp-content\/uploads\/2021\/11\/hisna_mehcalna_naprava-1-300x197-2.jpg\" class=\"attachment-full lazyload\" alt=\"\" title=\"hisna_mehcalna_naprava-1-300x197\" src=\"data:image\/svg+xml;base64,PHN2ZyB3aWR0aD0iMSIgaGVpZ2h0PSIxIiB4bWxucz0iaHR0cDovL3d3dy53My5vcmcvMjAwMC9zdmciPjwvc3ZnPg==\" style=\"--smush-placeholder-width: 300px; --smush-placeholder-aspect-ratio: 300\/197;\" \/><\/div><\/div><\/div><\/div>[\/vc_column][\/vc_row][vc_row][vc_column]<div class=\"cz_gap clr \" style=\"height: 70px\"><\/div>[\/vc_column][\/vc_row][\/vc_section][vc_section][vc_row][vc_column width=&#8221;1\/3&#8243;]<div id=\"cz_47837\" class=\"cz_47837 cz_banner clr\">\n\t\t\t<figure class=\"effect-style1\">\n\t\t\t\t<img decoding=\"async\" width=\"673\" height=\"605\" data-src=\"https:\/\/mesec.si\/wp-content\/uploads\/2021\/11\/mesec_mehcalna_naprava_velika.jpg\" class=\"attachment-full lazyload\" alt=\"\" title=\"mesec_mehcalna_naprava_velika\" data-srcset=\"https:\/\/mesec.si\/wp-content\/uploads\/2021\/11\/mesec_mehcalna_naprava_velika.jpg 673w, https:\/\/mesec.si\/wp-content\/uploads\/2021\/11\/mesec_mehcalna_naprava_velika-300x270.jpg 300w, https:\/\/mesec.si\/wp-content\/uploads\/2021\/11\/mesec_mehcalna_naprava_velika-600x539.jpg 600w\" data-sizes=\"(max-width: 673px) 100vw, 673px\" src=\"data:image\/svg+xml;base64,PHN2ZyB3aWR0aD0iMSIgaGVpZ2h0PSIxIiB4bWxucz0iaHR0cDovL3d3dy53My5vcmcvMjAwMC9zdmciPjwvc3ZnPg==\" style=\"--smush-placeholder-width: 673px; --smush-placeholder-aspect-ratio: 673\/605;\" \/>\n\t\t\t\t<figcaption><div><h4>Mesec ionski omek\u0161iva\u010di<\/h4><p class=\"cz_wpe_content\"><span style=\"color: black;\">Ku\u0107na stanica namijenjena je za monta\u017eu na ulazu u objekat, kao centralni sustav za filtriranje i omek\u0161avanje vode s iSoft ionskim omek\u0161iva\u010dem.\u00a0<\/span><\/p><\/div><a href=\"\/hr\/omeksavanje-vode\/mesec-ionski-omeksivaci\/\" title=\"Mesec ionski omek\u0161iva\u010di\" aria-label=\"Mesec ionski omek\u0161iva\u010di\"> <\/a><\/figcaption>\t\t\t\n\t\t\t<\/figure>\n\t\t<\/div><div class=\"cz_gap show_on_mobile clr\" style=\"height: 20px\"><\/div>[\/vc_column][vc_column width=&#8221;1\/3&#8243;]<div id=\"cz_70076\" class=\"cz_70076 cz_banner clr\">\n\t\t\t<figure class=\"effect-style1\">\n\t\t\t\t<img decoding=\"async\" width=\"545\" height=\"501\" data-src=\"https:\/\/mesec.si\/wp-content\/uploads\/2021\/11\/Vulcan_nevtralizacija_vodnega_kamna-1.jpg\" class=\"attachment-full lazyload\" alt=\"\" title=\"Vulcan_nevtralizacija_vodnega_kamna-1\" data-srcset=\"https:\/\/mesec.si\/wp-content\/uploads\/2021\/11\/Vulcan_nevtralizacija_vodnega_kamna-1.jpg 545w, https:\/\/mesec.si\/wp-content\/uploads\/2021\/11\/Vulcan_nevtralizacija_vodnega_kamna-1-300x276.jpg 300w\" data-sizes=\"(max-width: 545px) 100vw, 545px\" src=\"data:image\/svg+xml;base64,PHN2ZyB3aWR0aD0iMSIgaGVpZ2h0PSIxIiB4bWxucz0iaHR0cDovL3d3dy53My5vcmcvMjAwMC9zdmciPjwvc3ZnPg==\" style=\"--smush-placeholder-width: 545px; --smush-placeholder-aspect-ratio: 545\/501;\" \/>\n\t\t\t\t<figcaption><div><h4>Neutralizacija<\/h4><p class=\"cz_wpe_content\"><span style=\"color: black;\">Elektroni\u010dki sustav za\u0161tite od vodenog kamenca i korozije. VULCAN u\u010dinkovito \u0161titi vodovodnu instalaciju, sanitarne armature i opremu od o\u0161teta koju uzrokuje tvrda i vapnenasta voda.<\/span><\/p><\/div><a href=\"\/hr\/omeksavanje-vode\/neutralizacija-vodenog-kamenca\/\" title=\"Neutralizacija vodenog kamenca\" aria-label=\"Neutralizacija vodenog kamenca\"> <\/a><\/figcaption>\t\t\t\n\t\t\t<\/figure>\n\t\t<\/div><div class=\"cz_gap show_on_mobile clr\" style=\"height: 20px\"><\/div>[\/vc_column][vc_column width=&#8221;1\/3&#8243;]<div id=\"cz_47927\" class=\"cz_47927 cz_banner clr\">\n\t\t\t<figure class=\"effect-style1\">\n\t\t\t\t<img decoding=\"async\" width=\"673\" height=\"605\" data-src=\"https:\/\/mesec.si\/wp-content\/uploads\/2021\/11\/mini_due_zascita_naprav_mesec_mehcanje-1.jpg\" class=\"attachment-full lazyload\" alt=\"\" title=\"mini_due_zascita_naprav_mesec_mehcanje-1\" data-srcset=\"https:\/\/mesec.si\/wp-content\/uploads\/2021\/11\/mini_due_zascita_naprav_mesec_mehcanje-1.jpg 673w, https:\/\/mesec.si\/wp-content\/uploads\/2021\/11\/mini_due_zascita_naprav_mesec_mehcanje-1-300x270.jpg 300w, https:\/\/mesec.si\/wp-content\/uploads\/2021\/11\/mini_due_zascita_naprav_mesec_mehcanje-1-600x539.jpg 600w\" data-sizes=\"(max-width: 673px) 100vw, 673px\" src=\"data:image\/svg+xml;base64,PHN2ZyB3aWR0aD0iMSIgaGVpZ2h0PSIxIiB4bWxucz0iaHR0cDovL3d3dy53My5vcmcvMjAwMC9zdmciPjwvc3ZnPg==\" style=\"--smush-placeholder-width: 673px; --smush-placeholder-aspect-ratio: 673\/605;\" \/>\n\t\t\t\t<figcaption><div><h4>Lokalna za\u0161tita<\/h4><p class=\"cz_wpe_content\"><span style=\"color: black;\">Dodavanjem sredstva za mikroomek\u0161avanje u vodu sprje\u010davamo lu\u010denje vodenog kamenca, istovremeno se na grija\u010dima, stijenkama cijevi stvara za\u0161titni sloj, koji ure\u0111aj i instalaciju \u0161titi od korozije.<\/span><\/p><\/div><a href=\"\/hr\/omeksavanje-vode\/lokalna-zastita-uredaja\/\" title=\"Lokalna za\u0161tita ure\u0111aja\" aria-label=\"Lokalna za\u0161tita ure\u0111aja\"> <\/a><\/figcaption>\t\t\t\n\t\t\t<\/figure>\n\t\t<\/div>[\/vc_column][\/vc_row][\/vc_section]<\/p>\n<\/div>","protected":false},"excerpt":{"rendered":"<p>[vc_section][vc_row][vc_column][vc_column_text] Omek\u0161avanje vode [\/vc_column_text][vc_separator el_width=&#8221;30&#8243;][\/vc_column][\/vc_row][\/vc_section][vc_section][vc_row][vc_column][vc_column_text] Za\u0161tita od vodenog kamenca [\/vc_column_text][vc_separator][\/vc_column][\/vc_row][vc_row][vc_column width=&#8221;2\/3&#8243;][vc_column_text]S &#8230; <\/p>\n","protected":false},"author":2,"featured_media":4275,"parent":3628,"menu_order":0,"comment_status":"closed","ping_status":"closed","template":"","meta":{"footnotes":""},"class_list":["post-3527","page","type-page","status-publish","has-post-thumbnail","hentry"],"_links":{"self":[{"href":"https:\/\/mesec.si\/hr\/wp-json\/wp\/v2\/pages\/3527","targetHints":{"allow":["GET"]}}],"collection":[{"href":"https:\/\/mesec.si\/hr\/wp-json\/wp\/v2\/pages"}],"about":[{"href":"https:\/\/mesec.si\/hr\/wp-json\/wp\/v2\/types\/page"}],"author":[{"embeddable":true,"href":"https:\/\/mesec.si\/hr\/wp-json\/wp\/v2\/users\/2"}],"replies":[{"embeddable":true,"href":"https:\/\/mesec.si\/hr\/wp-json\/wp\/v2\/comments?post=3527"}],"version-history":[{"count":0,"href":"https:\/\/mesec.si\/hr\/wp-json\/wp\/v2\/pages\/3527\/revisions"}],"up":[{"embeddable":true,"href":"https:\/\/mesec.si\/hr\/wp-json\/wp\/v2\/pages\/3628"}],"wp:featuredmedia":[{"embeddable":true,"href":"https:\/\/mesec.si\/hr\/wp-json\/wp\/v2\/media\/4275"}],"wp:attachment":[{"href":"https:\/\/mesec.si\/hr\/wp-json\/wp\/v2\/media?parent=3527"}],"curies":[{"name":"wp","href":"https:\/\/api.w.org\/{rel}","templated":true}]}}