{"id":3523,"date":"2021-11-17T11:57:01","date_gmt":"2021-11-17T10:57:01","guid":{"rendered":"http:\/\/w5.mesec.si\/filtriranje-vode\/filtri-za-toplotne-crpalke\/"},"modified":"2022-01-03T13:00:12","modified_gmt":"2022-01-03T12:00:12","slug":"filteri-za-toplotne-crpke","status":"publish","type":"page","link":"https:\/\/mesec.si\/hr\/kucni-sustavi\/filtriranje-vode\/filteri-za-toplotne-crpke\/","title":{"rendered":"Filteri za toplotne crpke"},"content":{"rendered":"<div class=\"wpb-content-wrapper\"><p>[vc_section][vc_row][vc_column][vc_column_text]<\/p>\n<h1 style=\"text-align: center;\">Filteri za toplotne crpke<\/h1>\n<p>[\/vc_column_text][vc_separator el_width=&#8221;30&#8243;]<div class=\"cz_gap clr  hide_on_mobile\" style=\"height: 50px\"><\/div><div class=\"cz_gap show_on_mobile clr\" style=\"height: 15px\"><\/div>[\/vc_column][\/vc_row][\/vc_section][vc_section][vc_row][vc_column][vc_column_text]<\/p>\n<h3>MESEC AT\u010c filteri za vodu su posebno izra\u0111eni za filtriranje vode ispred toplinske crpke voda-voda i garantiraju optimalnu u\u010dinkovitost i jednostavno odr\u017eavanje.<\/h3>\n<p>[\/vc_column_text][vc_column_text]Te za\u0161titu sustava toplinske crpke od u vodi pisutnim \u010desticama, kao npr. pijesak, mulj, hr\u0111a itd. MESEC AT\u010c filter za vodu je obavezan dio opreme za sigurno i neometano djelovanje toplotne crpke.[\/vc_column_text][\/vc_column][\/vc_row][vc_row][vc_column width=&#8221;2\/3&#8243;][vc_column_text]<\/p>\n<h4>Glavne prednosti MESEC AT\u010c:<\/h4>\n<ul>\n<li>Kombinirani sustav odstranjivanja \u010destica s tehnologijom ciklonskog rotiranja i filterske mre\u017ee<\/li>\n<li>Velika povr\u0161ina filterske mre\u017ee, zato je mali pad tlaka na filteru<\/li>\n<li>ABG neutralizator vodenog kamenca smanjuje pote\u0161ko\u0107e od vodenog kamenca<\/li>\n<li>Jednostavno \u010di\u0161\u0107enje filtera s ispusnim ventilom<\/li>\n<\/ul>\n<p>[\/vc_column_text][vc_btn title=&#8221;E-trgovina&#8221; style=&#8221;flat&#8221; color=&#8221;primary&#8221; i_icon_fontawesome=&#8221;fas fa-shopping-cart&#8221; add_icon=&#8221;true&#8221; link=&#8221;url:https%3A%2F%2Fe-trgovina.mesec.hr%2F29-atc-filteri-za-vodu-za-toplotne-crpke-voda-voda|title:AT%C4%8C%20filteri%20za%20vodu%20za%20toplotne%20crpke%20voda-voda|target:_blank&#8221;][\/vc_column][vc_column width=&#8221;1\/3&#8243;]<div id=\"cz_34956\" data-position=\"top-right\" class=\"cz_34956 cz_image clr cz_image_no_fx center_on_mobile\"><div class=\"\" ><div class=\"cz_image_in\"><div class=\"cz_main_image\"><img decoding=\"async\" width=\"500\" height=\"500\" data-src=\"https:\/\/mesec.si\/wp-content\/uploads\/2021\/11\/filtri_za_toplotno_crpalko_atc.jpg\" class=\"attachment-full lazyload\" alt=\"Filtri za toplotno \u010drpalko - AT\u010c\" title=\"filtri_za_toplotno_crpalko_atc\" data-srcset=\"https:\/\/mesec.si\/wp-content\/uploads\/2021\/11\/filtri_za_toplotno_crpalko_atc.jpg 500w, https:\/\/mesec.si\/wp-content\/uploads\/2021\/11\/filtri_za_toplotno_crpalko_atc-300x300.jpg 300w, https:\/\/mesec.si\/wp-content\/uploads\/2021\/11\/filtri_za_toplotno_crpalko_atc-150x150.jpg 150w, https:\/\/mesec.si\/wp-content\/uploads\/2021\/11\/filtri_za_toplotno_crpalko_atc-100x100.jpg 100w\" data-sizes=\"(max-width: 500px) 100vw, 500px\" src=\"data:image\/svg+xml;base64,PHN2ZyB3aWR0aD0iMSIgaGVpZ2h0PSIxIiB4bWxucz0iaHR0cDovL3d3dy53My5vcmcvMjAwMC9zdmciPjwvc3ZnPg==\" style=\"--smush-placeholder-width: 500px; --smush-placeholder-aspect-ratio: 500\/500;\" \/><\/div><\/div><\/div><\/div>[\/vc_column][\/vc_row][vc_row][vc_column]<div class=\"cz_gap clr \" style=\"height: 50px\"><\/div>[\/vc_column][\/vc_row][\/vc_section]<\/p>\n<\/div>","protected":false},"excerpt":{"rendered":"<p>[vc_section][vc_row][vc_column][vc_column_text] Filteri za toplotne crpke [\/vc_column_text][vc_separator el_width=&#8221;30&#8243;][\/vc_column][\/vc_row][\/vc_section][vc_section][vc_row][vc_column][vc_column_text] MESEC AT\u010c filteri za &#8230; <\/p>\n","protected":false},"author":2,"featured_media":2798,"parent":3512,"menu_order":0,"comment_status":"closed","ping_status":"closed","template":"","meta":{"footnotes":""},"class_list":["post-3523","page","type-page","status-publish","has-post-thumbnail","hentry"],"_links":{"self":[{"href":"https:\/\/mesec.si\/hr\/wp-json\/wp\/v2\/pages\/3523","targetHints":{"allow":["GET"]}}],"collection":[{"href":"https:\/\/mesec.si\/hr\/wp-json\/wp\/v2\/pages"}],"about":[{"href":"https:\/\/mesec.si\/hr\/wp-json\/wp\/v2\/types\/page"}],"author":[{"embeddable":true,"href":"https:\/\/mesec.si\/hr\/wp-json\/wp\/v2\/users\/2"}],"replies":[{"embeddable":true,"href":"https:\/\/mesec.si\/hr\/wp-json\/wp\/v2\/comments?post=3523"}],"version-history":[{"count":0,"href":"https:\/\/mesec.si\/hr\/wp-json\/wp\/v2\/pages\/3523\/revisions"}],"up":[{"embeddable":true,"href":"https:\/\/mesec.si\/hr\/wp-json\/wp\/v2\/pages\/3512"}],"wp:featuredmedia":[{"embeddable":true,"href":"https:\/\/mesec.si\/hr\/wp-json\/wp\/v2\/media\/2798"}],"wp:attachment":[{"href":"https:\/\/mesec.si\/hr\/wp-json\/wp\/v2\/media?parent=3523"}],"curies":[{"name":"wp","href":"https:\/\/api.w.org\/{rel}","templated":true}]}}