{"id":3374,"date":"2021-11-17T11:48:34","date_gmt":"2021-11-17T10:48:34","guid":{"rendered":"http:\/\/w5.mesec.si\/kontakt\/"},"modified":"2022-03-03T10:21:11","modified_gmt":"2022-03-03T09:21:11","slug":"kontakt","status":"publish","type":"page","link":"https:\/\/mesec.si\/hr\/o-poduzecu\/kontakt\/","title":{"rendered":"Kontakt"},"content":{"rendered":"<div class=\"wpb-content-wrapper\"><p>[vc_section][vc_row][vc_column width=&#8221;1\/4&#8243;][vc_column_text]\n<\/p>\n<h1 class=\"m--center\">MESEC d.o.o.<\/h1>\n<p><strong>Naslov<\/strong><br \/>\nUl. J. Slavenskog 1<br \/>\n10000 Zagreb, Hrvatska<\/p>\n<p><strong>Telefon<\/strong><br \/>\n<a class=\"scale\" href=\"tel:01\/5615-945\"><strong>01\/5615-945<\/strong><\/a><br \/>\n<a class=\"scale\" href=\"tel:01\/5615-945\"><strong>01\/5615-945<\/strong><\/a><\/p>\n<p><strong>E-mail<\/strong><br \/>\n<strong><a class=\"scale\" href=\"mailto:info@mesec.hr\">info@mesec.hr<\/a><\/strong>[\/vc_column_text]<div id=\"cz_41755\" class=\"cz_41755 cz_social_icons cz_social clr tal\"><a href=\"https:\/\/www.facebook.com\/specialistizavodo\/\" class=\"cz-facebook\" target=\"_blank\" rel=\"noopener noreferrer\" title=\"Facebook\" aria-label=\"Facebook\"><i class=\"fa fa-facebook\"><\/i><\/a><a href=\"https:\/\/www.instagram.com\/mesec_d.o.o\/\" class=\"cz-instagram\" target=\"_blank\" rel=\"noopener noreferrer\" title=\"Instagram\" aria-label=\"Instagram\"><i class=\"fab fa-instagram\"><\/i><\/a><a href=\"https:\/\/www.linkedin.com\/company\/mesec-d-o-o\/\" class=\"cz-linkedin\" target=\"_blank\" rel=\"noopener noreferrer\" title=\"LinkedIn\" aria-label=\"LinkedIn\"><i class=\"fab fa-linkedin\"><\/i><\/a><\/div>[\/vc_column][vc_column width=&#8221;3\/4&#8243;][vc_column_text]<iframe style=\"border: 0;\" data-src=\"https:\/\/www.google.com\/maps\/embed?pb=!1m14!1m8!1m3!1d11069.49554682496!2d14.4851856!3d46.0835243!3m2!1i1024!2i768!4f13.1!3m3!1m2!1s0x0%3A0x1cd55346fde4c0bd!2sMESEC%20d.o.o.%20-%20specialisti%20za%20vodo!5e0!3m2!1ssl!2ssi!4v1637235710589!5m2!1ssl!2ssi\" width=\"100%\" height=\"500\" allowfullscreen=\"allowfullscreen\" src=\"data:image\/svg+xml;base64,PHN2ZyB3aWR0aD0iMSIgaGVpZ2h0PSIxIiB4bWxucz0iaHR0cDovL3d3dy53My5vcmcvMjAwMC9zdmciPjwvc3ZnPg==\" class=\"lazyload\" data-load-mode=\"1\"><\/iframe>[\/vc_column_text][\/vc_column][\/vc_row][\/vc_section][vc_row][vc_column]<div class=\"cz_gap clr \" style=\"height: 50px\"><\/div>[vc_separator]<div class=\"cz_gap clr \" style=\"height: 50px\"><\/div>[\/vc_column][\/vc_row][vc_row][vc_column][vc_column_text]<\/p>\n<h2 style=\"text-align: center;\">Imate kak\u0161no vpra\u0161anje?<\/h2>\n<p style=\"text-align: center;\">Po\u0161ljite nam sporo\u010dilo in na\u0161a strokovna ekipa vam bo dogovorila v najkraj\u0161em mo\u017enem \u010dasu.<\/p>\n<p>[\/vc_column_text]<noscript class=\"ninja-forms-noscript-message\">\n\tNotice: JavaScript is required for this content.<\/noscript>\n<style>\n\n        \/* FIELDS STYLES *\/\n    \n        .nf-form-content .nf-field-container #nf-field-129-wrap {\n                                    background-color:#ffffff;\n                    }\n        .nf-form-content .nf-field-container #nf-field-129-wrap .nf-field-element .ninja-forms-field {\n                                    background-color:#0088ff;\n                    }\n        .nf-form-content .nf-field-container #nf-field-128-wrap .nf-field-element .ninja-forms-field {\n                                    background-color:#0088ff;\n                    }\n    <\/style><div id=\"nf-form-19-cont\" class=\"nf-form-cont\" aria-live=\"polite\" aria-labelledby=\"nf-form-title-19\" aria-describedby=\"nf-form-errors-19\" role=\"form\">\n\n    <div class=\"nf-loading-spinner\"><\/div>\n\n<\/div>\n        <!-- That data is being printed as a workaround to page builders reordering the order of the scripts loaded-->\n        <script>var formDisplay=1;var nfForms=nfForms||[];var form=[];form.id='19';form.settings={\"objectType\":\"Form Setting\",\"editActive\":true,\"title\":\"Kontaktirajte nas\",\"created_at\":\"2021-11-25 09:24:41\",\"default_label_pos\":\"above\",\"show_title\":0,\"clear_complete\":\"1\",\"hide_complete\":\"1\",\"logged_in\":\"\",\"wrapper_class\":\"\",\"element_class\":\"\",\"key\":\"\",\"add_submit\":\"1\",\"currency\":\"\",\"repeatable_fieldsets\":\"\",\"unique_field_error\":\"Obrazec s to vrednostjo je \\u017ee oddan.\",\"not_logged_in_msg\":\"\",\"sub_limit_msg\":\"Obrazec je dosegel omejitev oddaje.\",\"calculations\":[],\"formContentData\":[{\"formContentData\":[{\"order\":1,\"cells\":[{\"order\":0,\"fields\":[\"ime_in_priimek_1637667601391\"],\"width\":\"100\"}]},{\"order\":2,\"cells\":[{\"order\":0,\"fields\":[\"telefon_1637667593472\"],\"width\":\"100\"}]},{\"order\":3,\"cells\":[{\"order\":0,\"fields\":[\"e-mail_1637667584670\"],\"width\":\"100\"}]},{\"order\":4,\"cells\":[{\"order\":0,\"fields\":[\"vprasanje_1637667569721\"],\"width\":\"100\"}]},{\"order\":5,\"cells\":[{\"order\":0,\"fields\":[\"nalozi_datoteko_opcijsko_1637826224564\"],\"width\":\"100\"}]},{\"order\":6,\"cells\":[{\"order\":0,\"fields\":[\"recaptcha_1637826278046\"],\"width\":\"100\"}]},{\"order\":7,\"cells\":[{\"order\":0,\"fields\":[\"html_1637831830313\"],\"width\":\"100\"}]},{\"order\":8,\"cells\":[{\"order\":0,\"fields\":[\"poslji_1637667975524\"],\"width\":\"100\"}]}],\"order\":0,\"type\":\"part\",\"clean\":true,\"title\":\"Part Title\",\"key\":\"smbifhwq\",\"editActive\":true,\"drawerDisabled\":false}],\"changeEmailErrorMsg\":\"VNESITE VELJAVEN ELEKTRONSKI NASLOV!\",\"changeDateErrorMsg\":\"PROSIMO VNESI VELJAVNI DATUM!\",\"confirmFieldErrorMsg\":\"TA POLJA SE MORAJO UJEMATI!\",\"fieldNumberNumMinError\":\"Number Min Error\",\"fieldNumberNumMaxError\":\"Number Max Error\",\"fieldNumberIncrementBy\":\"PROSIMO, POVE\\u010cAJTE ZA\",\"formErrorsCorrectErrors\":\"PROSIMO, POPRAVITE NAPAKE PRED ODDAJTE TEGA OBRAZCA.\",\"validateRequiredField\":\"TO JE OBVEZNO POLJE.\",\"honeypotHoneypotError\":\"NAPAKA HONEYPOT\",\"fieldsMarkedRequired\":\"POLJA OZNA\\u010cENA Z * SO OBVEZNA\",\"drawerDisabled\":false,\"container_styles_show_advanced_css\":\"0\",\"title_styles_show_advanced_css\":\"0\",\"row_styles_show_advanced_css\":\"0\",\"row-odd_styles_show_advanced_css\":\"0\",\"success-msg_styles_show_advanced_css\":\"0\",\"error_msg_styles_show_advanced_css\":\"0\",\"conditions\":[],\"mp_breadcrumb\":\"1\",\"mp_progress_bar\":\"1\",\"mp_display_titles\":\"0\",\"breadcrumb_container_styles_show_advanced_css\":\"0\",\"breadcrumb_buttons_styles_show_advanced_css\":\"0\",\"breadcrumb_button_hover_styles_show_advanced_css\":\"0\",\"breadcrumb_active_button_styles_show_advanced_css\":\"0\",\"progress_bar_container_styles_show_advanced_css\":\"0\",\"progress_bar_fill_styles_show_advanced_css\":\"0\",\"part_titles_styles_show_advanced_css\":\"0\",\"navigation_container_styles_show_advanced_css\":\"0\",\"previous_button_styles_show_advanced_css\":\"0\",\"next_button_styles_show_advanced_css\":\"0\",\"navigation_hover_styles_show_advanced_css\":\"0\",\"container_styles_border\":\"\",\"container_styles_height\":\"\",\"container_styles_margin\":\"\",\"container_styles_padding\":\"\",\"container_styles_float\":\"\",\"title_styles_border\":\"\",\"title_styles_height\":\"\",\"title_styles_width\":\"\",\"title_styles_font-size\":\"\",\"title_styles_margin\":\"\",\"title_styles_padding\":\"\",\"title_styles_float\":\"\",\"row_styles_border\":\"\",\"row_styles_width\":\"\",\"row_styles_font-size\":\"\",\"row_styles_margin\":\"\",\"row_styles_padding\":\"\",\"row-odd_styles_border\":\"\",\"row-odd_styles_height\":\"\",\"row-odd_styles_width\":\"\",\"row-odd_styles_font-size\":\"\",\"row-odd_styles_margin\":\"\",\"row-odd_styles_padding\":\"\",\"success-msg_styles_border\":\"\",\"success-msg_styles_height\":\"\",\"success-msg_styles_width\":\"\",\"success-msg_styles_font-size\":\"\",\"success-msg_styles_margin\":\"\",\"success-msg_styles_padding\":\"\",\"error_msg_styles_border\":\"\",\"error_msg_styles_width\":\"\",\"error_msg_styles_font-size\":\"\",\"error_msg_styles_margin\":\"\",\"error_msg_styles_padding\":\"\",\"mp_prev_label\":\"Nazaj\",\"mp_next_label\":\"Naprej\",\"breadcrumb_container_styles_border\":\"\",\"breadcrumb_container_styles_height\":\"\",\"breadcrumb_container_styles_width\":\"\",\"breadcrumb_container_styles_margin\":\"\",\"breadcrumb_container_styles_padding\":\"\",\"breadcrumb_container_styles_float\":\"\",\"breadcrumb_buttons_styles_border\":\"\",\"breadcrumb_buttons_styles_height\":\"\",\"breadcrumb_buttons_styles_width\":\"\",\"breadcrumb_buttons_styles_font-size\":\"\",\"breadcrumb_buttons_styles_margin\":\"\",\"breadcrumb_buttons_styles_padding\":\"\",\"breadcrumb_buttons_styles_float\":\"\",\"breadcrumb_button_hover_styles_border\":\"\",\"breadcrumb_button_hover_styles_height\":\"\",\"breadcrumb_button_hover_styles_width\":\"\",\"breadcrumb_button_hover_styles_font-size\":\"\",\"breadcrumb_button_hover_styles_margin\":\"\",\"breadcrumb_button_hover_styles_padding\":\"\",\"breadcrumb_button_hover_styles_float\":\"\",\"breadcrumb_active_button_styles_border\":\"\",\"breadcrumb_active_button_styles_height\":\"\",\"breadcrumb_active_button_styles_width\":\"\",\"breadcrumb_active_button_styles_font-size\":\"\",\"breadcrumb_active_button_styles_margin\":\"\",\"breadcrumb_active_button_styles_padding\":\"\",\"breadcrumb_active_button_styles_float\":\"\",\"progress_bar_container_styles_border\":\"\",\"progress_bar_container_styles_height\":\"\",\"progress_bar_container_styles_width\":\"\",\"progress_bar_container_styles_margin\":\"\",\"progress_bar_container_styles_padding\":\"\",\"progress_bar_container_styles_float\":\"\",\"progress_bar_fill_styles_border\":\"\",\"progress_bar_fill_styles_height\":\"\",\"progress_bar_fill_styles_margin\":\"\",\"progress_bar_fill_styles_padding\":\"\",\"part_titles_styles_border\":\"\",\"part_titles_styles_height\":\"\",\"part_titles_styles_width\":\"\",\"part_titles_styles_font-size\":\"\",\"part_titles_styles_margin\":\"\",\"part_titles_styles_padding\":\"\",\"part_titles_styles_float\":\"\",\"navigation_container_styles_border\":\"\",\"navigation_container_styles_height\":\"\",\"navigation_container_styles_width\":\"\",\"navigation_container_styles_margin\":\"\",\"navigation_container_styles_padding\":\"\",\"navigation_container_styles_float\":\"\",\"previous_button_styles_border\":\"\",\"previous_button_styles_height\":\"\",\"previous_button_styles_width\":\"\",\"previous_button_styles_font-size\":\"\",\"previous_button_styles_margin\":\"\",\"previous_button_styles_padding\":\"\",\"next_button_styles_border\":\"\",\"next_button_styles_height\":\"\",\"next_button_styles_width\":\"\",\"next_button_styles_font-size\":\"\",\"next_button_styles_margin\":\"\",\"next_button_styles_padding\":\"\",\"navigation_hover_styles_border\":\"\",\"navigation_hover_styles_height\":\"\",\"navigation_hover_styles_width\":\"\",\"navigation_hover_styles_font-size\":\"\",\"navigation_hover_styles_margin\":\"\",\"navigation_hover_styles_padding\":\"\",\"allow_public_link\":0,\"embed_form\":\"\",\"form_title_heading_level\":\"3\",\"ninjaForms\":\"Ninja Forms\",\"fieldTextareaRTEInsertLink\":\"Insert Link\",\"fieldTextareaRTEInsertMedia\":\"Insert Media\",\"fieldTextareaRTESelectAFile\":\"Select a file\",\"formHoneypot\":\"If you are a human seeing this field, please leave it empty.\",\"fileUploadOldCodeFileUploadInProgress\":\"File Upload in Progress.\",\"fileUploadOldCodeFileUpload\":\"FILE UPLOAD\",\"currencySymbol\":\"&euro;\",\"thousands_sep\":\".\",\"decimal_point\":\".\",\"siteLocale\":\"hr\",\"dateFormat\":\"m\\\/d\\\/Y\",\"startOfWeek\":\"1\",\"of\":\"of\",\"previousMonth\":\"Previous Month\",\"nextMonth\":\"Next Month\",\"months\":[\"January\",\"February\",\"March\",\"April\",\"May\",\"June\",\"July\",\"August\",\"September\",\"October\",\"November\",\"December\"],\"monthsShort\":[\"Jan\",\"Feb\",\"Mar\",\"Apr\",\"May\",\"Jun\",\"Jul\",\"Aug\",\"Sep\",\"Oct\",\"Nov\",\"Dec\"],\"weekdays\":[\"Sunday\",\"Monday\",\"Tuesday\",\"Wednesday\",\"Thursday\",\"Friday\",\"Saturday\"],\"weekdaysShort\":[\"Sun\",\"Mon\",\"Tue\",\"Wed\",\"Thu\",\"Fri\",\"Sat\"],\"weekdaysMin\":[\"Su\",\"Mo\",\"Tu\",\"We\",\"Th\",\"Fr\",\"Sa\"],\"recaptchaConsentMissing\":\"reCaptcha validation couldn&#039;t load.\",\"recaptchaMissingCookie\":\"reCaptcha v3 validation couldn&#039;t load the cookie needed to submit the form.\",\"recaptchaConsentEvent\":\"Accept reCaptcha cookies before sending the form.\",\"currency_symbol\":\"\",\"beforeForm\":\"\",\"beforeFields\":\"\",\"afterFields\":\"\",\"afterForm\":\"\"};form.fields=[{\"objectType\":\"Field\",\"objectDomain\":\"fields\",\"editActive\":false,\"order\":1,\"idAttribute\":\"id\",\"label\":\"Ime in priimek\",\"type\":\"firstname\",\"key\":\"ime_in_priimek_1637667601391\",\"label_pos\":\"above\",\"required\":1,\"default\":\"\",\"placeholder\":\"\",\"container_class\":\"\",\"element_class\":\"\",\"admin_label\":\"\",\"help_text\":\"\",\"custom_name_attribute\":\"fname\",\"personally_identifiable\":1,\"value\":\"\",\"drawerDisabled\":\"\",\"wrap_styles_show_advanced_css\":0,\"label_styles_show_advanced_css\":0,\"element_styles_show_advanced_css\":0,\"cellcid\":\"c4294\",\"field_label\":\"Ime in priimek\",\"field_key\":\"ime_in_priimek_1637667601391\",\"id\":124,\"beforeField\":\"\",\"afterField\":\"\",\"parentType\":\"firstname\",\"element_templates\":[\"firstname\",\"input\"],\"old_classname\":\"\",\"wrap_template\":\"wrap\"},{\"objectType\":\"Field\",\"objectDomain\":\"fields\",\"editActive\":false,\"order\":2,\"idAttribute\":\"id\",\"type\":\"phone\",\"label\":\"Telefon\",\"key\":\"telefon_1637667593472\",\"label_pos\":\"above\",\"required\":1,\"default\":\"\",\"placeholder\":\"\",\"container_class\":\"\",\"element_class\":\"\",\"input_limit\":\"\",\"input_limit_type\":\"characters\",\"input_limit_msg\":\"Character(s) left\",\"manual_key\":\"\",\"admin_label\":\"\",\"help_text\":\"\",\"mask\":\"\",\"custom_mask\":\"\",\"custom_name_attribute\":\"phone\",\"personally_identifiable\":1,\"value\":\"\",\"drawerDisabled\":\"\",\"wrap_styles_show_advanced_css\":0,\"label_styles_show_advanced_css\":0,\"element_styles_show_advanced_css\":0,\"cellcid\":\"c4298\",\"field_label\":\"Telefon\",\"field_key\":\"telefon_1637667593472\",\"id\":125,\"beforeField\":\"\",\"afterField\":\"\",\"parentType\":\"textbox\",\"element_templates\":[\"tel\",\"textbox\",\"input\"],\"old_classname\":\"\",\"wrap_template\":\"wrap\"},{\"objectType\":\"Field\",\"objectDomain\":\"fields\",\"editActive\":false,\"order\":3,\"idAttribute\":\"id\",\"type\":\"email\",\"label\":\"E-mail\",\"key\":\"e-mail_1637667584670\",\"label_pos\":\"above\",\"required\":1,\"default\":\"\",\"placeholder\":\"\",\"container_class\":\"\",\"element_class\":\"\",\"admin_label\":\"\",\"help_text\":\"\",\"custom_name_attribute\":\"email\",\"personally_identifiable\":1,\"value\":\"\",\"drawerDisabled\":\"\",\"wrap_styles_show_advanced_css\":0,\"label_styles_show_advanced_css\":0,\"element_styles_show_advanced_css\":0,\"cellcid\":\"c4301\",\"field_label\":\"E-mail\",\"field_key\":\"e-mail_1637667584670\",\"id\":126,\"beforeField\":\"\",\"afterField\":\"\",\"parentType\":\"email\",\"element_templates\":[\"email\",\"input\"],\"old_classname\":\"\",\"wrap_template\":\"wrap\"},{\"objectType\":\"Field\",\"objectDomain\":\"fields\",\"editActive\":false,\"order\":4,\"idAttribute\":\"id\",\"type\":\"textarea\",\"label\":\"Vpra\\u0161anje\",\"key\":\"vprasanje_1637667569721\",\"label_pos\":\"above\",\"required\":\"\",\"default\":\"\",\"placeholder\":\"\",\"container_class\":\"\",\"element_class\":\"\",\"input_limit\":\"\",\"input_limit_type\":\"characters\",\"input_limit_msg\":\"Character(s) left\",\"manual_key\":\"\",\"admin_label\":\"\",\"help_text\":\"\",\"textarea_rte\":\"\",\"disable_rte_mobile\":\"\",\"textarea_media\":\"\",\"value\":\"\",\"drawerDisabled\":\"\",\"wrap_styles_show_advanced_css\":0,\"label_styles_show_advanced_css\":0,\"element_styles_show_advanced_css\":0,\"cellcid\":\"c4304\",\"field_label\":\"Vpra\\u0161anje\",\"field_key\":\"vprasanje_1637667569721\",\"id\":127,\"beforeField\":\"\",\"afterField\":\"\",\"parentType\":\"textarea\",\"element_templates\":[\"textarea\",\"input\"],\"old_classname\":\"\",\"wrap_template\":\"wrap\"},{\"objectType\":\"Field\",\"objectDomain\":\"fields\",\"editActive\":false,\"order\":5,\"idAttribute\":\"id\",\"label\":\"Nalo\\u017ei datoteko (opcijsko)\",\"type\":\"file_upload\",\"key\":\"nalozi_datoteko_opcijsko_1637826224564\",\"label_pos\":\"above\",\"required\":\"\",\"container_class\":\"\",\"element_class\":\"\",\"manual_key\":\"\",\"help_text\":\"\",\"wrap_styles_border\":\"\",\"wrap_styles_width\":\"\",\"wrap_styles_margin\":\"\",\"wrap_styles_padding\":\"\",\"wrap_styles_float\":\"\",\"wrap_styles_show_advanced_css\":0,\"label_styles_border\":\"\",\"label_styles_width\":\"\",\"label_styles_font-size\":\"\",\"label_styles_margin\":\"\",\"label_styles_padding\":\"\",\"label_styles_float\":\"\",\"label_styles_show_advanced_css\":0,\"element_styles_border\":\"\",\"element_styles_width\":\"\",\"element_styles_font-size\":\"\",\"element_styles_margin\":\"\",\"element_styles_padding\":\"\",\"element_styles_float\":\"\",\"element_styles_show_advanced_css\":0,\"progress_bar_styles_border\":\"\",\"progress_bar_styles_height\":\"\",\"progress_bar_styles_width\":\"\",\"progress_bar_styles_font-size\":\"\",\"progress_bar_styles_margin\":\"\",\"progress_bar_styles_padding\":\"\",\"progress_bar_styles_float\":\"\",\"progress_bar_styles_show_advanced_css\":0,\"progress_bar_background_styles_border\":\"\",\"progress_bar_background_styles_height\":\"\",\"progress_bar_background_styles_width\":\"\",\"progress_bar_background_styles_font-size\":\"\",\"progress_bar_background_styles_margin\":\"\",\"progress_bar_background_styles_padding\":\"\",\"progress_bar_background_styles_float\":\"\",\"progress_bar_background_styles_show_advanced_css\":0,\"upload_files_list_styles_border\":\"\",\"upload_files_list_styles_height\":\"\",\"upload_files_list_styles_width\":\"\",\"upload_files_list_styles_font-size\":\"\",\"upload_files_list_styles_margin\":\"\",\"upload_files_list_styles_padding\":\"\",\"upload_files_list_styles_float\":\"\",\"upload_files_list_styles_show_advanced_css\":0,\"upload_file_delete_styles_border\":\"\",\"upload_file_delete_styles_height\":\"\",\"upload_file_delete_styles_width\":\"\",\"upload_file_delete_styles_font-size\":\"\",\"upload_file_delete_styles_margin\":\"\",\"upload_file_delete_styles_padding\":\"\",\"upload_file_delete_styles_float\":\"\",\"upload_file_delete_styles_show_advanced_css\":0,\"submit_element_hover_styles_border\":\"\",\"submit_element_hover_styles_width\":\"\",\"submit_element_hover_styles_font-size\":\"\",\"submit_element_hover_styles_margin\":\"\",\"submit_element_hover_styles_padding\":\"\",\"submit_element_hover_styles_float\":\"\",\"submit_element_hover_styles_show_advanced_css\":0,\"save_to_server\":1,\"upload_rename\":\"\",\"media_library\":\"false\",\"upload_multi_count\":5,\"upload_types\":\".pdf,.gif,.png,.jpg,.jpeg,.txt,.ascii\",\"max_file_size\":5242880,\"min_file_size\":0,\"select_files_text\":\"Izberite datoteko\",\"cancel_upload_text\":\"Prekli\\u010di\",\"cellcid\":\"c4307\",\"drawerDisabled\":false,\"wrap_styles_background-color\":\"#ffffff\",\"element_styles_background-color\":\"#0088ff\",\"element_styles_advanced\":\"\",\"field_label\":\"Nalo\\u017ei datoteko (opcijsko)\",\"field_key\":\"nalozi_datoteko_opcijsko_1637826224564\",\"desc_text\":\"<p>\\u26a0 V primeru da uporabljate Firefox, datoteke mogo\\u010de ne bo nalo\\u017eilo. Prosimo poskusite z drugim brskalnikom.<br><\\\/p>\",\"id\":129,\"beforeField\":\"\",\"afterField\":\"\",\"value\":\"\",\"parentType\":\"textbox\",\"element_templates\":[\"file_upload\",\"input\"],\"old_classname\":\"\",\"wrap_template\":\"wrap\",\"max_chunk_size\":9437184,\"max_file_size_mb\":5,\"min_file_size_mb\":0,\"uploadNonce\":\"677c6557c0\",\"uploadNonceExpiry\":1777760466},{\"objectType\":\"Field\",\"objectDomain\":\"fields\",\"editActive\":false,\"order\":6,\"idAttribute\":\"id\",\"label\":\"\",\"type\":\"recaptcha\",\"container_class\":\"\",\"element_class\":\"\",\"wrap_styles_border\":\"\",\"wrap_styles_width\":\"\",\"wrap_styles_margin\":\"\",\"wrap_styles_padding\":\"\",\"wrap_styles_float\":\"\",\"wrap_styles_show_advanced_css\":0,\"label_styles_border\":\"\",\"label_styles_width\":\"\",\"label_styles_font-size\":\"\",\"label_styles_margin\":\"\",\"label_styles_padding\":\"\",\"label_styles_float\":\"\",\"label_styles_show_advanced_css\":0,\"size\":\"visible\",\"key\":\"recaptcha_1637826278046\",\"cellcid\":\"c4310\",\"drawerDisabled\":\"\",\"field_label\":\"\",\"field_key\":\"recaptcha_1637826278046\",\"id\":130,\"beforeField\":\"\",\"afterField\":\"\",\"value\":\"\",\"label_pos\":\"above\",\"parentType\":\"textbox\",\"element_templates\":[\"recaptcha\",\"input\"],\"old_classname\":\"\",\"wrap_template\":\"wrap\",\"site_key\":\"6LcgB1odAAAAAJTAXYEXTXrGDBn8WPUwGdjm-SrZ\",\"theme\":\"light\",\"lang\":\"sl\"},{\"objectType\":\"Field\",\"objectDomain\":\"fields\",\"editActive\":false,\"order\":7,\"idAttribute\":\"id\",\"label\":\"HTML\",\"type\":\"html\",\"default\":\"Z klikom na gumb po\\u0161lji, se strinjam in potrjujem, da sem seznanjen s pogoji o uporabi spletne strani Mesec d.o.o. Vsi osebni podatki se uporabljajo izklju\\u010dno za namene izvajanja na\\u0161ih storitev. Ve\\u010d o tem na spodnji povezavi. <a href=\\\"\\\/wp-content\\\/uploads\\\/2021\\\/11\\\/Izjava_varstvo_osebnih_podatkov.pdf\\\" target=\\\"_blank\\\">Izjava o varstvu osebnih podatkov.<\\\/a>\",\"container_class\":\"\",\"element_class\":\"\",\"wrap_styles_border\":\"\",\"wrap_styles_width\":\"\",\"wrap_styles_margin\":\"\",\"wrap_styles_padding\":\"\",\"wrap_styles_float\":\"\",\"wrap_styles_show_advanced_css\":0,\"label_styles_border\":\"\",\"label_styles_width\":\"\",\"label_styles_font-size\":\"\",\"label_styles_margin\":\"\",\"label_styles_padding\":\"\",\"label_styles_float\":\"\",\"label_styles_show_advanced_css\":0,\"element_styles_border\":\"\",\"element_styles_width\":\"\",\"element_styles_font-size\":\"\",\"element_styles_margin\":\"\",\"element_styles_padding\":\"\",\"element_styles_float\":\"\",\"element_styles_show_advanced_css\":0,\"key\":\"html_1637831830313\",\"cellcid\":\"c4313\",\"drawerDisabled\":false,\"admin_label\":\"\",\"id\":253,\"beforeField\":\"\",\"afterField\":\"\",\"value\":\"Z klikom na gumb po\\u0161lji, se strinjam in potrjujem, da sem seznanjen s pogoji o uporabi spletne strani Mesec d.o.o. Vsi osebni podatki se uporabljajo izklju\\u010dno za namene izvajanja na\\u0161ih storitev. Ve\\u010d o tem na spodnji povezavi. <a href=\\\"\\\/wp-content\\\/uploads\\\/2021\\\/11\\\/Izjava_varstvo_osebnih_podatkov.pdf\\\" target=\\\"_blank\\\">Izjava o varstvu osebnih podatkov.<\\\/a>\",\"label_pos\":\"above\",\"parentType\":\"html\",\"element_templates\":[\"html\",\"input\"],\"old_classname\":\"\",\"wrap_template\":\"wrap\"},{\"objectType\":\"Field\",\"objectDomain\":\"fields\",\"editActive\":false,\"order\":8,\"idAttribute\":\"id\",\"type\":\"submit\",\"label\":\"Po\\u0161lji\",\"processing_label\":\"Procesiranje\",\"container_class\":\"\",\"element_class\":\"\",\"key\":\"poslji_1637667975524\",\"drawerDisabled\":false,\"wrap_styles_show_advanced_css\":0,\"element_styles_show_advanced_css\":0,\"submit_element_hover_styles_show_advanced_css\":0,\"cellcid\":\"c4316\",\"wrap_styles_border\":\"\",\"wrap_styles_width\":\"\",\"wrap_styles_margin\":\"\",\"wrap_styles_padding\":\"\",\"wrap_styles_float\":\"\",\"element_styles_background-color\":\"#0088ff\",\"element_styles_border\":\"\",\"element_styles_width\":\"\",\"element_styles_font-size\":\"\",\"element_styles_margin\":\"\",\"element_styles_padding\":\"\",\"element_styles_float\":\"\",\"submit_element_hover_styles_border\":\"\",\"submit_element_hover_styles_width\":\"\",\"submit_element_hover_styles_font-size\":\"\",\"submit_element_hover_styles_margin\":\"\",\"submit_element_hover_styles_padding\":\"\",\"submit_element_hover_styles_float\":\"\",\"field_label\":\"Po\\u0161lji\",\"field_key\":\"poslji_1637667975524\",\"admin_label\":\"\",\"id\":128,\"beforeField\":\"\",\"afterField\":\"\",\"value\":\"\",\"label_pos\":\"above\",\"parentType\":\"textbox\",\"element_templates\":[\"submit\",\"button\",\"input\"],\"old_classname\":\"\",\"wrap_template\":\"wrap-no-label\"}];nfForms.push(form);<\/script>\n        <script id=\"tmpl-nf-mp-form-content\" type=\"text\/template\">\n\t<div class=\"nf-mp-header\"><\/div>\n\t<div class=\"nf-mp-body\"><\/div>\n\t<div class=\"nf-mp-footer\"><\/div>\n<\/script>\n\n<script id=\"tmpl-nf-mp-header\" type=\"text\/template\">\n\t{{{ data.renderProgressBar() }}}\n\t{{{ data.renderBreadcrumbs() }}}\n\t{{{ data.renderPartTitle() }}}\n<\/script>\n<script id=\"tmpl-nf-mp-part-title\" type=\"text\/template\">\n\t<h3>\n\t\t{{{ data.title }}}\n\t<\/h3>\n<\/script>\n\n<script id=\"tmpl-nf-mp-footer\" type=\"text\/template\">\n\t{{{ data.renderNextPrevious() }}}\n<\/script>\n\n<script id=\"tmpl-nf-mp-next-previous\" type=\"text\/template\">\n\t<ul class=\"nf-next-previous\">\n\t\t<# if ( data.showPrevious ) { #>\n\t\t<li class=\"nf-previous-item\">\n\t\t\t<input type=\"button\" class=\"nf-previous\" value=\"{{{ data.prevLabel }}}\" \/>\n\t\t<\/li>\n\t\t<# } #>\n\n\t\t<# if ( data.showNext ) { #>\n\t\t<li class=\"nf-next-item\">\n\t\t\t<input type=\"button\" class=\"nf-next\" value=\"{{{ data.nextLabel }}}\" \/>\n\t\t<\/li>\n\t\t<# } #>\n\t<\/ul>\n<\/script>\n\n<script id=\"tmpl-nf-mp-breadcrumbs\" type=\"text\/template\">\n\t<ul class=\"nf-breadcrumbs\">\n\t\t<# _.each( data.parts, function( part, index ) { #>\n\t\t<li class=\"{{{ ( data.currentIndex == index ) ? 'active' : '' }}} {{{ ( part.errors ) ? 'errors' : '' }}}\">\n\t\t\t<a href=\"#\" class=\"nf-breadcrumb\" data-index=\"{{{ index }}}\">{{{ ( part.errors ) ? '' : '' }}} {{{ part.title }}}<\/a>\n\t\t<\/li>\n\t\t<# } ); #>\n\t<\/ul>\n<\/script>\n\n<script id=\"tmpl-nf-mp-progress-bar\" type=\"text\/template\">\n    <div class=\"nf-progress-container\">\n        <div class=\"nf-progress\" style=\"width: {{{ data.percent }}}%;\"><\/div>\n    <\/div>\n<\/script>        <script id=\"nf-tmpl-cell\" type=\"text\/template\">\n            <nf-fields><\/nf-fields>\n        <\/script>\n\n        <script id=\"nf-tmpl-row\" type=\"text\/template\">\n            <nf-cells><\/nf-cells>\n        <\/script>\n\n        [\/vc_column][\/vc_row]<\/p>\n<\/div>","protected":false},"excerpt":{"rendered":"<p>[vc_section][vc_row][vc_column width=&#8221;1\/4&#8243;][vc_column_text] MESEC d.o.o. Naslov Ul. J. Slavenskog 1 10000 Zagreb, &#8230; <\/p>\n","protected":false},"author":2,"featured_media":2968,"parent":3641,"menu_order":0,"comment_status":"closed","ping_status":"closed","template":"","meta":{"footnotes":""},"class_list":["post-3374","page","type-page","status-publish","has-post-thumbnail","hentry"],"_links":{"self":[{"href":"https:\/\/mesec.si\/hr\/wp-json\/wp\/v2\/pages\/3374","targetHints":{"allow":["GET"]}}],"collection":[{"href":"https:\/\/mesec.si\/hr\/wp-json\/wp\/v2\/pages"}],"about":[{"href":"https:\/\/mesec.si\/hr\/wp-json\/wp\/v2\/types\/page"}],"author":[{"embeddable":true,"href":"https:\/\/mesec.si\/hr\/wp-json\/wp\/v2\/users\/2"}],"replies":[{"embeddable":true,"href":"https:\/\/mesec.si\/hr\/wp-json\/wp\/v2\/comments?post=3374"}],"version-history":[{"count":0,"href":"https:\/\/mesec.si\/hr\/wp-json\/wp\/v2\/pages\/3374\/revisions"}],"up":[{"embeddable":true,"href":"https:\/\/mesec.si\/hr\/wp-json\/wp\/v2\/pages\/3641"}],"wp:featuredmedia":[{"embeddable":true,"href":"https:\/\/mesec.si\/hr\/wp-json\/wp\/v2\/media\/2968"}],"wp:attachment":[{"href":"https:\/\/mesec.si\/hr\/wp-json\/wp\/v2\/media?parent=3374"}],"curies":[{"name":"wp","href":"https:\/\/api.w.org\/{rel}","templated":true}]}}